{"id":15178,"date":"2025-02-20T12:46:07","date_gmt":"2025-02-20T12:46:07","guid":{"rendered":"https:\/\/freeshopswiss.alesca.org\/?post_type=product&#038;p=15178"},"modified":"2025-04-03T07:35:43","modified_gmt":"2025-04-03T07:35:43","slug":"creed-millesime-men-aventus-eau-de-parfum-50ml","status":"publish","type":"product","link":"https:\/\/www.freeshopfrontiera.ch\/fr\/shop\/creed-millesime-men-aventus-eau-de-parfum-50ml\/","title":{"rendered":"CREED Millesime Men Aventus 50ml"},"content":{"rendered":"<p data-start=\"0\" data-end=\"503\"><strong>CREED Millesime Men Aventus<\/strong> est bien plus qu\u2019un parfum ; c\u2019est une v\u00e9ritable d\u00e9claration de puissance, de sophistication et de confiance. Ce parfum embl\u00e9matique incarne l&rsquo;\u00e9quilibre parfait entre fra\u00eecheur, force et \u00e9l\u00e9gance, se distinguant comme une ic\u00f4ne parmi les parfums masculins modernes. Il s&rsquo;ouvre sur des notes de t\u00eate \u00e9clatantes et dynamiques de citron, de poivre rose et de bergamote italienne, offrant une premi\u00e8re impression vivifiante qui capte instantan\u00e9ment l&rsquo;attention avec sa fra\u00eecheur tonifiante.<\/p>\n<p data-start=\"505\" data-end=\"920\">Au c\u0153ur de cette composition, des notes exquises et exotiques \u00e9mergent, notamment l&rsquo;ananas juteux, qui ajoute une touche fruit\u00e9e sucr\u00e9e et vive, le jasmin d\u00e9licat qui \u00e9quilibre la structure florale et le patchouli indon\u00e9sien, offrant une profondeur bois\u00e9e et terreuse. Cette combinaison donne naissance \u00e0 une fragrance riche, \u00e0 la fois rafra\u00eechissante et sensuelle, qui \u00e9voque l\u2019\u00e9l\u00e9gance tout en restant audacieuse.<\/p>\n<p data-start=\"922\" data-end=\"1308\">Les notes de fond d&rsquo;Aventus sont tout aussi raffin\u00e9es et durables, avec un m\u00e9lange bois\u00e9 de mousse de ch\u00eane et de bois de c\u00e8dre qui enveloppe la composition, lui conf\u00e9rant une base \u00e9l\u00e9gante et naturelle. La pr\u00e9sence d\u2019ambroxan, un ingr\u00e9dient signature de la maison Creed, ajoute \u00e0 la fragrance une dimension myst\u00e9rieuse et complexe, renfor\u00e7ant cette sensation de pouvoir et de charisme.<\/p>\n<p data-start=\"1310\" data-end=\"1756\" data-is-last-node=\"\" data-is-only-node=\"\">CREED Millesime Men Aventus est un parfum qui symbolise le succ\u00e8s et l\u2019ambition, parfaitement adapt\u00e9 \u00e0 l&rsquo;homme moderne qui recherche une signature olfactive marquante et pleine de caract\u00e8re. Il est l&rsquo;expression m\u00eame de la r\u00e9ussite, un parfum audacieux qui met en lumi\u00e8re une personnalit\u00e9 forte, confiante et d\u00e9termin\u00e9e. Un v\u00e9ritable hommage \u00e0 l&rsquo;\u00e9l\u00e9gance intemporelle, <em data-start=\"1658\" data-end=\"1667\">Aventus<\/em> est un choix id\u00e9al pour ceux qui veulent laisser une empreinte m\u00e9morable et authentique.<\/p>\n<p>Suivez toutes nos actualit\u00e9s! <a href=\"https:\/\/www.instagram.com\/freeshopswiss\/\" target=\"_blank\" rel=\"noopener\">@freeshopswiss<\/a><\/p>\n","protected":false},"excerpt":{"rendered":"<p><em><strong>Eau de Parfum<\/strong><\/em><\/p>\n","protected":false},"featured_media":16130,"comment_status":"open","ping_status":"closed","template":"","meta":[],"pwb-brand":[403],"product_brand":[],"product_cat":[87,89],"product_tag":[252,1629,143,97],"class_list":{"0":"post-15178","1":"product","2":"type-product","3":"status-publish","4":"has-post-thumbnail","6":"pwb-brand-creed","7":"product_cat-parfums","8":"product_cat-pour-lui","9":"product_tag-eau-de-parfum-fr","10":"product_tag-mens-fragrances-fr","11":"product_tag-homme","12":"product_tag-parfums","14":"first","15":"instock","16":"taxable","17":"shipping-taxable","18":"purchasable","19":"product-type-variable"},"brands":[{"id":403,"name":"Creed","slug":"creed"}],"_links":{"self":[{"href":"https:\/\/www.freeshopfrontiera.ch\/fr\/wp-json\/wp\/v2\/product\/15178","targetHints":{"allow":["GET"]}}],"collection":[{"href":"https:\/\/www.freeshopfrontiera.ch\/fr\/wp-json\/wp\/v2\/product"}],"about":[{"href":"https:\/\/www.freeshopfrontiera.ch\/fr\/wp-json\/wp\/v2\/types\/product"}],"replies":[{"embeddable":true,"href":"https:\/\/www.freeshopfrontiera.ch\/fr\/wp-json\/wp\/v2\/comments?post=15178"}],"version-history":[{"count":5,"href":"https:\/\/www.freeshopfrontiera.ch\/fr\/wp-json\/wp\/v2\/product\/15178\/revisions"}],"predecessor-version":[{"id":18249,"href":"https:\/\/www.freeshopfrontiera.ch\/fr\/wp-json\/wp\/v2\/product\/15178\/revisions\/18249"}],"wp:featuredmedia":[{"embeddable":true,"href":"https:\/\/www.freeshopfrontiera.ch\/fr\/wp-json\/wp\/v2\/media\/16130"}],"wp:attachment":[{"href":"https:\/\/www.freeshopfrontiera.ch\/fr\/wp-json\/wp\/v2\/media?parent=15178"}],"wp:term":[{"taxonomy":"pwb-brand","embeddable":true,"href":"https:\/\/www.freeshopfrontiera.ch\/fr\/wp-json\/wp\/v2\/pwb-brand?post=15178"},{"taxonomy":"product_brand","embeddable":true,"href":"https:\/\/www.freeshopfrontiera.ch\/fr\/wp-json\/wp\/v2\/product_brand?post=15178"},{"taxonomy":"product_cat","embeddable":true,"href":"https:\/\/www.freeshopfrontiera.ch\/fr\/wp-json\/wp\/v2\/product_cat?post=15178"},{"taxonomy":"product_tag","embeddable":true,"href":"https:\/\/www.freeshopfrontiera.ch\/fr\/wp-json\/wp\/v2\/product_tag?post=15178"}],"curies":[{"name":"wp","href":"https:\/\/api.w.org\/{rel}","templated":true}]}}