{"id":15256,"date":"2025-02-20T16:22:49","date_gmt":"2025-02-20T16:22:49","guid":{"rendered":"https:\/\/freeshopswiss.alesca.org\/shop\/gucci-flora-gorgeous-magnolia-eau-de-parfum\/"},"modified":"2025-03-12T10:43:42","modified_gmt":"2025-03-12T10:43:42","slug":"gucci-flora-gorgeous-magnolia-eau-de-parfum","status":"publish","type":"product","link":"https:\/\/www.freeshopfrontiera.ch\/fr\/shop\/gucci-flora-gorgeous-magnolia-eau-de-parfum\/","title":{"rendered":"GUCCI Flora Gorgeous Magnolia"},"content":{"rendered":"<p data-start=\"0\" data-end=\"485\"><strong>Gucci Flora Gorgeous Magnolia<\/strong> est un parfum captivant qui symbolise la force int\u00e9rieure et le raffinement f\u00e9minin, alliant fra\u00eecheur, sensualit\u00e9 et \u00e9l\u00e9gance dans une composition florale moderne. Il est domin\u00e9 par l&rsquo;Essence de Magnolia, une fleur lumineuse et majestueuse, symbolisant la beaut\u00e9 pure et la f\u00e9minit\u00e9. La magnolia est accompagn\u00e9e d&rsquo;un accord fruit\u00e9 de M\u00fbre, ajoutant une touche juteuse et sucr\u00e9e qui enrichit l&rsquo;odeur initiale, tout en apportant une sensation de fra\u00eecheur.<\/p>\n<p data-start=\"487\" data-end=\"890\">Cette fragrance d\u00e9licate mais puissante \u00e9volue au fur et \u00e0 mesure qu\u2019elle se d\u00e9ploie sur la peau. L&rsquo;Essence de Patchouli, utilis\u00e9e en c\u0153ur de composition, lui donne une profondeur et une chaleur qui s\u2019harmonisent parfaitement avec les Bois Clairs, cr\u00e9ant une base douce et sensuelle. Ce duo apporte une dimension chaleureuse et intemporelle, tout en accentuant le caract\u00e8re frais et \u00e9l\u00e9gant du magnolia.<\/p>\n<p data-start=\"892\" data-end=\"1310\">Pour renforcer cette harmonie, l&rsquo;Accord de Coco introduit une touche douce et cr\u00e9meuse, apportant une fra\u00eecheur vanill\u00e9e irr\u00e9sistible. Cette note se marie subtilement \u00e0 l&rsquo;Absolue de Jasmin Sambac, dont l\u2019intensit\u00e9 verte et chaude enveloppe la peau d\u2019une profondeur envo\u00fbtante. Le jasmin, tout en \u00e9tant complexe et captivant, s\u2019allie avec une tra\u00een\u00e9e de Musc doux, laissant une empreinte olfactive durable et sensuelle.<\/p>\n<p data-start=\"1312\" data-end=\"1838\" data-is-last-node=\"\" data-is-only-node=\"\">Gucci Flora Gorgeous Magnolia incarne une f\u00e9minit\u00e9 moderne, audacieuse et raffin\u00e9e, id\u00e9ale pour une femme en qu\u00eate d\u2019un parfum qui souligne son \u00e9l\u00e9gance naturelle tout en exprimant sa sensualit\u00e9. Que ce soit pour un \u00e9v\u00e9nement formel, une sortie d\u00e9contract\u00e9e ou m\u00eame un moment intime, ce parfum se r\u00e9v\u00e8le parfait pour toutes les occasions. Gr\u00e2ce \u00e0 son \u00e9quilibre subtil entre fra\u00eecheur, douceur et profondeur, il s\u00e9duit par sa capacit\u00e9 \u00e0 s\u2019adapter \u00e0 toutes les personnalit\u00e9s, tout en restant une signature olfactive inoubliable.<\/p>\n<p data-start=\"1021\" data-end=\"1210\">Follow us! <a href=\"https:\/\/www.instagram.com\/freeshopswiss\/\" target=\"_blank\" rel=\"noopener\">@freeshopswiss<\/a><\/p>\n","protected":false},"excerpt":{"rendered":"<p><em><strong>Eau de Parfum<\/strong><\/em><\/p>\n","protected":false},"featured_media":15242,"comment_status":"open","ping_status":"closed","template":"","meta":[],"pwb-brand":[270],"product_brand":[],"product_cat":[138,87,109],"product_tag":[252,296,789,278,97,4367],"class_list":{"0":"post-15256","1":"product","2":"type-product","3":"status-publish","4":"has-post-thumbnail","6":"pwb-brand-gucci","7":"product_cat-offre","8":"product_cat-parfums","9":"product_cat-pour-elle","10":"product_tag-eau-de-parfum-fr","11":"product_tag-femme","12":"product_tag-womens-fragrances-fr","13":"product_tag-offre","14":"product_tag-parfums","15":"product_tag-special-printemps","17":"first","18":"instock","19":"sale","20":"taxable","21":"shipping-taxable","22":"purchasable","23":"product-type-variable","24":"has-default-attributes"},"brands":[{"id":270,"name":"Gucci","slug":"gucci"}],"_links":{"self":[{"href":"https:\/\/www.freeshopfrontiera.ch\/fr\/wp-json\/wp\/v2\/product\/15256","targetHints":{"allow":["GET"]}}],"collection":[{"href":"https:\/\/www.freeshopfrontiera.ch\/fr\/wp-json\/wp\/v2\/product"}],"about":[{"href":"https:\/\/www.freeshopfrontiera.ch\/fr\/wp-json\/wp\/v2\/types\/product"}],"replies":[{"embeddable":true,"href":"https:\/\/www.freeshopfrontiera.ch\/fr\/wp-json\/wp\/v2\/comments?post=15256"}],"version-history":[{"count":4,"href":"https:\/\/www.freeshopfrontiera.ch\/fr\/wp-json\/wp\/v2\/product\/15256\/revisions"}],"predecessor-version":[{"id":18247,"href":"https:\/\/www.freeshopfrontiera.ch\/fr\/wp-json\/wp\/v2\/product\/15256\/revisions\/18247"}],"wp:featuredmedia":[{"embeddable":true,"href":"https:\/\/www.freeshopfrontiera.ch\/fr\/wp-json\/wp\/v2\/media\/15242"}],"wp:attachment":[{"href":"https:\/\/www.freeshopfrontiera.ch\/fr\/wp-json\/wp\/v2\/media?parent=15256"}],"wp:term":[{"taxonomy":"pwb-brand","embeddable":true,"href":"https:\/\/www.freeshopfrontiera.ch\/fr\/wp-json\/wp\/v2\/pwb-brand?post=15256"},{"taxonomy":"product_brand","embeddable":true,"href":"https:\/\/www.freeshopfrontiera.ch\/fr\/wp-json\/wp\/v2\/product_brand?post=15256"},{"taxonomy":"product_cat","embeddable":true,"href":"https:\/\/www.freeshopfrontiera.ch\/fr\/wp-json\/wp\/v2\/product_cat?post=15256"},{"taxonomy":"product_tag","embeddable":true,"href":"https:\/\/www.freeshopfrontiera.ch\/fr\/wp-json\/wp\/v2\/product_tag?post=15256"}],"curies":[{"name":"wp","href":"https:\/\/api.w.org\/{rel}","templated":true}]}}