{"id":15663,"date":"2025-02-24T16:30:34","date_gmt":"2025-02-24T16:30:34","guid":{"rendered":"https:\/\/freeshopswiss.alesca.org\/shop\/bulgari-pour-homme-eau-de-toilette\/"},"modified":"2025-03-12T10:43:12","modified_gmt":"2025-03-12T10:43:12","slug":"bulgari-pour-homme-eau-de-toilette","status":"publish","type":"product","link":"https:\/\/www.freeshopfrontiera.ch\/fr\/shop\/bulgari-pour-homme-eau-de-toilette\/","title":{"rendered":"BULGARI Pour Homme"},"content":{"rendered":"<p data-start=\"3277\" data-end=\"3611\"><strong>BULGARI Pour Homme Eau de Toilette<\/strong> 100ml est une fragrance raffin\u00e9e et \u00e9l\u00e9gante, con\u00e7ue pour l&rsquo;homme moderne qui souhaite exprimer sa personnalit\u00e9 avec style et distinction. Cr\u00e9\u00e9e par le ma\u00eetre parfumeur Jacques Cavallier, cette eau de toilette se distingue par une composition olfactive qui allie fra\u00eecheur, sensualit\u00e9 et profondeur.<\/p>\n<p data-start=\"3613\" data-end=\"4059\">Les notes de t\u00eate sont domin\u00e9es par une combinaison captivante de bergamote et de poivre noir, offrant un d\u00e9part frais et \u00e9nergisant. Le c\u0153ur de la fragrance s&rsquo;\u00e9panouit avec la douceur du jasmin, de la violette et du g\u00e9ranium, cr\u00e9ant un \u00e9quilibre parfait entre des notes florales d\u00e9licates et des accents plus marqu\u00e9s. La base est enrichie par un m\u00e9lange chaud de bois de santal, de musc et d&rsquo;ambre, qui apporte profondeur et long\u00e9vit\u00e9 au parfum.<\/p>\n<p data-start=\"4061\" data-end=\"4330\">Le flacon de BULGARI Pour Homme, avec son design \u00e9l\u00e9gant et minimaliste, refl\u00e8te la sophistication de la fragrance elle-m\u00eame. L&rsquo;apparence \u00e9pur\u00e9e et raffin\u00e9e du flacon en fait un objet de luxe, parfait pour ceux qui appr\u00e9cient la beaut\u00e9 jusque dans les moindres d\u00e9tails.<\/p>\n<p data-start=\"4332\" data-end=\"4729\">Cette fragrance est id\u00e9ale pour l&rsquo;homme qui recherche la polyvalence, adapt\u00e9e aussi bien aux journ\u00e9es de travail qu&rsquo;aux moments de d\u00e9tente ou aux \u00e9v\u00e9nements sp\u00e9ciaux. Sa l\u00e9g\u00e8ret\u00e9, associ\u00e9e \u00e0 sa persistance, la rend parfaite pour toutes les saisons. Avec son flacon de 100ml, BULGARI Pour Homme est un investissement dans l&rsquo;\u00e9l\u00e9gance et la qualit\u00e9, offrant \u00e0 chaque homme une touche de luxe discret.<\/p>\n<p data-start=\"1160\" data-end=\"1545\">Follow us! <a href=\"https:\/\/www.instagram.com\/freeshopswiss\/\" target=\"_blank\" rel=\"noopener\">@freeshopswiss<\/a><\/p>\n","protected":false},"excerpt":{"rendered":"<p><em><strong>Eau de Parfum<\/strong><\/em><\/p>\n","protected":false},"featured_media":15659,"comment_status":"open","ping_status":"closed","template":"","meta":[],"pwb-brand":[399],"product_brand":[],"product_cat":[87,89],"product_tag":[141,143,97],"class_list":{"0":"post-15663","1":"product","2":"type-product","3":"status-publish","4":"has-post-thumbnail","6":"pwb-brand-bulgari","7":"product_cat-parfums","8":"product_cat-pour-lui","9":"product_tag-eau-de-toilette-fr","10":"product_tag-homme","11":"product_tag-parfums","13":"first","14":"outofstock","15":"sale","16":"taxable","17":"shipping-taxable","18":"purchasable","19":"product-type-simple"},"brands":[{"id":399,"name":"Bulgari","slug":"bulgari"}],"_links":{"self":[{"href":"https:\/\/www.freeshopfrontiera.ch\/fr\/wp-json\/wp\/v2\/product\/15663","targetHints":{"allow":["GET"]}}],"collection":[{"href":"https:\/\/www.freeshopfrontiera.ch\/fr\/wp-json\/wp\/v2\/product"}],"about":[{"href":"https:\/\/www.freeshopfrontiera.ch\/fr\/wp-json\/wp\/v2\/types\/product"}],"replies":[{"embeddable":true,"href":"https:\/\/www.freeshopfrontiera.ch\/fr\/wp-json\/wp\/v2\/comments?post=15663"}],"version-history":[{"count":3,"href":"https:\/\/www.freeshopfrontiera.ch\/fr\/wp-json\/wp\/v2\/product\/15663\/revisions"}],"predecessor-version":[{"id":18243,"href":"https:\/\/www.freeshopfrontiera.ch\/fr\/wp-json\/wp\/v2\/product\/15663\/revisions\/18243"}],"wp:featuredmedia":[{"embeddable":true,"href":"https:\/\/www.freeshopfrontiera.ch\/fr\/wp-json\/wp\/v2\/media\/15659"}],"wp:attachment":[{"href":"https:\/\/www.freeshopfrontiera.ch\/fr\/wp-json\/wp\/v2\/media?parent=15663"}],"wp:term":[{"taxonomy":"pwb-brand","embeddable":true,"href":"https:\/\/www.freeshopfrontiera.ch\/fr\/wp-json\/wp\/v2\/pwb-brand?post=15663"},{"taxonomy":"product_brand","embeddable":true,"href":"https:\/\/www.freeshopfrontiera.ch\/fr\/wp-json\/wp\/v2\/product_brand?post=15663"},{"taxonomy":"product_cat","embeddable":true,"href":"https:\/\/www.freeshopfrontiera.ch\/fr\/wp-json\/wp\/v2\/product_cat?post=15663"},{"taxonomy":"product_tag","embeddable":true,"href":"https:\/\/www.freeshopfrontiera.ch\/fr\/wp-json\/wp\/v2\/product_tag?post=15663"}],"curies":[{"name":"wp","href":"https:\/\/api.w.org\/{rel}","templated":true}]}}