{"id":15675,"date":"2025-02-24T16:50:10","date_gmt":"2025-02-24T16:50:10","guid":{"rendered":"https:\/\/freeshopswiss.alesca.org\/?post_type=product&#038;p=15675"},"modified":"2025-06-03T10:06:48","modified_gmt":"2025-06-03T10:06:48","slug":"bulgari-pour-homme-eau-de-toilette-copia","status":"publish","type":"product","link":"https:\/\/www.freeshopfrontiera.ch\/fr\/shop\/bulgari-pour-homme-eau-de-toilette-copia\/","title":{"rendered":"GUCCI Guilty Pour Homme"},"content":{"rendered":"<p data-start=\"3437\" data-end=\"3847\"><strong>GUCCI Guilty Pour Homme Eau de Toilette<\/strong>\u00a0est une fragrance audacieuse et s\u00e9duisante, con\u00e7ue pour l&rsquo;homme qui vit avec passion et qui n&rsquo;a pas peur d&rsquo;exprimer sa personnalit\u00e9. Cr\u00e9\u00e9e par les parfumeurs de renom Alberto Morillas et Aurelien Guichard, cette eau de toilette est un hommage \u00e0 la libert\u00e9 et au courage, incarnant l&rsquo;esprit d&rsquo;un homme qui d\u00e9fie les conventions et se moque du jugement de la soci\u00e9t\u00e9.<\/p>\n<p data-start=\"3849\" data-end=\"4346\">La composition olfactive de GUCCI Guilty Pour Homme s&rsquo;ouvre sur des notes fra\u00eeches de citron et de lavande, conf\u00e9rant au parfum une sensation \u00e9nergique et p\u00e9tillante. Le c\u0153ur de la fragrance est domin\u00e9 par la fleur d&rsquo;oranger et le poivre, ajoutant une touche \u00e9pic\u00e9e et enveloppante. La base repose sur des accents bois\u00e9s et sensuels de patchouli et de c\u00e8dre, offrant profondeur et long\u00e9vit\u00e9, faisant de ce parfum un choix id\u00e9al pour toutes les occasions, qu&rsquo;elles soient quotidiennes ou sp\u00e9ciales.<\/p>\n<p data-start=\"4348\" data-end=\"4595\">Le flacon de GUCCI Guilty Pour Homme, avec son design moderne et sophistiqu\u00e9, refl\u00e8te l&rsquo;essence de cette fragrance s\u00e9duisante et raffin\u00e9e. Son style minimaliste, avec une touche subtile de m\u00e9tal, en fait un objet de luxe qui ne passe pas inaper\u00e7u.<\/p>\n<p data-start=\"4597\" data-end=\"5001\">Parfait pour l&rsquo;homme confiant qui aime faire une d\u00e9claration de style et de personnalit\u00e9, GUCCI Guilty Pour Homme est une fragrance qui s&rsquo;adapte \u00e0 toutes les saisons, offrant de la fra\u00eecheur durant les mois plus chauds et de l&rsquo;intensit\u00e9 pendant les p\u00e9riodes plus froides. Avec un flacon, c&rsquo;est un excellent choix pour ceux qui recherchent un parfum longue dur\u00e9e qui ne perd jamais de son charme.<\/p>\n<p data-start=\"1160\" data-end=\"1545\">Follow us! <a href=\"https:\/\/www.instagram.com\/freeshopswiss\/\" target=\"_blank\" rel=\"noopener\">@freeshopswiss<\/a><\/p>\n","protected":false},"excerpt":{"rendered":"<p><em><strong>Eau de Toilette<\/strong><\/em><\/p>\n","protected":false},"featured_media":15678,"comment_status":"open","ping_status":"closed","template":"","meta":[],"pwb-brand":[270],"product_brand":[],"product_cat":[138,87,89],"product_tag":[141,143,97],"class_list":{"0":"post-15675","1":"product","2":"type-product","3":"status-publish","4":"has-post-thumbnail","6":"pwb-brand-gucci","7":"product_cat-offre","8":"product_cat-parfums","9":"product_cat-pour-lui","10":"product_tag-eau-de-toilette-fr","11":"product_tag-homme","12":"product_tag-parfums","14":"first","15":"instock","16":"sale","17":"taxable","18":"shipping-taxable","19":"purchasable","20":"product-type-variable"},"brands":[{"id":270,"name":"Gucci","slug":"gucci"}],"_links":{"self":[{"href":"https:\/\/www.freeshopfrontiera.ch\/fr\/wp-json\/wp\/v2\/product\/15675","targetHints":{"allow":["GET"]}}],"collection":[{"href":"https:\/\/www.freeshopfrontiera.ch\/fr\/wp-json\/wp\/v2\/product"}],"about":[{"href":"https:\/\/www.freeshopfrontiera.ch\/fr\/wp-json\/wp\/v2\/types\/product"}],"replies":[{"embeddable":true,"href":"https:\/\/www.freeshopfrontiera.ch\/fr\/wp-json\/wp\/v2\/comments?post=15675"}],"version-history":[{"count":5,"href":"https:\/\/www.freeshopfrontiera.ch\/fr\/wp-json\/wp\/v2\/product\/15675\/revisions"}],"predecessor-version":[{"id":31702,"href":"https:\/\/www.freeshopfrontiera.ch\/fr\/wp-json\/wp\/v2\/product\/15675\/revisions\/31702"}],"wp:featuredmedia":[{"embeddable":true,"href":"https:\/\/www.freeshopfrontiera.ch\/fr\/wp-json\/wp\/v2\/media\/15678"}],"wp:attachment":[{"href":"https:\/\/www.freeshopfrontiera.ch\/fr\/wp-json\/wp\/v2\/media?parent=15675"}],"wp:term":[{"taxonomy":"pwb-brand","embeddable":true,"href":"https:\/\/www.freeshopfrontiera.ch\/fr\/wp-json\/wp\/v2\/pwb-brand?post=15675"},{"taxonomy":"product_brand","embeddable":true,"href":"https:\/\/www.freeshopfrontiera.ch\/fr\/wp-json\/wp\/v2\/product_brand?post=15675"},{"taxonomy":"product_cat","embeddable":true,"href":"https:\/\/www.freeshopfrontiera.ch\/fr\/wp-json\/wp\/v2\/product_cat?post=15675"},{"taxonomy":"product_tag","embeddable":true,"href":"https:\/\/www.freeshopfrontiera.ch\/fr\/wp-json\/wp\/v2\/product_tag?post=15675"}],"curies":[{"name":"wp","href":"https:\/\/api.w.org\/{rel}","templated":true}]}}