{"id":15741,"date":"2025-02-25T11:05:34","date_gmt":"2025-02-25T11:05:34","guid":{"rendered":"https:\/\/freeshopswiss.alesca.org\/shop\/giorgio-armani-si-passione-eau-de-parfum-100ml\/"},"modified":"2025-03-12T10:41:11","modified_gmt":"2025-03-12T10:41:11","slug":"giorgio-armani-si-passione-eau-de-parfum-100ml","status":"publish","type":"product","link":"https:\/\/www.freeshopfrontiera.ch\/fr\/shop\/giorgio-armani-si-passione-eau-de-parfum-100ml\/","title":{"rendered":"GIORGIO ARMANI Si\u00b4 Passione 100ml"},"content":{"rendered":"<p data-start=\"4692\" data-end=\"5462\"><strong>GIORGIO ARMANI Si\u00b4 Passione Eau de Parfum<\/strong> incarne la quintessence de la f\u00e9minit\u00e9 moderne : une femme confiante, audacieuse et passionn\u00e9e. Ce parfum repr\u00e9sente l\u2019essence du pouvoir et de la sophistication f\u00e9minine, enveloppant celle qui le porte d&rsquo;une aura vibrante et sensuelle. Le parfum s&rsquo;ouvre sur des notes juteuses de poire, accompagn\u00e9es d&rsquo;une touche de cassis sucr\u00e9 et fruit\u00e9. Cette fra\u00eecheur douce se transforme rapidement en un c\u0153ur floral o\u00f9 les notes d\u00e9licates de jasmin et de rose ajoutent une touche de romantisme et de gr\u00e2ce. Ces accords floraux sont parfaitement \u00e9quilibr\u00e9s par des notes de fond chaudes et enveloppantes de vanille, patchouli et bois de c\u00e8dre. Ensemble, elles cr\u00e9ent un parfum complexe et multidimensionnel, s\u00e9duisant et puissant \u00e0 la fois.<\/p>\n<p data-start=\"5464\" data-end=\"5922\">Si Passione est un parfum pour la femme qui ose \u00eatre elle-m\u00eame, qui rayonne de force, de confiance et de gr\u00e2ce \u00e0 chaque pas. C\u2019est une fragrance qui encourage les femmes \u00e0 vivre leur vie avec passion, \u00e0 embrasser leur pouvoir int\u00e9rieur et \u00e0 faire une d\u00e9claration audacieuse. Que ce soit pour un \u00e9v\u00e9nement glamour, un d\u00e9jeuner d\u00e9contract\u00e9 entre amis ou tout simplement au quotidien, ce parfum laisse une empreinte \u00e9l\u00e9gante et envo\u00fbtante partout o\u00f9 vous allez.<\/p>\n<p data-start=\"5924\" data-end=\"6507\">Le flacon de 100 ml est aussi luxueux que le parfum qu&rsquo;il renferme, avec des courbes \u00e9l\u00e9gantes et une teinte rouge intense qui refl\u00e8te la nature passionn\u00e9e de la fragrance. Le parfum reste sur la peau pendant des heures, ce qui en fait le compagnon id\u00e9al pour ces longues journ\u00e9es qui se transforment en nuits pleines d\u2019aventures. Sa polyvalence permet une transition facile du jour \u00e0 la nuit, des environnements professionnels aux soir\u00e9es intimes. GIORGIO ARMANI Si\u00b4 Passione Eau de Parfum n\u2019est pas seulement un parfum ; c\u2019est une d\u00e9claration de puissance, de confiance et de gr\u00e2ce.<\/p>\n<p data-start=\"6509\" data-end=\"6931\">Pour la femme qui comprend le pouvoir du parfum \u00e0 transformer son humeur et \u00e0 influencer les autres, Giorgio Armani Si Passione est un incontournable. Ce n\u2019est pas seulement une fragrance, c\u2019est une exp\u00e9rience qui refl\u00e8te l\u2019essence de la force, de la beaut\u00e9 et de la passion f\u00e9minine. Ce parfum est un cadeau parfait pour vous-m\u00eame ou pour une personne que vous aimez, un v\u00e9ritable symbole d\u2019\u00e9l\u00e9gance et de sophistication.<\/p>\n<p data-start=\"1198\" data-end=\"1429\">Follow us! <a href=\"https:\/\/www.instagram.com\/freeshopswiss\/\" target=\"_blank\" rel=\"noopener\">@freeshopswiss<\/a><\/p>\n","protected":false},"excerpt":{"rendered":"<p><em><strong>Eau de Parfum<\/strong><\/em><\/p>\n","protected":false},"featured_media":15733,"comment_status":"open","ping_status":"closed","template":"","meta":[],"pwb-brand":[263],"product_brand":[],"product_cat":[87,89],"product_tag":[280,252,296,789,97],"class_list":{"0":"post-15741","1":"product","2":"type-product","3":"status-publish","4":"has-post-thumbnail","6":"pwb-brand-giorgio-armani","7":"product_cat-parfums","8":"product_cat-pour-lui","9":"product_tag-bestseller-fr","10":"product_tag-eau-de-parfum-fr","11":"product_tag-femme","12":"product_tag-womens-fragrances-fr","13":"product_tag-parfums","15":"first","16":"instock","17":"sale","18":"taxable","19":"shipping-taxable","20":"purchasable","21":"product-type-simple"},"brands":[{"id":263,"name":"Giorgio Armani","slug":"giorgio-armani"}],"_links":{"self":[{"href":"https:\/\/www.freeshopfrontiera.ch\/fr\/wp-json\/wp\/v2\/product\/15741","targetHints":{"allow":["GET"]}}],"collection":[{"href":"https:\/\/www.freeshopfrontiera.ch\/fr\/wp-json\/wp\/v2\/product"}],"about":[{"href":"https:\/\/www.freeshopfrontiera.ch\/fr\/wp-json\/wp\/v2\/types\/product"}],"replies":[{"embeddable":true,"href":"https:\/\/www.freeshopfrontiera.ch\/fr\/wp-json\/wp\/v2\/comments?post=15741"}],"version-history":[{"count":5,"href":"https:\/\/www.freeshopfrontiera.ch\/fr\/wp-json\/wp\/v2\/product\/15741\/revisions"}],"predecessor-version":[{"id":18239,"href":"https:\/\/www.freeshopfrontiera.ch\/fr\/wp-json\/wp\/v2\/product\/15741\/revisions\/18239"}],"wp:featuredmedia":[{"embeddable":true,"href":"https:\/\/www.freeshopfrontiera.ch\/fr\/wp-json\/wp\/v2\/media\/15733"}],"wp:attachment":[{"href":"https:\/\/www.freeshopfrontiera.ch\/fr\/wp-json\/wp\/v2\/media?parent=15741"}],"wp:term":[{"taxonomy":"pwb-brand","embeddable":true,"href":"https:\/\/www.freeshopfrontiera.ch\/fr\/wp-json\/wp\/v2\/pwb-brand?post=15741"},{"taxonomy":"product_brand","embeddable":true,"href":"https:\/\/www.freeshopfrontiera.ch\/fr\/wp-json\/wp\/v2\/product_brand?post=15741"},{"taxonomy":"product_cat","embeddable":true,"href":"https:\/\/www.freeshopfrontiera.ch\/fr\/wp-json\/wp\/v2\/product_cat?post=15741"},{"taxonomy":"product_tag","embeddable":true,"href":"https:\/\/www.freeshopfrontiera.ch\/fr\/wp-json\/wp\/v2\/product_tag?post=15741"}],"curies":[{"name":"wp","href":"https:\/\/api.w.org\/{rel}","templated":true}]}}