{"id":15776,"date":"2025-02-25T11:48:49","date_gmt":"2025-02-25T11:48:49","guid":{"rendered":"https:\/\/freeshopswiss.alesca.org\/shop\/mont-blanc-explorer-platinum-men-eau-de-parfum\/"},"modified":"2025-03-12T10:40:55","modified_gmt":"2025-03-12T10:40:55","slug":"mont-blanc-explorer-platinum-men-eau-de-parfum","status":"publish","type":"product","link":"https:\/\/www.freeshopfrontiera.ch\/fr\/shop\/mont-blanc-explorer-platinum-men-eau-de-parfum\/","title":{"rendered":"MONT BLANC Explorer Platinum Men"},"content":{"rendered":"<p data-start=\"1727\" data-end=\"2290\"><strong data-start=\"1727\" data-end=\"1773\">Mont Blanc Explorer Platinum Eau de Parfum<\/strong> est un parfum pour l&rsquo;homme moderne qui recherche l&rsquo;\u00e9l\u00e9gance, l&rsquo;audace et un sens de l&rsquo;aventure. Cette fragrance incarne l&rsquo;\u00e9quilibre parfait entre fra\u00eecheur, sensualit\u00e9 et myst\u00e8re. L&rsquo;ouverture est fra\u00eeche et vibrante gr\u00e2ce aux notes d&rsquo;agrumes de bergamote, enrichies par le poivre noir qui ajoute une touche \u00e9pic\u00e9e et \u00e9nergique. Le c\u0153ur de la fragrance d\u00e9voile un m\u00e9lange sophistiqu\u00e9 de sauge sclar\u00e9e et de g\u00e9ranium, cr\u00e9ant un parfum aromatique et bois\u00e9, qui d\u00e9gage une sensation de masculinit\u00e9 \u00e9l\u00e9gante et dynamique.<\/p>\n<p data-start=\"2292\" data-end=\"2648\">Dans la base, le parfum se renforce avec des notes intenses de bois de c\u00e8dre, patchouli et musc, qui lui conf\u00e8rent une grande long\u00e9vit\u00e9 et une tra\u00een\u00e9e chaude et enveloppante. Mont Blanc Explorer Platinum est un parfum pour l&rsquo;homme qui aime l&rsquo;aventure et la d\u00e9couverte, tout en conservant un style raffin\u00e9 et une attention aux d\u00e9tails qui le rendent unique.<\/p>\n<p data-start=\"2650\" data-end=\"3074\">Avec son design \u00e9l\u00e9gant, le flacon de Mont Blanc Explorer Platinum est une v\u00e9ritable d\u00e9claration de classe. Le verre transparent et la finition m\u00e9tallique gris refl\u00e8tent le caract\u00e8re sophistiqu\u00e9 de la fragrance. Parfait pour toutes les occasions, d&rsquo;une r\u00e9union professionnelle importante \u00e0 une soir\u00e9e \u00e9l\u00e9gante, ce parfum accompagnera l&rsquo;homme qui d\u00e9sire laisser une empreinte durable dans la m\u00e9moire de ceux qu&rsquo;il rencontre.<\/p>\n<p data-start=\"3076\" data-end=\"3280\"><strong data-start=\"3076\" data-end=\"3122\">Mont Blanc Explorer Platinum Eau de Parfum<\/strong> est un parfum qui exprime la personnalit\u00e9 d&rsquo;un homme fort, raffin\u00e9, mais aussi pr\u00eat \u00e0 explorer de nouveaux horizons, toujours avec \u00e9l\u00e9gance et d\u00e9termination.<\/p>\n<p data-start=\"1500\" data-end=\"1701\">Segui tutte le nostre novit\u00e0! <a href=\"https:\/\/www.instagram.com\/freeshopswiss\/\" target=\"_blank\" rel=\"noopener\">@freeshopswiss<\/a><\/p>\n","protected":false},"excerpt":{"rendered":"<p><em><strong>Eau de Parfum<\/strong><\/em><\/p>\n","protected":false},"featured_media":15757,"comment_status":"open","ping_status":"closed","template":"","meta":[],"pwb-brand":[283],"product_brand":[],"product_cat":[87,89],"product_tag":[1629,143,97],"class_list":{"0":"post-15776","1":"product","2":"type-product","3":"status-publish","4":"has-post-thumbnail","6":"pwb-brand-mont-blanc","7":"product_cat-parfums","8":"product_cat-pour-lui","9":"product_tag-mens-fragrances-fr","10":"product_tag-homme","11":"product_tag-parfums","13":"first","14":"instock","15":"sale","16":"taxable","17":"shipping-taxable","18":"purchasable","19":"product-type-variable","20":"has-default-attributes"},"brands":[{"id":283,"name":"Mont Blanc","slug":"mont-blanc"}],"_links":{"self":[{"href":"https:\/\/www.freeshopfrontiera.ch\/fr\/wp-json\/wp\/v2\/product\/15776","targetHints":{"allow":["GET"]}}],"collection":[{"href":"https:\/\/www.freeshopfrontiera.ch\/fr\/wp-json\/wp\/v2\/product"}],"about":[{"href":"https:\/\/www.freeshopfrontiera.ch\/fr\/wp-json\/wp\/v2\/types\/product"}],"replies":[{"embeddable":true,"href":"https:\/\/www.freeshopfrontiera.ch\/fr\/wp-json\/wp\/v2\/comments?post=15776"}],"version-history":[{"count":3,"href":"https:\/\/www.freeshopfrontiera.ch\/fr\/wp-json\/wp\/v2\/product\/15776\/revisions"}],"predecessor-version":[{"id":18237,"href":"https:\/\/www.freeshopfrontiera.ch\/fr\/wp-json\/wp\/v2\/product\/15776\/revisions\/18237"}],"wp:featuredmedia":[{"embeddable":true,"href":"https:\/\/www.freeshopfrontiera.ch\/fr\/wp-json\/wp\/v2\/media\/15757"}],"wp:attachment":[{"href":"https:\/\/www.freeshopfrontiera.ch\/fr\/wp-json\/wp\/v2\/media?parent=15776"}],"wp:term":[{"taxonomy":"pwb-brand","embeddable":true,"href":"https:\/\/www.freeshopfrontiera.ch\/fr\/wp-json\/wp\/v2\/pwb-brand?post=15776"},{"taxonomy":"product_brand","embeddable":true,"href":"https:\/\/www.freeshopfrontiera.ch\/fr\/wp-json\/wp\/v2\/product_brand?post=15776"},{"taxonomy":"product_cat","embeddable":true,"href":"https:\/\/www.freeshopfrontiera.ch\/fr\/wp-json\/wp\/v2\/product_cat?post=15776"},{"taxonomy":"product_tag","embeddable":true,"href":"https:\/\/www.freeshopfrontiera.ch\/fr\/wp-json\/wp\/v2\/product_tag?post=15776"}],"curies":[{"name":"wp","href":"https:\/\/api.w.org\/{rel}","templated":true}]}}