{"id":15795,"date":"2025-02-25T12:14:17","date_gmt":"2025-02-25T12:14:17","guid":{"rendered":"https:\/\/freeshopswiss.alesca.org\/?post_type=product&#038;p=15795"},"modified":"2025-03-12T10:40:45","modified_gmt":"2025-03-12T10:40:45","slug":"creed-millesime-men-aventus-eau-de-parfum-50ml-copia","status":"publish","type":"product","link":"https:\/\/www.freeshopfrontiera.ch\/fr\/shop\/creed-millesime-men-aventus-eau-de-parfum-50ml-copia\/","title":{"rendered":"CREED Carmina 75ml"},"content":{"rendered":"<p data-start=\"1659\" data-end=\"2248\"><strong data-start=\"1659\" data-end=\"1690\">Creed Carmina Eau de Parfum<\/strong> est une fragrance raffin\u00e9e et envo\u00fbtante qui incarne l&rsquo;\u00e9l\u00e9gance intemporelle et la sophistication. Avec un \u00e9quilibre parfait entre des notes fra\u00eeches, florales et bois\u00e9es, cette cr\u00e9ation exclusive de Creed a \u00e9t\u00e9 con\u00e7ue pour les hommes et les femmes qui appr\u00e9cient le luxe et la qualit\u00e9. Carmina s&rsquo;ouvre sur une explosion d&rsquo;agrumes frais, notamment l&rsquo;orange am\u00e8re et le citron, qui apportent une \u00e9nergie vibrante et imm\u00e9diate. Les notes de t\u00eate r\u00e9v\u00e8lent une fra\u00eecheur fruit\u00e9e et lumineuse, \u00e9quilibr\u00e9e par un c\u0153ur floral de rose de Damas, de jasmin et d&rsquo;iris.<\/p>\n<p data-start=\"2250\" data-end=\"2810\">Le c\u0153ur floral se fond magnifiquement avec une base chaude et enveloppante de bois de santal, de musc blanc et de vanille, qui ajoutent une sensualit\u00e9 sophistiqu\u00e9e et une longue persistance. L&rsquo;ensemble du parfum se d\u00e9veloppe en une harmonie unique, cr\u00e9ant une tra\u00een\u00e9e \u00e9l\u00e9gante et myst\u00e9rieuse qui attire l&rsquo;attention sans jamais \u00eatre envahissante. Le flacon de Creed Carmina refl\u00e8te la qualit\u00e9 et l&rsquo;\u00e9l\u00e9gance de la fragrance qu&rsquo;il contient, avec un design simple mais luxueux, caract\u00e9ris\u00e9 par un verre transparent qui permet d&rsquo;apercevoir la beaut\u00e9 du liquide.<\/p>\n<p data-start=\"2812\" data-end=\"3156\">Cette eau de parfum est le choix id\u00e9al pour ceux qui recherchent une fragrance sophistiqu\u00e9e, qui se distingue par sa finesse et sa capacit\u00e9 \u00e0 laisser une impression durable. Parfaite pour les occasions sp\u00e9ciales ou pour une utilisation quotidienne, Creed Carmina est un parfum qui c\u00e9l\u00e8bre l&rsquo;\u00e9l\u00e9gance et le raffinement de celui qui le porte.<\/p>\n<p>Suivez toutes nos actualit\u00e9s! <a href=\"https:\/\/www.instagram.com\/freeshopswiss\/\" target=\"_blank\" rel=\"noopener\">@freeshopswiss<\/a><\/p>\n","protected":false},"excerpt":{"rendered":"<p><em><strong>Eau de Parfum<\/strong><\/em><\/p>\n","protected":false},"featured_media":16134,"comment_status":"open","ping_status":"closed","template":"","meta":[],"pwb-brand":[403],"product_brand":[],"product_cat":[87,109],"product_tag":[252,296,5050,789,97,5074,4367],"class_list":{"0":"post-15795","1":"product","2":"type-product","3":"status-publish","4":"has-post-thumbnail","6":"pwb-brand-creed","7":"product_cat-parfums","8":"product_cat-pour-elle","9":"product_tag-eau-de-parfum-fr","10":"product_tag-femme","11":"product_tag-fete-des-meres","12":"product_tag-womens-fragrances-fr","13":"product_tag-parfums","14":"product_tag-parfums-pour-la-fete-des-meres","15":"product_tag-special-printemps","17":"first","18":"instock","19":"taxable","20":"shipping-taxable","21":"purchasable","22":"product-type-simple"},"brands":[{"id":403,"name":"Creed","slug":"creed"}],"_links":{"self":[{"href":"https:\/\/www.freeshopfrontiera.ch\/fr\/wp-json\/wp\/v2\/product\/15795","targetHints":{"allow":["GET"]}}],"collection":[{"href":"https:\/\/www.freeshopfrontiera.ch\/fr\/wp-json\/wp\/v2\/product"}],"about":[{"href":"https:\/\/www.freeshopfrontiera.ch\/fr\/wp-json\/wp\/v2\/types\/product"}],"replies":[{"embeddable":true,"href":"https:\/\/www.freeshopfrontiera.ch\/fr\/wp-json\/wp\/v2\/comments?post=15795"}],"version-history":[{"count":4,"href":"https:\/\/www.freeshopfrontiera.ch\/fr\/wp-json\/wp\/v2\/product\/15795\/revisions"}],"predecessor-version":[{"id":18235,"href":"https:\/\/www.freeshopfrontiera.ch\/fr\/wp-json\/wp\/v2\/product\/15795\/revisions\/18235"}],"wp:featuredmedia":[{"embeddable":true,"href":"https:\/\/www.freeshopfrontiera.ch\/fr\/wp-json\/wp\/v2\/media\/16134"}],"wp:attachment":[{"href":"https:\/\/www.freeshopfrontiera.ch\/fr\/wp-json\/wp\/v2\/media?parent=15795"}],"wp:term":[{"taxonomy":"pwb-brand","embeddable":true,"href":"https:\/\/www.freeshopfrontiera.ch\/fr\/wp-json\/wp\/v2\/pwb-brand?post=15795"},{"taxonomy":"product_brand","embeddable":true,"href":"https:\/\/www.freeshopfrontiera.ch\/fr\/wp-json\/wp\/v2\/product_brand?post=15795"},{"taxonomy":"product_cat","embeddable":true,"href":"https:\/\/www.freeshopfrontiera.ch\/fr\/wp-json\/wp\/v2\/product_cat?post=15795"},{"taxonomy":"product_tag","embeddable":true,"href":"https:\/\/www.freeshopfrontiera.ch\/fr\/wp-json\/wp\/v2\/product_tag?post=15795"}],"curies":[{"name":"wp","href":"https:\/\/api.w.org\/{rel}","templated":true}]}}