{"id":15820,"date":"2025-02-25T13:05:08","date_gmt":"2025-02-25T13:05:08","guid":{"rendered":"https:\/\/freeshopswiss.alesca.org\/?post_type=product&#038;p=15820"},"modified":"2025-03-12T10:40:33","modified_gmt":"2025-03-12T10:40:33","slug":"zadig-voltaire-this-is-her-2","status":"publish","type":"product","link":"https:\/\/www.freeshopfrontiera.ch\/fr\/shop\/zadig-voltaire-this-is-her-2\/","title":{"rendered":"ZADIG &#038; VOLTAIRE This Is Her! Undressed 50ml"},"content":{"rendered":"<p data-start=\"1626\" data-end=\"2238\"><strong data-start=\"1626\" data-end=\"1673\">Zadig &amp; Voltaire This Is Her! Eau de Parfum<\/strong> est un parfum qui incarne l&rsquo;\u00e2me libre et audacieuse de la femme moderne. Un m\u00e9lange parfait de sensualit\u00e9 et de myst\u00e8re, cette fragrance est pens\u00e9e pour la femme qui n&rsquo;a pas peur d&rsquo;exprimer son individualit\u00e9 et de d\u00e9fier les conventions. Elle s&rsquo;ouvre sur des notes fra\u00eeches et \u00e9pic\u00e9es de poivre rose et de fleur de riz, cr\u00e9ant une tra\u00een\u00e9e l\u00e9g\u00e8re et sophistiqu\u00e9e qui captive les sens d\u00e8s la premi\u00e8re vaporisation. Le c\u0153ur du parfum est domin\u00e9 par la douceur du jasmin, qui apporte \u00e9l\u00e9gance et f\u00e9minit\u00e9, tandis qu&rsquo;une touche de rose ajoute une touche de raffinement.<\/p>\n<p data-start=\"2240\" data-end=\"2746\">La base de <strong data-start=\"2251\" data-end=\"2267\">This Is Her!<\/strong> est caract\u00e9ris\u00e9e par des notes de bois de santal et de vanille, qui ajoutent chaleur et sensualit\u00e9 au parfum, le rendant enveloppant et persistant. Cette combinaison d&rsquo;ingr\u00e9dients cr\u00e9e un \u00e9quilibre parfait entre fra\u00eecheur et douceur, aboutissant \u00e0 un parfum \u00e0 la fois d\u00e9licat et audacieux, tout comme la femme qui le porte. Le flacon de <strong data-start=\"2605\" data-end=\"2638\">Zadig &amp; Voltaire This Is Her!<\/strong> est \u00e9l\u00e9gant et minimaliste, avec un design simple qui refl\u00e8te la modernit\u00e9 et l&rsquo;essence du parfum lui-m\u00eame.<\/p>\n<p data-start=\"2748\" data-end=\"3087\">Id\u00e9ale pour toutes les occasions, cette fragrance est parfaite pour la femme qui souhaite laisser une impression durable sans jamais passer inaper\u00e7ue. Que ce soit pour une rencontre sp\u00e9ciale ou pour un usage quotidien, <strong data-start=\"2967\" data-end=\"2983\">This Is Her!<\/strong> est un parfum qui c\u00e9l\u00e8bre l&rsquo;individualit\u00e9, l&rsquo;\u00e9l\u00e9gance et la force du caract\u00e8re de celle qui le choisit.<\/p>\n<p>Suivez toutes nos actualit\u00e9s! <a href=\"https:\/\/www.instagram.com\/freeshopswiss\/\" target=\"_blank\" rel=\"noopener\">@freeshopswiss<\/a><\/p>\n","protected":false},"excerpt":{"rendered":"<p><em><strong>Eau de Parfum<\/strong><\/em><\/p>\n","protected":false},"featured_media":15823,"comment_status":"open","ping_status":"closed","template":"","meta":[],"pwb-brand":[390],"product_brand":[],"product_cat":[87,109],"product_tag":[252,296,789,97],"class_list":{"0":"post-15820","1":"product","2":"type-product","3":"status-publish","4":"has-post-thumbnail","6":"pwb-brand-zadig-voltaire","7":"product_cat-parfums","8":"product_cat-pour-elle","9":"product_tag-eau-de-parfum-fr","10":"product_tag-femme","11":"product_tag-womens-fragrances-fr","12":"product_tag-parfums","14":"first","15":"instock","16":"sale","17":"taxable","18":"shipping-taxable","19":"purchasable","20":"product-type-simple"},"brands":[{"id":390,"name":"ZADIG &amp; VOLTAIRE","slug":"zadig-voltaire"}],"_links":{"self":[{"href":"https:\/\/www.freeshopfrontiera.ch\/fr\/wp-json\/wp\/v2\/product\/15820","targetHints":{"allow":["GET"]}}],"collection":[{"href":"https:\/\/www.freeshopfrontiera.ch\/fr\/wp-json\/wp\/v2\/product"}],"about":[{"href":"https:\/\/www.freeshopfrontiera.ch\/fr\/wp-json\/wp\/v2\/types\/product"}],"replies":[{"embeddable":true,"href":"https:\/\/www.freeshopfrontiera.ch\/fr\/wp-json\/wp\/v2\/comments?post=15820"}],"version-history":[{"count":4,"href":"https:\/\/www.freeshopfrontiera.ch\/fr\/wp-json\/wp\/v2\/product\/15820\/revisions"}],"predecessor-version":[{"id":18233,"href":"https:\/\/www.freeshopfrontiera.ch\/fr\/wp-json\/wp\/v2\/product\/15820\/revisions\/18233"}],"wp:featuredmedia":[{"embeddable":true,"href":"https:\/\/www.freeshopfrontiera.ch\/fr\/wp-json\/wp\/v2\/media\/15823"}],"wp:attachment":[{"href":"https:\/\/www.freeshopfrontiera.ch\/fr\/wp-json\/wp\/v2\/media?parent=15820"}],"wp:term":[{"taxonomy":"pwb-brand","embeddable":true,"href":"https:\/\/www.freeshopfrontiera.ch\/fr\/wp-json\/wp\/v2\/pwb-brand?post=15820"},{"taxonomy":"product_brand","embeddable":true,"href":"https:\/\/www.freeshopfrontiera.ch\/fr\/wp-json\/wp\/v2\/product_brand?post=15820"},{"taxonomy":"product_cat","embeddable":true,"href":"https:\/\/www.freeshopfrontiera.ch\/fr\/wp-json\/wp\/v2\/product_cat?post=15820"},{"taxonomy":"product_tag","embeddable":true,"href":"https:\/\/www.freeshopfrontiera.ch\/fr\/wp-json\/wp\/v2\/product_tag?post=15820"}],"curies":[{"name":"wp","href":"https:\/\/api.w.org\/{rel}","templated":true}]}}