{"id":15864,"date":"2025-02-25T13:54:09","date_gmt":"2025-02-25T13:54:09","guid":{"rendered":"https:\/\/freeshopswiss.alesca.org\/shop\/shiseido-ginza-night-eau-de-parfum-intense\/"},"modified":"2026-04-09T10:25:26","modified_gmt":"2026-04-09T10:25:26","slug":"shiseido-ginza-night-eau-de-parfum-intense","status":"publish","type":"product","link":"https:\/\/www.freeshopfrontiera.ch\/fr\/shop\/shiseido-ginza-night-eau-de-parfum-intense\/","title":{"rendered":"SHISEIDO Ginza Night Intense"},"content":{"rendered":"<p data-start=\"1742\" data-end=\"2382\"><strong data-start=\"1742\" data-end=\"1788\">Shiseido Ginza Night Eau de Parfum Intense<\/strong> est une fragrance sophistiqu\u00e9e et envo\u00fbtante, cr\u00e9\u00e9e pour la femme qui recherche \u00e9l\u00e9gance et myst\u00e8re \u00e0 chaque instant de sa vie. Ce parfum incarne l&rsquo;essence de la nuit japonaise, avec sa beaut\u00e9 \u00e9blouissante et sa magie myst\u00e9rieusement fascinante. Sa composition olfactive s&rsquo;ouvre sur des notes fra\u00eeches et fruit\u00e9es, enrichies d&rsquo;une touche de poivre rose qui apporte une vivacit\u00e9 imm\u00e9diate. La fra\u00eecheur initiale se fond rapidement avec le c\u0153ur du parfum, domin\u00e9 par la d\u00e9licatesse des fleurs blanches, notamment le jasmin et la fleur d&rsquo;ylang-ylang, qui ajoutent une touche d&rsquo;\u00e9l\u00e9gance sensuelle.<\/p>\n<p data-start=\"2384\" data-end=\"2848\">La base de <strong data-start=\"2395\" data-end=\"2410\">Ginza Night<\/strong> est rendue profonde et enveloppante gr\u00e2ce \u00e0 un m\u00e9lange raffin\u00e9 de bois chauds, de musc et une note subtile de vanille qui conf\u00e8re une sensualit\u00e9 myst\u00e9rieuse et durable. Son intensit\u00e9 est parfaite pour les soir\u00e9es sp\u00e9ciales, lorsque le d\u00e9sir de se distinguer et de laisser une impression ind\u00e9l\u00e9bile devient plus fort. Le parfum se d\u00e9veloppe harmonieusement, enveloppant celui qui le porte dans un nuage d&rsquo;\u00e9l\u00e9gance et de charme intemporel.<\/p>\n<p data-start=\"2850\" data-end=\"3286\">Le flacon de <strong data-start=\"2863\" data-end=\"2887\">Shiseido Ginza Night<\/strong> est une \u0153uvre d&rsquo;art au design minimaliste, qui refl\u00e8te le raffinement du parfum \u00e0 l&rsquo;int\u00e9rieur. Un emballage \u00e9l\u00e9gant, rendant hommage \u00e0 l&rsquo;art et \u00e0 la culture japonaise, parfait pour ceux qui recherchent une exp\u00e9rience sensorielle unique. <strong data-start=\"3125\" data-end=\"3171\">Shiseido Ginza Night Eau de Parfum Intense<\/strong> est id\u00e9al pour la femme qui aime les moments luxueux d&rsquo;intimit\u00e9, la s\u00e9duction discr\u00e8te et l&rsquo;\u00e9l\u00e9gance intemporelle.<\/p>\n<p data-start=\"1293\" data-end=\"1716\">Follow us! <a href=\"https:\/\/www.instagram.com\/freeshopswiss\/\" target=\"_blank\" rel=\"noopener\">@freeshopswiss<\/a><\/p>\n","protected":false},"excerpt":{"rendered":"<p><em><strong>Eau de Parfum<\/strong><\/em><\/p>\n","protected":false},"featured_media":15852,"comment_status":"open","ping_status":"closed","template":"","meta":[],"pwb-brand":[312],"product_brand":[],"product_cat":[87,109],"product_tag":[252,296,789,97],"class_list":{"0":"post-15864","1":"product","2":"type-product","3":"status-publish","4":"has-post-thumbnail","6":"pwb-brand-shiseido","7":"product_cat-parfums","8":"product_cat-pour-elle","9":"product_tag-eau-de-parfum-fr","10":"product_tag-femme","11":"product_tag-womens-fragrances-fr","12":"product_tag-parfums","14":"first","15":"instock","16":"sale","17":"taxable","18":"shipping-taxable","19":"purchasable","20":"product-type-variable","21":"has-default-attributes"},"brands":[{"id":312,"name":"Shiseido","slug":"shiseido"}],"_links":{"self":[{"href":"https:\/\/www.freeshopfrontiera.ch\/fr\/wp-json\/wp\/v2\/product\/15864","targetHints":{"allow":["GET"]}}],"collection":[{"href":"https:\/\/www.freeshopfrontiera.ch\/fr\/wp-json\/wp\/v2\/product"}],"about":[{"href":"https:\/\/www.freeshopfrontiera.ch\/fr\/wp-json\/wp\/v2\/types\/product"}],"replies":[{"embeddable":true,"href":"https:\/\/www.freeshopfrontiera.ch\/fr\/wp-json\/wp\/v2\/comments?post=15864"}],"version-history":[{"count":3,"href":"https:\/\/www.freeshopfrontiera.ch\/fr\/wp-json\/wp\/v2\/product\/15864\/revisions"}],"predecessor-version":[{"id":18231,"href":"https:\/\/www.freeshopfrontiera.ch\/fr\/wp-json\/wp\/v2\/product\/15864\/revisions\/18231"}],"wp:featuredmedia":[{"embeddable":true,"href":"https:\/\/www.freeshopfrontiera.ch\/fr\/wp-json\/wp\/v2\/media\/15852"}],"wp:attachment":[{"href":"https:\/\/www.freeshopfrontiera.ch\/fr\/wp-json\/wp\/v2\/media?parent=15864"}],"wp:term":[{"taxonomy":"pwb-brand","embeddable":true,"href":"https:\/\/www.freeshopfrontiera.ch\/fr\/wp-json\/wp\/v2\/pwb-brand?post=15864"},{"taxonomy":"product_brand","embeddable":true,"href":"https:\/\/www.freeshopfrontiera.ch\/fr\/wp-json\/wp\/v2\/product_brand?post=15864"},{"taxonomy":"product_cat","embeddable":true,"href":"https:\/\/www.freeshopfrontiera.ch\/fr\/wp-json\/wp\/v2\/product_cat?post=15864"},{"taxonomy":"product_tag","embeddable":true,"href":"https:\/\/www.freeshopfrontiera.ch\/fr\/wp-json\/wp\/v2\/product_tag?post=15864"}],"curies":[{"name":"wp","href":"https:\/\/api.w.org\/{rel}","templated":true}]}}