{"id":15904,"date":"2025-02-25T14:42:46","date_gmt":"2025-02-25T14:42:46","guid":{"rendered":"https:\/\/freeshopswiss.alesca.org\/shop\/giorgio-armani-my-way-eau-de-parfum-intense\/"},"modified":"2025-03-12T10:39:38","modified_gmt":"2025-03-12T10:39:38","slug":"giorgio-armani-my-way-eau-de-parfum-intense","status":"publish","type":"product","link":"https:\/\/www.freeshopfrontiera.ch\/fr\/shop\/giorgio-armani-my-way-eau-de-parfum-intense\/","title":{"rendered":"GIORGIO ARMANI My Way Intense"},"content":{"rendered":"<p data-start=\"162\" data-end=\"757\"><strong data-start=\"162\" data-end=\"209\">Giorgio Armani My Way Eau de Parfum Intense<\/strong> incarne l&rsquo;\u00e9l\u00e9gance moderne et la force f\u00e9minine. Ce parfum intense et audacieux est une version plus marqu\u00e9e de l&#8217;embl\u00e9matique fragrance My Way, con\u00e7ue pour la femme moderne, passionn\u00e9e et d\u00e9termin\u00e9e. D\u00e8s l&rsquo;ouverture, des notes fra\u00eeches et \u00e9clatantes d&rsquo;agrumes, combin\u00e9es \u00e0 la douceur de la fleur d&rsquo;oranger, offrent une premi\u00e8re impression lumineuse et vivifiante. Elles s&rsquo;entrelacent avec des notes florales d\u00e9licates, principalement la tub\u00e9reuse, le jasmin et la rose bulgare, qui apportent au parfum une sensualit\u00e9 sophistiqu\u00e9e et enveloppante.<\/p>\n<p data-start=\"759\" data-end=\"1222\">La base du parfum se compose de vanille et de bois de c\u00e8dre, cr\u00e9ant une chaleur profonde et un sillage doux, mais puissant. Ces notes bois\u00e9es et sucr\u00e9es viennent \u00e9quilibrer la fra\u00eecheur et la florale, offrant ainsi une harmonie parfaite entre l\u00e9g\u00e8ret\u00e9 et profondeur. Ce parfum est con\u00e7u pour la femme qui souhaite laisser une trace ind\u00e9l\u00e9bile, que ce soit lors de moments sp\u00e9ciaux ou pour un usage quotidien o\u00f9 l&rsquo;\u00e9l\u00e9gance et la confiance en soi sont essentielles.<\/p>\n<p data-start=\"1224\" data-end=\"1828\">Le flacon de <strong data-start=\"1237\" data-end=\"1284\">Giorgio Armani My Way Eau de Parfum Intense<\/strong> se distingue par sa simplicit\u00e9 raffin\u00e9e, fid\u00e8le \u00e0 la philosophie de la marque Giorgio Armani. Sa forme \u00e9pur\u00e9e et sa couleur transparente refl\u00e8tent le luxe discret et intemporel de la maison, tandis que le capuchon dor\u00e9 symbolise l&rsquo;\u00e9l\u00e9gance ultime. Ce parfum intense et captivant est un v\u00e9ritable hommage \u00e0 la f\u00e9minit\u00e9, un choix id\u00e9al pour celles qui recherchent un parfum \u00e0 la fois raffin\u00e9, audacieux et durable. Il est un compagnon id\u00e9al pour les femmes qui vivent leur vie avec d\u00e9termination, laissant une empreinte marquante \u00e0 chaque \u00e9tape.<\/p>\n<p data-start=\"1027\" data-end=\"1378\">Follow us! <a href=\"https:\/\/www.instagram.com\/freeshopswiss\/\" target=\"_blank\" rel=\"noopener\">@freeshopswiss<\/a><\/p>\n","protected":false},"excerpt":{"rendered":"<p><em><strong>Eau de Parfum<\/strong><\/em><\/p>\n","protected":false},"featured_media":15880,"comment_status":"open","ping_status":"closed","template":"","meta":[],"pwb-brand":[263],"product_brand":[],"product_cat":[87,109],"product_tag":[252,296,789,97],"class_list":{"0":"post-15904","1":"product","2":"type-product","3":"status-publish","4":"has-post-thumbnail","6":"pwb-brand-giorgio-armani","7":"product_cat-parfums","8":"product_cat-pour-elle","9":"product_tag-eau-de-parfum-fr","10":"product_tag-femme","11":"product_tag-womens-fragrances-fr","12":"product_tag-parfums","14":"first","15":"instock","16":"sale","17":"taxable","18":"shipping-taxable","19":"purchasable","20":"product-type-variable","21":"has-default-attributes"},"brands":[{"id":263,"name":"Giorgio Armani","slug":"giorgio-armani"}],"_links":{"self":[{"href":"https:\/\/www.freeshopfrontiera.ch\/fr\/wp-json\/wp\/v2\/product\/15904","targetHints":{"allow":["GET"]}}],"collection":[{"href":"https:\/\/www.freeshopfrontiera.ch\/fr\/wp-json\/wp\/v2\/product"}],"about":[{"href":"https:\/\/www.freeshopfrontiera.ch\/fr\/wp-json\/wp\/v2\/types\/product"}],"replies":[{"embeddable":true,"href":"https:\/\/www.freeshopfrontiera.ch\/fr\/wp-json\/wp\/v2\/comments?post=15904"}],"version-history":[{"count":2,"href":"https:\/\/www.freeshopfrontiera.ch\/fr\/wp-json\/wp\/v2\/product\/15904\/revisions"}],"predecessor-version":[{"id":18229,"href":"https:\/\/www.freeshopfrontiera.ch\/fr\/wp-json\/wp\/v2\/product\/15904\/revisions\/18229"}],"wp:featuredmedia":[{"embeddable":true,"href":"https:\/\/www.freeshopfrontiera.ch\/fr\/wp-json\/wp\/v2\/media\/15880"}],"wp:attachment":[{"href":"https:\/\/www.freeshopfrontiera.ch\/fr\/wp-json\/wp\/v2\/media?parent=15904"}],"wp:term":[{"taxonomy":"pwb-brand","embeddable":true,"href":"https:\/\/www.freeshopfrontiera.ch\/fr\/wp-json\/wp\/v2\/pwb-brand?post=15904"},{"taxonomy":"product_brand","embeddable":true,"href":"https:\/\/www.freeshopfrontiera.ch\/fr\/wp-json\/wp\/v2\/product_brand?post=15904"},{"taxonomy":"product_cat","embeddable":true,"href":"https:\/\/www.freeshopfrontiera.ch\/fr\/wp-json\/wp\/v2\/product_cat?post=15904"},{"taxonomy":"product_tag","embeddable":true,"href":"https:\/\/www.freeshopfrontiera.ch\/fr\/wp-json\/wp\/v2\/product_tag?post=15904"}],"curies":[{"name":"wp","href":"https:\/\/api.w.org\/{rel}","templated":true}]}}