{"id":15971,"date":"2025-02-25T16:03:23","date_gmt":"2025-02-25T16:03:23","guid":{"rendered":"https:\/\/freeshopswiss.alesca.org\/shop\/lancome-idole-now-eau-de-parfum-floral\/"},"modified":"2025-03-12T10:38:09","modified_gmt":"2025-03-12T10:38:09","slug":"lancome-idole-now-eau-de-parfum-floral","status":"publish","type":"product","link":"https:\/\/www.freeshopfrontiera.ch\/fr\/shop\/lancome-idole-now-eau-de-parfum-floral\/","title":{"rendered":"LANCOME Idole Now Floral"},"content":{"rendered":"<p data-start=\"1813\" data-end=\"2219\"><strong data-start=\"1813\" data-end=\"1855\">Lanc\u00f4me Id\u00f4le Now Eau de Parfum Floral<\/strong> est une fragrance qui incarne la f\u00e9minit\u00e9 moderne, \u00e9l\u00e9gante et audacieuse. Un parfum floral qui c\u00e9l\u00e8bre la force int\u00e9rieure d&rsquo;une femme qui sait ce qu&rsquo;elle veut et n&rsquo;a pas peur de l&rsquo;obtenir. <strong data-start=\"2047\" data-end=\"2060\">Id\u00f4le Now<\/strong> est un hommage \u00e0 la beaut\u00e9 et \u00e0 la puissance de la femme contemporaine, avec une composition olfactive qui allie fra\u00eecheur, \u00e9l\u00e9gance et une sensualit\u00e9 unique.<\/p>\n<p data-start=\"2221\" data-end=\"2630\">L&rsquo;ouverture de la fragrance est fra\u00eeche et vivifiante, avec une combinaison de notes agrumes et fruit\u00e9es qui apportent une sensation imm\u00e9diate d&rsquo;\u00e9nergie et de vitalit\u00e9. Le c\u0153ur du parfum se d\u00e9veloppe autour de la rose et du jasmin, formant un bouquet floral enveloppant et raffin\u00e9. Les notes de fond, plus chaudes et sensuelles, sont domin\u00e9es par le musc et le c\u00e8dre, cr\u00e9ant une base \u00e9l\u00e9gante et sophistiqu\u00e9e.<\/p>\n<p data-start=\"2632\" data-end=\"3006\">Le flacon de <strong data-start=\"2645\" data-end=\"2666\">Lanc\u00f4me Id\u00f4le Now<\/strong> est un v\u00e9ritable symbole de modernit\u00e9 et de f\u00e9minit\u00e9. Son design \u00e9l\u00e9gant et minimaliste est rehauss\u00e9 par un d\u00e9tail dor\u00e9, repr\u00e9sentant la lumi\u00e8re et la force int\u00e9rieure de chaque femme. <strong data-start=\"2852\" data-end=\"2886\">Id\u00f4le Now Eau de Parfum Floral<\/strong> est le choix id\u00e9al pour les femmes qui veulent se sentir uniques et puissantes, tout en restant d\u00e9licates et raffin\u00e9es.<\/p>\n<p data-start=\"3008\" data-end=\"3209\">Ce parfum est parfait pour toutes les occasions, du jour \u00e0 la nuit, pour toutes les femmes qui souhaitent une fragrance fra\u00eeche, florale et sophistiqu\u00e9e, laissant une sensation durable et irr\u00e9sistible.<\/p>\n<p data-start=\"1576\" data-end=\"1772\">Follow us! <a href=\"https:\/\/www.instagram.com\/freeshopswiss\/\" target=\"_blank\" rel=\"noopener\">@freeshopswiss<\/a><\/p>\n","protected":false},"excerpt":{"rendered":"<p><em><strong>Eau de Parfum<\/strong><\/em><\/p>\n","protected":false},"featured_media":15959,"comment_status":"open","ping_status":"closed","template":"","meta":[],"pwb-brand":[262],"product_brand":[],"product_cat":[87,109],"product_tag":[252,296,789,97],"class_list":{"0":"post-15971","1":"product","2":"type-product","3":"status-publish","4":"has-post-thumbnail","6":"pwb-brand-lancome","7":"product_cat-parfums","8":"product_cat-pour-elle","9":"product_tag-eau-de-parfum-fr","10":"product_tag-femme","11":"product_tag-womens-fragrances-fr","12":"product_tag-parfums","14":"first","15":"instock","16":"sale","17":"taxable","18":"shipping-taxable","19":"purchasable","20":"product-type-variable","21":"has-default-attributes"},"brands":[{"id":262,"name":"Lanc\u00f4me","slug":"lancome"}],"_links":{"self":[{"href":"https:\/\/www.freeshopfrontiera.ch\/fr\/wp-json\/wp\/v2\/product\/15971","targetHints":{"allow":["GET"]}}],"collection":[{"href":"https:\/\/www.freeshopfrontiera.ch\/fr\/wp-json\/wp\/v2\/product"}],"about":[{"href":"https:\/\/www.freeshopfrontiera.ch\/fr\/wp-json\/wp\/v2\/types\/product"}],"replies":[{"embeddable":true,"href":"https:\/\/www.freeshopfrontiera.ch\/fr\/wp-json\/wp\/v2\/comments?post=15971"}],"version-history":[{"count":3,"href":"https:\/\/www.freeshopfrontiera.ch\/fr\/wp-json\/wp\/v2\/product\/15971\/revisions"}],"predecessor-version":[{"id":18227,"href":"https:\/\/www.freeshopfrontiera.ch\/fr\/wp-json\/wp\/v2\/product\/15971\/revisions\/18227"}],"wp:featuredmedia":[{"embeddable":true,"href":"https:\/\/www.freeshopfrontiera.ch\/fr\/wp-json\/wp\/v2\/media\/15959"}],"wp:attachment":[{"href":"https:\/\/www.freeshopfrontiera.ch\/fr\/wp-json\/wp\/v2\/media?parent=15971"}],"wp:term":[{"taxonomy":"pwb-brand","embeddable":true,"href":"https:\/\/www.freeshopfrontiera.ch\/fr\/wp-json\/wp\/v2\/pwb-brand?post=15971"},{"taxonomy":"product_brand","embeddable":true,"href":"https:\/\/www.freeshopfrontiera.ch\/fr\/wp-json\/wp\/v2\/product_brand?post=15971"},{"taxonomy":"product_cat","embeddable":true,"href":"https:\/\/www.freeshopfrontiera.ch\/fr\/wp-json\/wp\/v2\/product_cat?post=15971"},{"taxonomy":"product_tag","embeddable":true,"href":"https:\/\/www.freeshopfrontiera.ch\/fr\/wp-json\/wp\/v2\/product_tag?post=15971"}],"curies":[{"name":"wp","href":"https:\/\/api.w.org\/{rel}","templated":true}]}}