{"id":15997,"date":"2025-02-25T16:34:51","date_gmt":"2025-02-25T16:34:51","guid":{"rendered":"https:\/\/freeshopswiss.alesca.org\/?post_type=product&#038;p=15997"},"modified":"2025-03-12T10:37:45","modified_gmt":"2025-03-12T10:37:45","slug":"zadig-voltaire-this-is-her-undressed-eau-de-parfum-50ml-copia","status":"publish","type":"product","link":"https:\/\/www.freeshopfrontiera.ch\/fr\/shop\/zadig-voltaire-this-is-her-undressed-eau-de-parfum-50ml-copia\/","title":{"rendered":"VAN CLEEF &#038; ARPELS The Amara 75ml"},"content":{"rendered":"<p data-start=\"1877\" data-end=\"2336\"><strong data-start=\"1877\" data-end=\"1928\">Van Cleef &amp; Arpels The Amara Eau de Parfum 75ml<\/strong> est un parfum exclusif et sophistiqu\u00e9 qui incarne le luxe intemporel et l\u2019\u00e9l\u00e9gance de la maison de haute joaillerie. <strong data-start=\"2046\" data-end=\"2059\">The Amara<\/strong> est une fragrance envo\u00fbtante et s\u00e9duisante, pens\u00e9e pour celles qui recherchent un parfum capable d\u2019exprimer la force, la beaut\u00e9 et le myst\u00e8re. Inspir\u00e9e par la sensualit\u00e9 d\u2019une femme passionn\u00e9e et d\u00e9termin\u00e9e, cette fragrance est un hommage \u00e0 la f\u00e9minit\u00e9 audacieuse et \u00e9l\u00e9gante.<\/p>\n<p data-start=\"2338\" data-end=\"2768\">L\u2019ouverture de <strong data-start=\"2353\" data-end=\"2366\">The Amara<\/strong> est fra\u00eeche et fruit\u00e9e, avec des notes de mandarine et de citron qui apportent \u00e9nergie et \u00e9clat. Le fruit se m\u00eale \u00e0 un c\u0153ur floral de jasmin et de rose, apportant une touche romantique et raffin\u00e9e au parfum. Ce c\u0153ur floral \u00e9volue vers une base chaude et enveloppante, domin\u00e9e par le c\u00e8dre et le musc, offrant une profondeur \u00e9tonnante, tandis que la vanille ajoute une douceur sensuelle et chaleureuse.<\/p>\n<p data-start=\"2770\" data-end=\"3200\">Le flacon de <strong data-start=\"2783\" data-end=\"2815\">Van Cleef &amp; Arpels The Amara<\/strong> est une v\u00e9ritable \u0153uvre d\u2019art, reflet de la beaut\u00e9 et de la sophistication de la fragrance. Son design \u00e9l\u00e9gant, aux lignes modernes et douces, s\u2019inspire de l\u2019h\u00e9ritage du cr\u00e9ateur, offrant au parfum une allure luxueuse et distinctive. Avec son emballage raffin\u00e9, <strong data-start=\"3078\" data-end=\"3105\">The Amara Eau de Parfum<\/strong> est le symbole de l\u2019\u00e9l\u00e9gance et du raffinement, parfait pour la femme moderne et sophistiqu\u00e9e.<\/p>\n<p data-start=\"3202\" data-end=\"3416\">Id\u00e9ale pour toute occasion sp\u00e9ciale, <strong data-start=\"3239\" data-end=\"3252\">The Amara<\/strong> est une fragrance qui laisse une empreinte ind\u00e9l\u00e9bile, devenant le compagnon parfait pour celle qui souhaite se d\u00e9marquer par un parfum sophistiqu\u00e9 et inoubliable.<\/p>\n<p>Suivez toutes nos actualit\u00e9s! <a href=\"https:\/\/www.instagram.com\/freeshopswiss\/\" target=\"_blank\" rel=\"noopener\">@freeshopswiss<\/a><\/p>\n","protected":false},"excerpt":{"rendered":"<p><em><strong>Eau de Parfum<\/strong><\/em><\/p>\n","protected":false},"featured_media":16000,"comment_status":"open","ping_status":"closed","template":"","meta":[],"pwb-brand":[404],"product_brand":[],"product_cat":[87,109],"product_tag":[252,296,789,97],"class_list":{"0":"post-15997","1":"product","2":"type-product","3":"status-publish","4":"has-post-thumbnail","6":"pwb-brand-van-cleef-arpels","7":"product_cat-parfums","8":"product_cat-pour-elle","9":"product_tag-eau-de-parfum-fr","10":"product_tag-femme","11":"product_tag-womens-fragrances-fr","12":"product_tag-parfums","14":"first","15":"instock","16":"sale","17":"taxable","18":"shipping-taxable","19":"purchasable","20":"product-type-simple"},"brands":[{"id":404,"name":"Van Cleef &amp; Arpels","slug":"van-cleef-arpels"}],"_links":{"self":[{"href":"https:\/\/www.freeshopfrontiera.ch\/fr\/wp-json\/wp\/v2\/product\/15997","targetHints":{"allow":["GET"]}}],"collection":[{"href":"https:\/\/www.freeshopfrontiera.ch\/fr\/wp-json\/wp\/v2\/product"}],"about":[{"href":"https:\/\/www.freeshopfrontiera.ch\/fr\/wp-json\/wp\/v2\/types\/product"}],"replies":[{"embeddable":true,"href":"https:\/\/www.freeshopfrontiera.ch\/fr\/wp-json\/wp\/v2\/comments?post=15997"}],"version-history":[{"count":4,"href":"https:\/\/www.freeshopfrontiera.ch\/fr\/wp-json\/wp\/v2\/product\/15997\/revisions"}],"predecessor-version":[{"id":18225,"href":"https:\/\/www.freeshopfrontiera.ch\/fr\/wp-json\/wp\/v2\/product\/15997\/revisions\/18225"}],"wp:featuredmedia":[{"embeddable":true,"href":"https:\/\/www.freeshopfrontiera.ch\/fr\/wp-json\/wp\/v2\/media\/16000"}],"wp:attachment":[{"href":"https:\/\/www.freeshopfrontiera.ch\/fr\/wp-json\/wp\/v2\/media?parent=15997"}],"wp:term":[{"taxonomy":"pwb-brand","embeddable":true,"href":"https:\/\/www.freeshopfrontiera.ch\/fr\/wp-json\/wp\/v2\/pwb-brand?post=15997"},{"taxonomy":"product_brand","embeddable":true,"href":"https:\/\/www.freeshopfrontiera.ch\/fr\/wp-json\/wp\/v2\/product_brand?post=15997"},{"taxonomy":"product_cat","embeddable":true,"href":"https:\/\/www.freeshopfrontiera.ch\/fr\/wp-json\/wp\/v2\/product_cat?post=15997"},{"taxonomy":"product_tag","embeddable":true,"href":"https:\/\/www.freeshopfrontiera.ch\/fr\/wp-json\/wp\/v2\/product_tag?post=15997"}],"curies":[{"name":"wp","href":"https:\/\/api.w.org\/{rel}","templated":true}]}}