{"id":17467,"date":"2025-03-10T11:50:21","date_gmt":"2025-03-10T11:50:21","guid":{"rendered":"https:\/\/freeshopswiss.alesca.org\/?post_type=product&#038;p=17467"},"modified":"2025-03-12T11:35:46","modified_gmt":"2025-03-12T11:35:46","slug":"zadig-voltaire-this-is-him-eau-de-toilette","status":"publish","type":"product","link":"https:\/\/www.freeshopfrontiera.ch\/fr\/shop\/zadig-voltaire-this-is-him-eau-de-toilette\/","title":{"rendered":"ZADIG &#038; VOLTAIRE This Is Him! 100ml"},"content":{"rendered":"<p data-start=\"5204\" data-end=\"5510\"><strong>Zadig &amp; Voltaire pr\u00e9sente <em data-start=\"5230\" data-end=\"5244\">This Is Him!<\/em><\/strong> Eau de Toilette, un parfum unique pour l&rsquo;homme moderne qui cherche \u00e0 exprimer sa personnalit\u00e9 avec confiance et force. Cette cr\u00e9ation olfactive allie \u00e9l\u00e9gance non conventionnelle et esprit audacieux, ce qui en fait un choix id\u00e9al pour ceux qui veulent se d\u00e9marquer.<\/p>\n<p data-start=\"5512\" data-end=\"5933\">Le parfum s&rsquo;ouvre sur des notes fra\u00eeches et \u00e9pic\u00e9es de <strong data-start=\"5567\" data-end=\"5582\">poivre rose<\/strong> et de <strong data-start=\"5589\" data-end=\"5602\">bergamote<\/strong>, cr\u00e9ant une premi\u00e8re impression \u00e9nergique et vibrante. Au c\u0153ur du parfum, les notes de <strong data-start=\"5690\" data-end=\"5700\">encens<\/strong> et de <strong data-start=\"5707\" data-end=\"5718\">vanille<\/strong> \u00e9mergent, apportant une profondeur sensuelle qui contraste magnifiquement avec les notes de t\u00eate fra\u00eeches. Ces notes centrales offrent un parfum myst\u00e9rieux et chaleureux, invitant \u00e0 la curiosit\u00e9 et \u00e0 la d\u00e9couverte.<\/p>\n<p data-start=\"5935\" data-end=\"6296\">La base du parfum est domin\u00e9e par des notes de <strong data-start=\"5982\" data-end=\"6000\">bois de santal<\/strong> et d\u2019<strong data-start=\"6006\" data-end=\"6015\">ambre<\/strong>, offrant une intensit\u00e9 profonde et durable. Ces ingr\u00e9dients laissent une trace chaude et enveloppante qui persiste tout au long de la journ\u00e9e. <em data-start=\"6159\" data-end=\"6173\">This Is Him!<\/em> est un parfum qui convient \u00e0 toutes les occasions, parfait pour accompagner l&rsquo;homme tout au long de sa journ\u00e9e et au-del\u00e0.<\/p>\n<p data-start=\"6298\" data-end=\"6517\">Le flacon, \u00e0 la fois \u00e9l\u00e9gant et minimaliste, refl\u00e8te la personnalit\u00e9 forte et d\u00e9termin\u00e9e de l&rsquo;homme qui choisit <em data-start=\"6410\" data-end=\"6424\">This Is Him!<\/em>. Le design \u00e9pur\u00e9 et moderne du flacon en verre est un symbole de simplicit\u00e9 et de puissance.<\/p>\n<p data-start=\"6519\" data-end=\"6770\">Parfait pour chaque occasion, ce parfum est un appel \u00e0 vivre avec audace, \u00e0 embrasser la passion et \u00e0 faire des choix sans compromis. Gr\u00e2ce \u00e0 sa longue dur\u00e9e, il est \u00e9galement id\u00e9al pour une soir\u00e9e sp\u00e9ciale, laissant une empreinte olfactive m\u00e9morable.<\/p>\n<p>Suivez toutes nos actualit\u00e9s! <a href=\"https:\/\/www.instagram.com\/freeshopswiss\/\" target=\"_blank\" rel=\"noopener\">@freeshopswiss<\/a><\/p>\n","protected":false},"excerpt":{"rendered":"<p><em><strong>Eau de Toilette<\/strong><\/em><\/p>\n","protected":false},"featured_media":17470,"comment_status":"open","ping_status":"closed","template":"","meta":[],"pwb-brand":[390],"product_brand":[],"product_cat":[87,89],"product_tag":[141,1629,143,97],"class_list":{"0":"post-17467","1":"product","2":"type-product","3":"status-publish","4":"has-post-thumbnail","6":"pwb-brand-zadig-voltaire","7":"product_cat-parfums","8":"product_cat-pour-lui","9":"product_tag-eau-de-toilette-fr","10":"product_tag-mens-fragrances-fr","11":"product_tag-homme","12":"product_tag-parfums","14":"first","15":"instock","16":"sale","17":"taxable","18":"shipping-taxable","19":"purchasable","20":"product-type-simple"},"brands":[{"id":390,"name":"ZADIG &amp; VOLTAIRE","slug":"zadig-voltaire"}],"_links":{"self":[{"href":"https:\/\/www.freeshopfrontiera.ch\/fr\/wp-json\/wp\/v2\/product\/17467","targetHints":{"allow":["GET"]}}],"collection":[{"href":"https:\/\/www.freeshopfrontiera.ch\/fr\/wp-json\/wp\/v2\/product"}],"about":[{"href":"https:\/\/www.freeshopfrontiera.ch\/fr\/wp-json\/wp\/v2\/types\/product"}],"replies":[{"embeddable":true,"href":"https:\/\/www.freeshopfrontiera.ch\/fr\/wp-json\/wp\/v2\/comments?post=17467"}],"version-history":[{"count":4,"href":"https:\/\/www.freeshopfrontiera.ch\/fr\/wp-json\/wp\/v2\/product\/17467\/revisions"}],"predecessor-version":[{"id":18223,"href":"https:\/\/www.freeshopfrontiera.ch\/fr\/wp-json\/wp\/v2\/product\/17467\/revisions\/18223"}],"wp:featuredmedia":[{"embeddable":true,"href":"https:\/\/www.freeshopfrontiera.ch\/fr\/wp-json\/wp\/v2\/media\/17470"}],"wp:attachment":[{"href":"https:\/\/www.freeshopfrontiera.ch\/fr\/wp-json\/wp\/v2\/media?parent=17467"}],"wp:term":[{"taxonomy":"pwb-brand","embeddable":true,"href":"https:\/\/www.freeshopfrontiera.ch\/fr\/wp-json\/wp\/v2\/pwb-brand?post=17467"},{"taxonomy":"product_brand","embeddable":true,"href":"https:\/\/www.freeshopfrontiera.ch\/fr\/wp-json\/wp\/v2\/product_brand?post=17467"},{"taxonomy":"product_cat","embeddable":true,"href":"https:\/\/www.freeshopfrontiera.ch\/fr\/wp-json\/wp\/v2\/product_cat?post=17467"},{"taxonomy":"product_tag","embeddable":true,"href":"https:\/\/www.freeshopfrontiera.ch\/fr\/wp-json\/wp\/v2\/product_tag?post=17467"}],"curies":[{"name":"wp","href":"https:\/\/api.w.org\/{rel}","templated":true}]}}