{"id":17530,"date":"2025-03-10T13:49:30","date_gmt":"2025-03-10T13:49:30","guid":{"rendered":"https:\/\/freeshopswiss.alesca.org\/shop\/hair-company-inimitable-style-no-frizz-cream-200ml\/"},"modified":"2025-03-10T13:56:14","modified_gmt":"2025-03-10T13:56:14","slug":"hair-company-inimitable-style-no-frizz-cream-200ml","status":"publish","type":"product","link":"https:\/\/www.freeshopfrontiera.ch\/fr\/shop\/hair-company-inimitable-style-no-frizz-cream-200ml\/","title":{"rendered":"HAIR COMPANY Inimitable Style No Frizz Cream 200ml"},"content":{"rendered":"<p data-start=\"4748\" data-end=\"5230\"><strong data-start=\"4748\" data-end=\"4796\">HAIR COMPANY Inimitable Style No Frizz Cream<\/strong> est la solution id\u00e9ale pour des cheveux lisses, doux et sans frisottis. Cette cr\u00e8me a \u00e9t\u00e9 sp\u00e9cialement con\u00e7ue pour lutter contre les frisottis et l&rsquo;humidit\u00e9, offrant \u00e0 vos cheveux une douceur incomparable et un look impeccable tout au long de la journ\u00e9e. Convient \u00e0 tous les types de cheveux, elle est parfaite pour celles et ceux qui recherchent une protection longue dur\u00e9e contre les effets du climat et les agressions ext\u00e9rieures.<\/p>\n<p data-start=\"5232\" data-end=\"5755\">La formule innovante de la <strong data-start=\"5259\" data-end=\"5277\">No Frizz Cream<\/strong> est enrichie en ingr\u00e9dients nourrissants qui agissent en synergie pour hydrater, lisser et discipliner les cheveux, tout en conservant un aspect naturel et sain. La <strong data-start=\"5443\" data-end=\"5467\">cr\u00e8me anti-frisottis<\/strong> enveloppe chaque m\u00e8che d&rsquo;un voile protecteur, emprisonnant l&rsquo;humidit\u00e9 et emp\u00eachant la formation de frisottis ou de boucles ind\u00e9sirables. Gr\u00e2ce \u00e0 sa texture l\u00e9g\u00e8re, la cr\u00e8me ne p\u00e8se pas sur les cheveux, mais leur donne du volume et de la maniabilit\u00e9 sans alt\u00e9rer leur brillance naturelle.<\/p>\n<p data-start=\"5757\" data-end=\"6135\">L\u2019application de <strong data-start=\"5774\" data-end=\"5809\">Inimitable Style No Frizz Cream<\/strong> est simple et rapide : appliquez une petite quantit\u00e9 de cr\u00e8me sur les cheveux humides, en insistant sur les longueurs et les pointes, puis coiffez comme vous le souhaitez. La cr\u00e8me aide \u00e0 garder les cheveux parfaits, m\u00eame par temps humide, tout en les prot\u00e9geant de l&rsquo;humidit\u00e9 et en leur offrant une texture lisse et soyeuse.<\/p>\n<p data-start=\"6137\" data-end=\"6454\">Avec une utilisation r\u00e9guli\u00e8re, vos cheveux seront visiblement plus disciplin\u00e9s, soyeux et brillants. La <strong data-start=\"6242\" data-end=\"6260\">No Frizz Cream<\/strong> de <strong data-start=\"6264\" data-end=\"6280\">HAIR COMPANY<\/strong> est id\u00e9ale pour ceux qui recherchent un traitement efficace et professionnel pour des cheveux toujours parfaits, prot\u00e9g\u00e9s et sans frisottis, pr\u00eats pour toutes les occasions.<\/p>\n<p data-start=\"1395\" data-end=\"1678\">Follow us! <a href=\"https:\/\/www.instagram.com\/freeshopswiss\/\" target=\"_blank\" rel=\"noopener\">@freeshopswiss<\/a><\/p>\n","protected":false},"excerpt":{"rendered":"<p>HAIR COMPANY Inimitable Style No Frizz Cream est la solution id\u00e9ale pour des cheveux lisses, doux et sans frisottis. Cette cr\u00e8me a \u00e9t\u00e9 sp\u00e9cialement con\u00e7ue pour lutter contre les frisottis et l&rsquo;humidit\u00e9, offrant \u00e0 vos cheveux une douceur incomparable et un look impeccable tout au long de la journ\u00e9e. Convient \u00e0 tous les types de [&hellip;]<\/p>\n","protected":false},"featured_media":17525,"comment_status":"open","ping_status":"closed","template":"","meta":[],"pwb-brand":[570],"product_brand":[],"product_cat":[109,542],"product_tag":[296,278,418],"class_list":{"0":"post-17530","1":"product","2":"type-product","3":"status-publish","4":"has-post-thumbnail","6":"pwb-brand-hair-company","7":"product_cat-pour-elle","8":"product_cat-soin-capillaire","9":"product_tag-femme","10":"product_tag-offre","11":"product_tag-soins-capillaires-fr","13":"first","14":"outofstock","15":"sale","16":"taxable","17":"shipping-taxable","18":"purchasable","19":"product-type-simple"},"brands":[{"id":570,"name":"Hair Company","slug":"hair-company"}],"_links":{"self":[{"href":"https:\/\/www.freeshopfrontiera.ch\/fr\/wp-json\/wp\/v2\/product\/17530","targetHints":{"allow":["GET"]}}],"collection":[{"href":"https:\/\/www.freeshopfrontiera.ch\/fr\/wp-json\/wp\/v2\/product"}],"about":[{"href":"https:\/\/www.freeshopfrontiera.ch\/fr\/wp-json\/wp\/v2\/types\/product"}],"replies":[{"embeddable":true,"href":"https:\/\/www.freeshopfrontiera.ch\/fr\/wp-json\/wp\/v2\/comments?post=17530"}],"version-history":[{"count":2,"href":"https:\/\/www.freeshopfrontiera.ch\/fr\/wp-json\/wp\/v2\/product\/17530\/revisions"}],"predecessor-version":[{"id":17534,"href":"https:\/\/www.freeshopfrontiera.ch\/fr\/wp-json\/wp\/v2\/product\/17530\/revisions\/17534"}],"wp:featuredmedia":[{"embeddable":true,"href":"https:\/\/www.freeshopfrontiera.ch\/fr\/wp-json\/wp\/v2\/media\/17525"}],"wp:attachment":[{"href":"https:\/\/www.freeshopfrontiera.ch\/fr\/wp-json\/wp\/v2\/media?parent=17530"}],"wp:term":[{"taxonomy":"pwb-brand","embeddable":true,"href":"https:\/\/www.freeshopfrontiera.ch\/fr\/wp-json\/wp\/v2\/pwb-brand?post=17530"},{"taxonomy":"product_brand","embeddable":true,"href":"https:\/\/www.freeshopfrontiera.ch\/fr\/wp-json\/wp\/v2\/product_brand?post=17530"},{"taxonomy":"product_cat","embeddable":true,"href":"https:\/\/www.freeshopfrontiera.ch\/fr\/wp-json\/wp\/v2\/product_cat?post=17530"},{"taxonomy":"product_tag","embeddable":true,"href":"https:\/\/www.freeshopfrontiera.ch\/fr\/wp-json\/wp\/v2\/product_tag?post=17530"}],"curies":[{"name":"wp","href":"https:\/\/api.w.org\/{rel}","templated":true}]}}