{"id":17545,"date":"2025-03-10T14:11:44","date_gmt":"2025-03-10T14:11:44","guid":{"rendered":"https:\/\/freeshopswiss.alesca.org\/shop\/collistar-supertanning-water-moisturizing\/"},"modified":"2025-03-12T10:35:57","modified_gmt":"2025-03-12T10:35:57","slug":"collistar-supertanning-water-moisturizing","status":"publish","type":"product","link":"https:\/\/www.freeshopfrontiera.ch\/fr\/shop\/collistar-supertanning-water-moisturizing\/","title":{"rendered":"COLLISTAR Supertanning Water SPF0 400ml"},"content":{"rendered":"<p data-start=\"5312\" data-end=\"5729\"><strong data-start=\"5312\" data-end=\"5387\">COLLISTAR Supertanning Water Moisturizing Anti-Salt with Aloe Milk SPF0<\/strong> est le produit id\u00e9al pour obtenir un bronzage rapide et s\u00fbr, sans compromettre l&rsquo;hydratation et la protection contre les agressions ext\u00e9rieures. Ce soin solaire sp\u00e9cial en spray de 400 ml offre une action intens\u00e9ment hydratante, nourrissante et rafra\u00eechissante gr\u00e2ce \u00e0 sa formule enrichie en <strong data-start=\"5680\" data-end=\"5700\">lait d\u2019aloe vera<\/strong> et autres extraits naturels.<\/p>\n<p data-start=\"5731\" data-end=\"6286\">Sa formule avanc\u00e9e est con\u00e7ue pour contrer les effets n\u00e9fastes du sel marin et de l&rsquo;eau chlor\u00e9e, qui peuvent ass\u00e9cher et ab\u00eemer la peau lors de l&rsquo;exposition au soleil. <strong data-start=\"5899\" data-end=\"5921\">Supertanning Water<\/strong> agit comme une barri\u00e8re protectrice, aidant \u00e0 maintenir la peau \u00e9lastique, douce et hydrat\u00e9e, tout en pr\u00e9venant la s\u00e9cheresse et le vieillissement pr\u00e9matur\u00e9. La pr\u00e9sence d\u2019<strong data-start=\"6094\" data-end=\"6107\">Aloe Vera<\/strong>, reconnue pour ses propri\u00e9t\u00e9s apaisantes et r\u00e9g\u00e9n\u00e9rantes, aide \u00e0 rafra\u00eechir et \u00e0 calmer la peau, tout en maintenant son hydratation m\u00eame apr\u00e8s une exposition prolong\u00e9e au soleil.<\/p>\n<p data-start=\"6288\" data-end=\"6660\">Ce soin est parfait pour celles et ceux qui souhaitent un bronzage dor\u00e9 et intense, sans n\u00e9gliger la protection de la peau. Sa texture l\u00e9g\u00e8re et fluide permet une application facile et rapide, sans laisser de r\u00e9sidus collants. La protection <strong data-start=\"6529\" data-end=\"6537\">SPF0<\/strong> est id\u00e9ale pour ceux qui ont d\u00e9j\u00e0 un bronzage et souhaitent l\u2019intensifier, tout en maintenant une peau saine et \u00e9clatante.<\/p>\n<p data-start=\"6662\" data-end=\"7015\"><strong data-start=\"6662\" data-end=\"6694\">COLLISTAR Supertanning Water<\/strong> convient \u00e0 tous les types de peau et peut \u00eatre utilis\u00e9 tout au long de la saison estivale, offrant une protection active contre les effets n\u00e9gatifs du soleil, du sel et du chlore. Gr\u00e2ce \u00e0 son flacon de 400 ml, vous pourrez profiter d&rsquo;un bronzage parfait tout l&rsquo;\u00e9t\u00e9, tout en gardant votre peau douce, soyeuse et prot\u00e9g\u00e9e.<\/p>\n<p data-start=\"1488\" data-end=\"1838\">Segui tutte le nostre novit\u00e0! <a href=\"https:\/\/www.instagram.com\/freeshopswiss\/\" target=\"_blank\" rel=\"noopener\">@freeshopswiss<\/a><\/p>\n","protected":false},"excerpt":{"rendered":"<p>COLLISTAR Supertanning Water Moisturizing Anti-Salt with Aloe Milk SPF0 est le produit id\u00e9al pour obtenir un bronzage rapide et s\u00fbr, sans compromettre l&rsquo;hydratation et la protection contre les agressions ext\u00e9rieures. Ce soin solaire sp\u00e9cial en spray de 400 ml offre une action intens\u00e9ment hydratante, nourrissante et rafra\u00eechissante gr\u00e2ce \u00e0 sa formule enrichie en lait d\u2019aloe [&hellip;]<\/p>\n","protected":false},"featured_media":17541,"comment_status":"open","ping_status":"closed","template":"","meta":[],"pwb-brand":[437],"product_brand":[],"product_cat":[109,89,424],"product_tag":[553,493,296,143,488],"class_list":{"0":"post-17545","1":"product","2":"type-product","3":"status-publish","4":"has-post-thumbnail","6":"pwb-brand-collistar","7":"product_cat-pour-elle","8":"product_cat-pour-lui","9":"product_cat-solari-fr","10":"product_tag-creme-solaire","11":"product_tag-ecrans-solaires","12":"product_tag-femme","13":"product_tag-homme","14":"product_tag-nouveautes-fr","16":"first","17":"instock","18":"sale","19":"taxable","20":"shipping-taxable","21":"purchasable","22":"product-type-simple"},"brands":[{"id":437,"name":"Collistar","slug":"collistar"}],"_links":{"self":[{"href":"https:\/\/www.freeshopfrontiera.ch\/fr\/wp-json\/wp\/v2\/product\/17545","targetHints":{"allow":["GET"]}}],"collection":[{"href":"https:\/\/www.freeshopfrontiera.ch\/fr\/wp-json\/wp\/v2\/product"}],"about":[{"href":"https:\/\/www.freeshopfrontiera.ch\/fr\/wp-json\/wp\/v2\/types\/product"}],"replies":[{"embeddable":true,"href":"https:\/\/www.freeshopfrontiera.ch\/fr\/wp-json\/wp\/v2\/comments?post=17545"}],"version-history":[{"count":3,"href":"https:\/\/www.freeshopfrontiera.ch\/fr\/wp-json\/wp\/v2\/product\/17545\/revisions"}],"predecessor-version":[{"id":18219,"href":"https:\/\/www.freeshopfrontiera.ch\/fr\/wp-json\/wp\/v2\/product\/17545\/revisions\/18219"}],"wp:featuredmedia":[{"embeddable":true,"href":"https:\/\/www.freeshopfrontiera.ch\/fr\/wp-json\/wp\/v2\/media\/17541"}],"wp:attachment":[{"href":"https:\/\/www.freeshopfrontiera.ch\/fr\/wp-json\/wp\/v2\/media?parent=17545"}],"wp:term":[{"taxonomy":"pwb-brand","embeddable":true,"href":"https:\/\/www.freeshopfrontiera.ch\/fr\/wp-json\/wp\/v2\/pwb-brand?post=17545"},{"taxonomy":"product_brand","embeddable":true,"href":"https:\/\/www.freeshopfrontiera.ch\/fr\/wp-json\/wp\/v2\/product_brand?post=17545"},{"taxonomy":"product_cat","embeddable":true,"href":"https:\/\/www.freeshopfrontiera.ch\/fr\/wp-json\/wp\/v2\/product_cat?post=17545"},{"taxonomy":"product_tag","embeddable":true,"href":"https:\/\/www.freeshopfrontiera.ch\/fr\/wp-json\/wp\/v2\/product_tag?post=17545"}],"curies":[{"name":"wp","href":"https:\/\/api.w.org\/{rel}","templated":true}]}}