{"id":17625,"date":"2025-03-10T16:29:54","date_gmt":"2025-03-10T16:29:54","guid":{"rendered":"https:\/\/freeshopswiss.alesca.org\/?post_type=product&#038;p=17625"},"modified":"2026-05-11T11:30:04","modified_gmt":"2026-05-11T11:30:04","slug":"clarins-demaquillant-express-yeux-125ml","status":"publish","type":"product","link":"https:\/\/www.freeshopfrontiera.ch\/fr\/shop\/clarins-demaquillant-express-yeux-125ml\/","title":{"rendered":"CLARINS Demaquillant Express Yeux 125ml"},"content":{"rendered":"<p data-start=\"3158\" data-end=\"3498\">Clarins D\u00e9maquillant Express Yeux est un d\u00e9maquillant doux et tr\u00e8s efficace, con\u00e7u pour enlever le maquillage des yeux et des l\u00e8vres sans irriter la peau. Sa formule biphas\u00e9e, combinant une phase aqueuse et une phase huileuse, garantit un d\u00e9maquillage rapide et complet, m\u00eame des maquillages les plus r\u00e9sistants comme le mascara waterproof.<\/p>\n<p data-start=\"3500\" data-end=\"3911\">Sa texture l\u00e9g\u00e8re permet de retirer toutes les traces de maquillage en quelques gestes simples, laissant la peau fra\u00eeche et hydrat\u00e9e. Les huiles de plantes naturelles, telles que le miel et la camomille, apaisent et nourrissent la peau sans l&rsquo;alourdir ni la dess\u00e9cher. Id\u00e9al pour les peaux sensibles et les porteurs de lentilles de contact, ce d\u00e9maquillant ne laisse aucun r\u00e9sidu et ne n\u00e9cessite pas de rin\u00e7age.<\/p>\n<p data-start=\"3913\" data-end=\"4225\">Parfait pour un nettoyage rapide et en profondeur, ce produit convient \u00e0 tous les types de peau. Gr\u00e2ce \u00e0 sa formule, le D\u00e9maquillant Express Yeux de Clarins \u00e9limine le maquillage en douceur, sans perturber l&rsquo;\u00e9quilibre de la peau. En quelques gestes, la peau appara\u00eet fra\u00eeche, propre et d\u00e9barrass\u00e9e des impuret\u00e9s.<\/p>\n<p data-start=\"4227\" data-end=\"4535\">Le flacon de 125 ml est pratique et confortable, id\u00e9al pour l&#8217;emporter partout. Il suffit de secouer la bouteille pour m\u00e9langer les deux phases et d&rsquo;appliquer avec un coton sur les yeux ou les l\u00e8vres. Sa formule est test\u00e9e sous contr\u00f4le ophtalmologique, la rendant s\u00fbre m\u00eame pour les yeux les plus sensibles.<\/p>\n<p data-start=\"4537\" data-end=\"4699\" data-is-last-node=\"\" data-is-only-node=\"\">Choisissez Clarins D\u00e9maquillant Express Yeux pour un d\u00e9maquillage rapide, efficace et doux. Offrez \u00e0 votre peau un nettoyage profond sans compromettre la douceur.<\/p>\n<p data-start=\"1488\" data-end=\"1838\">Follow us! <a href=\"https:\/\/www.instagram.com\/freeshopswiss\/\" target=\"_blank\" rel=\"noopener\">@freeshopswiss<\/a><\/p>\n","protected":false},"excerpt":{"rendered":"<p>Clarins D\u00e9maquillant Express Yeux est un d\u00e9maquillant doux et tr\u00e8s efficace, con\u00e7u pour enlever le maquillage des yeux et des l\u00e8vres sans irriter la peau. Sa formule biphas\u00e9e, combinant une phase aqueuse et une phase huileuse, garantit un d\u00e9maquillage rapide et complet, m\u00eame des maquillages les plus r\u00e9sistants comme le mascara waterproof. Sa texture l\u00e9g\u00e8re [&hellip;]<\/p>\n","protected":false},"featured_media":17631,"comment_status":"open","ping_status":"closed","template":"","meta":[],"pwb-brand":[311],"product_brand":[],"product_cat":[109,566,536,539],"product_tag":[296,417,301],"class_list":{"0":"post-17625","1":"product","2":"type-product","3":"status-publish","4":"has-post-thumbnail","6":"pwb-brand-clarins","7":"product_cat-pour-elle","8":"product_cat-make-up-fr-2","9":"product_cat-maquillage-des-yeux","10":"product_cat-maquillage-du-visage","11":"product_tag-femme","12":"product_tag-soins-fr","13":"product_tag-soins-du-visage","15":"first","16":"instock","17":"sale","18":"taxable","19":"shipping-taxable","20":"purchasable","21":"product-type-simple"},"brands":[{"id":311,"name":"Clarins","slug":"clarins"}],"_links":{"self":[{"href":"https:\/\/www.freeshopfrontiera.ch\/fr\/wp-json\/wp\/v2\/product\/17625","targetHints":{"allow":["GET"]}}],"collection":[{"href":"https:\/\/www.freeshopfrontiera.ch\/fr\/wp-json\/wp\/v2\/product"}],"about":[{"href":"https:\/\/www.freeshopfrontiera.ch\/fr\/wp-json\/wp\/v2\/types\/product"}],"replies":[{"embeddable":true,"href":"https:\/\/www.freeshopfrontiera.ch\/fr\/wp-json\/wp\/v2\/comments?post=17625"}],"version-history":[{"count":3,"href":"https:\/\/www.freeshopfrontiera.ch\/fr\/wp-json\/wp\/v2\/product\/17625\/revisions"}],"predecessor-version":[{"id":17641,"href":"https:\/\/www.freeshopfrontiera.ch\/fr\/wp-json\/wp\/v2\/product\/17625\/revisions\/17641"}],"wp:featuredmedia":[{"embeddable":true,"href":"https:\/\/www.freeshopfrontiera.ch\/fr\/wp-json\/wp\/v2\/media\/17631"}],"wp:attachment":[{"href":"https:\/\/www.freeshopfrontiera.ch\/fr\/wp-json\/wp\/v2\/media?parent=17625"}],"wp:term":[{"taxonomy":"pwb-brand","embeddable":true,"href":"https:\/\/www.freeshopfrontiera.ch\/fr\/wp-json\/wp\/v2\/pwb-brand?post=17625"},{"taxonomy":"product_brand","embeddable":true,"href":"https:\/\/www.freeshopfrontiera.ch\/fr\/wp-json\/wp\/v2\/product_brand?post=17625"},{"taxonomy":"product_cat","embeddable":true,"href":"https:\/\/www.freeshopfrontiera.ch\/fr\/wp-json\/wp\/v2\/product_cat?post=17625"},{"taxonomy":"product_tag","embeddable":true,"href":"https:\/\/www.freeshopfrontiera.ch\/fr\/wp-json\/wp\/v2\/product_tag?post=17625"}],"curies":[{"name":"wp","href":"https:\/\/api.w.org\/{rel}","templated":true}]}}