{"id":17660,"date":"2025-03-11T08:54:01","date_gmt":"2025-03-11T08:54:01","guid":{"rendered":"https:\/\/freeshopswiss.alesca.org\/shop\/swissoxx-pure-purity-cream-50ml\/"},"modified":"2025-03-11T08:58:01","modified_gmt":"2025-03-11T08:58:01","slug":"swissoxx-pure-purity-cream-50ml","status":"publish","type":"product","link":"https:\/\/www.freeshopfrontiera.ch\/fr\/shop\/swissoxx-pure-purity-cream-50ml\/","title":{"rendered":"SWISSOXX Pure &#8211; Purity Cream 50ml"},"content":{"rendered":"<p data-start=\"3493\" data-end=\"3859\">SWISSOXX Pure &#8211; Purity Cream 50ml est une cr\u00e8me de qualit\u00e9 sup\u00e9rieure, con\u00e7ue pour ceux qui souhaitent une peau purifi\u00e9e, hydrat\u00e9e et saine. Sa formule avanc\u00e9e est douce mais efficace, id\u00e9ale pour tous les types de peau, y compris les peaux les plus sensibles. Chaque application aide \u00e0 am\u00e9liorer la texture de la peau, lui donnant un aspect frais, lumineux et sain.<\/p>\n<p data-start=\"3861\" data-end=\"4229\">Cette cr\u00e8me est enrichie d&rsquo;ingr\u00e9dients naturels et de principes actifs qui agissent en synergie pour purifier en profondeur la peau. Son action \u00e9quilibrante aide \u00e0 r\u00e9duire les imperfections et les signes de stress, am\u00e9liorant ainsi visiblement l&rsquo;apparence de la peau. Sa formule l\u00e9g\u00e8re est facilement absorb\u00e9e sans laisser de r\u00e9sidus gras, offrant un confort imm\u00e9diat.<\/p>\n<p data-start=\"4231\" data-end=\"4613\">Id\u00e9ale pour une utilisation quotidienne, SWISSOXX Pure &#8211; Purity Cream est parfaite pour chaque moment de la journ\u00e9e. Son action hydratante et apaisante restaure l&rsquo;\u00e9quilibre naturel de la peau, la maintenant douce, lisse et prot\u00e9g\u00e9e. Son effet purifiant aide \u00e0 r\u00e9duire l&rsquo;exc\u00e8s de s\u00e9bum, tandis que les autres ingr\u00e9dients nourrissants am\u00e9liorent l&rsquo;\u00e9lasticit\u00e9 et la fermet\u00e9 de la peau.<\/p>\n<p data-start=\"4615\" data-end=\"4930\">L&#8217;emballage pratique de 50 ml en fait un produit id\u00e9al \u00e0 emporter partout, pour un soin de beaut\u00e9 m\u00eame en d\u00e9placement. Sans parab\u00e8nes, alcool ni produits chimiques agressifs, SWISSOXX Pure est un produit naturel et s\u00fbr, parfait pour ceux qui recherchent une solution douce mais efficace pour leurs soins de la peau.<\/p>\n<p data-start=\"4932\" data-end=\"5223\">Gr\u00e2ce \u00e0 la recherche avanc\u00e9e dans le domaine de la cosm\u00e9tique, SWISSOXX Pure &#8211; Purity Cream est le choix parfait pour ceux qui souhaitent prendre soin de leur peau de mani\u00e8re naturelle et innovante. Avec une utilisation r\u00e9guli\u00e8re, la peau appara\u00eetra toujours \u00e9quilibr\u00e9e, fra\u00eeche et prot\u00e9g\u00e9e.<\/p>\n<p data-start=\"1412\" data-end=\"1684\" data-is-last-node=\"\" data-is-only-node=\"\">Follow us! <a href=\"https:\/\/www.instagram.com\/freeshopswiss\/\" target=\"_blank\" rel=\"noopener\">@freeshopswiss<\/a><\/p>\n","protected":false},"excerpt":{"rendered":"<p>SWISSOXX Pure &#8211; Purity Cream 50ml est une cr\u00e8me de qualit\u00e9 sup\u00e9rieure, con\u00e7ue pour ceux qui souhaitent une peau purifi\u00e9e, hydrat\u00e9e et saine. Sa formule avanc\u00e9e est douce mais efficace, id\u00e9ale pour tous les types de peau, y compris les peaux les plus sensibles. Chaque application aide \u00e0 am\u00e9liorer la texture de la peau, lui [&hellip;]<\/p>\n","protected":false},"featured_media":17652,"comment_status":"open","ping_status":"closed","template":"","meta":[],"pwb-brand":[432],"product_brand":[],"product_cat":[109,295,545],"product_tag":[296,417,301],"class_list":{"0":"post-17660","1":"product","2":"type-product","3":"status-publish","4":"has-post-thumbnail","6":"pwb-brand-swissoxx","7":"product_cat-pour-elle","8":"product_cat-traitements","9":"product_cat-soin-du-visage","10":"product_tag-femme","11":"product_tag-soins-fr","12":"product_tag-soins-du-visage","14":"first","15":"instock","16":"sale","17":"taxable","18":"shipping-taxable","19":"purchasable","20":"product-type-simple"},"brands":[{"id":432,"name":"Swissoxx","slug":"swissoxx"}],"_links":{"self":[{"href":"https:\/\/www.freeshopfrontiera.ch\/fr\/wp-json\/wp\/v2\/product\/17660","targetHints":{"allow":["GET"]}}],"collection":[{"href":"https:\/\/www.freeshopfrontiera.ch\/fr\/wp-json\/wp\/v2\/product"}],"about":[{"href":"https:\/\/www.freeshopfrontiera.ch\/fr\/wp-json\/wp\/v2\/types\/product"}],"replies":[{"embeddable":true,"href":"https:\/\/www.freeshopfrontiera.ch\/fr\/wp-json\/wp\/v2\/comments?post=17660"}],"version-history":[{"count":2,"href":"https:\/\/www.freeshopfrontiera.ch\/fr\/wp-json\/wp\/v2\/product\/17660\/revisions"}],"predecessor-version":[{"id":17664,"href":"https:\/\/www.freeshopfrontiera.ch\/fr\/wp-json\/wp\/v2\/product\/17660\/revisions\/17664"}],"wp:featuredmedia":[{"embeddable":true,"href":"https:\/\/www.freeshopfrontiera.ch\/fr\/wp-json\/wp\/v2\/media\/17652"}],"wp:attachment":[{"href":"https:\/\/www.freeshopfrontiera.ch\/fr\/wp-json\/wp\/v2\/media?parent=17660"}],"wp:term":[{"taxonomy":"pwb-brand","embeddable":true,"href":"https:\/\/www.freeshopfrontiera.ch\/fr\/wp-json\/wp\/v2\/pwb-brand?post=17660"},{"taxonomy":"product_brand","embeddable":true,"href":"https:\/\/www.freeshopfrontiera.ch\/fr\/wp-json\/wp\/v2\/product_brand?post=17660"},{"taxonomy":"product_cat","embeddable":true,"href":"https:\/\/www.freeshopfrontiera.ch\/fr\/wp-json\/wp\/v2\/product_cat?post=17660"},{"taxonomy":"product_tag","embeddable":true,"href":"https:\/\/www.freeshopfrontiera.ch\/fr\/wp-json\/wp\/v2\/product_tag?post=17660"}],"curies":[{"name":"wp","href":"https:\/\/api.w.org\/{rel}","templated":true}]}}