{"id":17673,"date":"2025-03-11T09:08:08","date_gmt":"2025-03-11T09:08:08","guid":{"rendered":"https:\/\/freeshopswiss.alesca.org\/shop\/lancome-bi-facil-yeux-jumbo-size-200ml\/"},"modified":"2025-03-12T10:33:39","modified_gmt":"2025-03-12T10:33:39","slug":"lancome-bi-facil-yeux-jumbo-size-200ml","status":"publish","type":"product","link":"https:\/\/www.freeshopfrontiera.ch\/fr\/shop\/lancome-bi-facil-yeux-jumbo-size-200ml\/","title":{"rendered":"LANCOME Bi-Facil Yeux 200ml"},"content":{"rendered":"<p data-start=\"5213\" data-end=\"5790\"><strong>LANCOME Bi-Facil Yeux Jumbo Size 200ml<\/strong> est un d\u00e9maquillant biphas\u00e9 doux et hautement efficace, con\u00e7u pour \u00e9liminer le maquillage et les impuret\u00e9s des zones les plus sensibles du visage, telles que la zone des yeux. Gr\u00e2ce \u00e0 sa formule innovante, enrichie en ingr\u00e9dients apaisants et hydratants, il \u00e9limine facilement m\u00eame le maquillage le plus tenace, y compris le maquillage waterproof, sans irriter la peau ni provoquer de rougeurs. Sa texture l\u00e9g\u00e8re ne laisse aucun r\u00e9sidu gras, garantissant un d\u00e9maquillage rapide et confortable, tout en maintenant la peau douce et fra\u00eeche.<\/p>\n<p data-start=\"5792\" data-end=\"6372\">Ce produit est id\u00e9al pour les personnes ayant les yeux sensibles ou portant des lentilles de contact. Sa formule biphas\u00e9e, activ\u00e9e par un simple agitage de la bouteille, s\u00e9pare d\u00e9licatement les deux couches de liquide pour une action de nettoyage en profondeur et rapide. Le r\u00e9sultat est une peau parfaitement nettoy\u00e9e et hydrat\u00e9e, sans compromettre la d\u00e9licatesse de la zone des yeux. Le format Jumbo de 200 ml est parfait pour une utilisation quotidienne, offrant une grande performance et r\u00e9duisant la n\u00e9cessit\u00e9 d&rsquo;acheter fr\u00e9quemment, ce qui en fait une option plus \u00e9conomique.<\/p>\n<p data-start=\"6374\" data-end=\"6942\">Test\u00e9 ophtalmologiquement et dermatologiquement, LANCOME Bi-Facil Yeux est un produit s\u00fbr m\u00eame pour les peaux les plus sensibles. Sa formule ne contient pas d&rsquo;ingr\u00e9dients agressifs, garantissant un respect maximal de la peau et des yeux. Gr\u00e2ce \u00e0 son effet d\u00e9licat mais puissant, ce d\u00e9maquillant est id\u00e9al pour ceux qui recherchent un produit efficace pour \u00e9liminer le maquillage, tout en laissant la peau fra\u00eeche, hydrat\u00e9e et pr\u00eate pour la prochaine \u00e9tape de leur routine de soin. Ce n&rsquo;est pas seulement un d\u00e9maquillant, mais un v\u00e9ritable soin de beaut\u00e9 pour les yeux.<\/p>\n<p data-start=\"864\" data-end=\"1274\">Segui tutte le nostre novit\u00e0! <a href=\"https:\/\/www.instagram.com\/freeshopswiss\/\" target=\"_blank\" rel=\"noopener\">@freeshopswiss<\/a><\/p>\n","protected":false},"excerpt":{"rendered":"<p>LANCOME Bi-Facil Yeux Jumbo Size 200ml est un d\u00e9maquillant biphas\u00e9 doux et hautement efficace, con\u00e7u pour \u00e9liminer le maquillage et les impuret\u00e9s des zones les plus sensibles du visage, telles que la zone des yeux. Gr\u00e2ce \u00e0 sa formule innovante, enrichie en ingr\u00e9dients apaisants et hydratants, il \u00e9limine facilement m\u00eame le maquillage le plus tenace, [&hellip;]<\/p>\n","protected":false},"featured_media":17669,"comment_status":"open","ping_status":"closed","template":"","meta":[],"pwb-brand":[262],"product_brand":[],"product_cat":[109,566,539],"product_tag":[296,477,474],"class_list":{"0":"post-17673","1":"product","2":"type-product","3":"status-publish","4":"has-post-thumbnail","6":"pwb-brand-lancome","7":"product_cat-pour-elle","8":"product_cat-make-up-fr-2","9":"product_cat-maquillage-du-visage","10":"product_tag-femme","11":"product_tag-maquillage","12":"product_tag-maquillage-du-visage","14":"first","15":"outofstock","16":"sale","17":"taxable","18":"shipping-taxable","19":"purchasable","20":"product-type-simple"},"brands":[{"id":262,"name":"Lanc\u00f4me","slug":"lancome"}],"_links":{"self":[{"href":"https:\/\/www.freeshopfrontiera.ch\/fr\/wp-json\/wp\/v2\/product\/17673","targetHints":{"allow":["GET"]}}],"collection":[{"href":"https:\/\/www.freeshopfrontiera.ch\/fr\/wp-json\/wp\/v2\/product"}],"about":[{"href":"https:\/\/www.freeshopfrontiera.ch\/fr\/wp-json\/wp\/v2\/types\/product"}],"replies":[{"embeddable":true,"href":"https:\/\/www.freeshopfrontiera.ch\/fr\/wp-json\/wp\/v2\/comments?post=17673"}],"version-history":[{"count":2,"href":"https:\/\/www.freeshopfrontiera.ch\/fr\/wp-json\/wp\/v2\/product\/17673\/revisions"}],"predecessor-version":[{"id":18212,"href":"https:\/\/www.freeshopfrontiera.ch\/fr\/wp-json\/wp\/v2\/product\/17673\/revisions\/18212"}],"wp:featuredmedia":[{"embeddable":true,"href":"https:\/\/www.freeshopfrontiera.ch\/fr\/wp-json\/wp\/v2\/media\/17669"}],"wp:attachment":[{"href":"https:\/\/www.freeshopfrontiera.ch\/fr\/wp-json\/wp\/v2\/media?parent=17673"}],"wp:term":[{"taxonomy":"pwb-brand","embeddable":true,"href":"https:\/\/www.freeshopfrontiera.ch\/fr\/wp-json\/wp\/v2\/pwb-brand?post=17673"},{"taxonomy":"product_brand","embeddable":true,"href":"https:\/\/www.freeshopfrontiera.ch\/fr\/wp-json\/wp\/v2\/product_brand?post=17673"},{"taxonomy":"product_cat","embeddable":true,"href":"https:\/\/www.freeshopfrontiera.ch\/fr\/wp-json\/wp\/v2\/product_cat?post=17673"},{"taxonomy":"product_tag","embeddable":true,"href":"https:\/\/www.freeshopfrontiera.ch\/fr\/wp-json\/wp\/v2\/product_tag?post=17673"}],"curies":[{"name":"wp","href":"https:\/\/api.w.org\/{rel}","templated":true}]}}