{"id":17727,"date":"2025-03-11T10:07:06","date_gmt":"2025-03-11T10:07:06","guid":{"rendered":"https:\/\/freeshopswiss.alesca.org\/shop\/issey-miyake-leau-dissey-eau-de-parfum-75ml\/"},"modified":"2025-03-12T10:32:35","modified_gmt":"2025-03-12T10:32:35","slug":"issey-miyake-leau-dissey-eau-de-parfum-75ml","status":"publish","type":"product","link":"https:\/\/www.freeshopfrontiera.ch\/fr\/shop\/issey-miyake-leau-dissey-eau-de-parfum-75ml\/","title":{"rendered":"ISSEY MIYAKE L&rsquo;Eau d&rsquo;Issey 75ml"},"content":{"rendered":"<p data-start=\"4880\" data-end=\"5442\"><strong>ISSEY MIYAKE L&rsquo;Eau d&rsquo;Issey Eau de Parfum Rechargeable 75ml<\/strong> est une fragrance intemporelle qui incarne l&rsquo;\u00e9l\u00e9gance pure et la fra\u00eecheur de la nature. Ce parfum iconique a \u00e9t\u00e9 cr\u00e9\u00e9 pour la femme moderne et sophistiqu\u00e9e qui recherche une fragrance d\u00e9licate mais enveloppante, capable d\u2019\u00e9voquer des \u00e9motions de s\u00e9r\u00e9nit\u00e9 et de raffinement. Le flacon rechargeable de 75 ml est un choix innovant et \u00e9cologique qui permet de profiter du plaisir d&rsquo;une fragrance de haute qualit\u00e9 tout en r\u00e9duisant l&rsquo;impact environnemental, sans compromettre la beaut\u00e9 et la fonctionnalit\u00e9.<\/p>\n<p data-start=\"5444\" data-end=\"5953\">L&rsquo;Eau d&rsquo;Issey est une c\u00e9l\u00e9bration de la puret\u00e9 des \u00e9l\u00e9ments naturels, refl\u00e9t\u00e9e dans ses notes fra\u00eeches et florales. Les notes de t\u00eate d&rsquo;agrumes et de freesia se m\u00e9langent harmonieusement avec un c\u0153ur de lotus, de rose et de girofle, cr\u00e9ant un \u00e9quilibre parfait entre fra\u00eecheur et douceur. La base de la fragrance, chaude et sensuelle, est compos\u00e9e de bois de santal, de musc et d&rsquo;ambre, qui apportent profondeur et long\u00e9vit\u00e9 au parfum, laissant une trace captivante et enveloppante tout au long de la journ\u00e9e.<\/p>\n<p data-start=\"5955\" data-end=\"6461\">Id\u00e9ale pour toutes les occasions, de jour comme de nuit, ISSEY MIYAKE L&rsquo;Eau d&rsquo;Issey Eau de Parfum Rechargeable est une fragrance polyvalente qui s&rsquo;adapte gracieusement \u00e0 toutes les saisons. Sa d\u00e9licatesse et son \u00e9l\u00e9gance la rendent parfaite pour celles qui recherchent un parfum \u00e0 la fois frais et sophistiqu\u00e9, qui n\u2019est jamais envahissant mais laisse une impression durable. Avec son design rechargeable, chaque vaporisation de ce parfum est une invitation \u00e0 vivre en harmonie avec la nature et la beaut\u00e9.<\/p>\n<p data-start=\"1231\" data-end=\"1735\">Follow us! <a href=\"https:\/\/www.instagram.com\/freeshopswiss\/\" target=\"_blank\" rel=\"noopener\">@freeshopswiss<\/a><\/p>\n","protected":false},"excerpt":{"rendered":"<p><em><strong>Eau de Parfum<\/strong><\/em><\/p>\n","protected":false},"featured_media":17719,"comment_status":"open","ping_status":"closed","template":"","meta":[],"pwb-brand":[439],"product_brand":[],"product_cat":[87,109],"product_tag":[296,789,97],"class_list":{"0":"post-17727","1":"product","2":"type-product","3":"status-publish","4":"has-post-thumbnail","6":"pwb-brand-issey-miyake","7":"product_cat-parfums","8":"product_cat-pour-elle","9":"product_tag-femme","10":"product_tag-womens-fragrances-fr","11":"product_tag-parfums","13":"first","14":"instock","15":"sale","16":"taxable","17":"shipping-taxable","18":"purchasable","19":"product-type-simple"},"brands":[{"id":439,"name":"Issey Miyake","slug":"issey-miyake"}],"_links":{"self":[{"href":"https:\/\/www.freeshopfrontiera.ch\/fr\/wp-json\/wp\/v2\/product\/17727","targetHints":{"allow":["GET"]}}],"collection":[{"href":"https:\/\/www.freeshopfrontiera.ch\/fr\/wp-json\/wp\/v2\/product"}],"about":[{"href":"https:\/\/www.freeshopfrontiera.ch\/fr\/wp-json\/wp\/v2\/types\/product"}],"replies":[{"embeddable":true,"href":"https:\/\/www.freeshopfrontiera.ch\/fr\/wp-json\/wp\/v2\/comments?post=17727"}],"version-history":[{"count":3,"href":"https:\/\/www.freeshopfrontiera.ch\/fr\/wp-json\/wp\/v2\/product\/17727\/revisions"}],"predecessor-version":[{"id":18208,"href":"https:\/\/www.freeshopfrontiera.ch\/fr\/wp-json\/wp\/v2\/product\/17727\/revisions\/18208"}],"wp:featuredmedia":[{"embeddable":true,"href":"https:\/\/www.freeshopfrontiera.ch\/fr\/wp-json\/wp\/v2\/media\/17719"}],"wp:attachment":[{"href":"https:\/\/www.freeshopfrontiera.ch\/fr\/wp-json\/wp\/v2\/media?parent=17727"}],"wp:term":[{"taxonomy":"pwb-brand","embeddable":true,"href":"https:\/\/www.freeshopfrontiera.ch\/fr\/wp-json\/wp\/v2\/pwb-brand?post=17727"},{"taxonomy":"product_brand","embeddable":true,"href":"https:\/\/www.freeshopfrontiera.ch\/fr\/wp-json\/wp\/v2\/product_brand?post=17727"},{"taxonomy":"product_cat","embeddable":true,"href":"https:\/\/www.freeshopfrontiera.ch\/fr\/wp-json\/wp\/v2\/product_cat?post=17727"},{"taxonomy":"product_tag","embeddable":true,"href":"https:\/\/www.freeshopfrontiera.ch\/fr\/wp-json\/wp\/v2\/product_tag?post=17727"}],"curies":[{"name":"wp","href":"https:\/\/api.w.org\/{rel}","templated":true}]}}