{"id":17774,"date":"2025-03-11T10:59:51","date_gmt":"2025-03-11T10:59:51","guid":{"rendered":"https:\/\/freeshopswiss.alesca.org\/shop\/gucci-guilty-pour-femme-elixir-de-parfum-60ml\/"},"modified":"2025-03-12T10:31:43","modified_gmt":"2025-03-12T10:31:43","slug":"gucci-guilty-pour-femme-elixir-de-parfum-60ml","status":"publish","type":"product","link":"https:\/\/www.freeshopfrontiera.ch\/fr\/shop\/gucci-guilty-pour-femme-elixir-de-parfum-60ml\/","title":{"rendered":"GUCCI Guilty Pour Femme 60ml"},"content":{"rendered":"<p data-start=\"5374\" data-end=\"5861\"><strong>GUCCI Guilty Pour Femme Elixir de Parfum<\/strong> est une fragrance exclusive et raffin\u00e9e, con\u00e7ue pour la femme qui ose se d\u00e9marquer et n&rsquo;a pas peur d&rsquo;attirer l&rsquo;attention. Ce parfum intense incarne une sensualit\u00e9 audacieuse et sophistiqu\u00e9e, fusionnant le charme de la f\u00e9minit\u00e9 avec une aura de myst\u00e8re et de pouvoir. Le flacon dor\u00e9 et raffin\u00e9 est le symbole parfait de l&rsquo;\u00e9l\u00e9gance et du prestige, refl\u00e9tant la personnalit\u00e9 de celle qui le porte : une femme confiante, ind\u00e9pendante et irr\u00e9sistible.<\/p>\n<p data-start=\"5863\" data-end=\"6483\">Les notes de t\u00eate d&rsquo;amande et de bergamote s&rsquo;ouvrent sur une fra\u00eecheur vive et p\u00e9tillante, offrant une \u00e9nergie \u00e9clatante d\u00e8s la premi\u00e8re vaporisation. Ces notes se m\u00ealent harmonieusement \u00e0 un c\u0153ur floral de rose et de jacinthe, apportant au parfum une dimension luxueuse et raffin\u00e9e. La rose, symbole de puret\u00e9 et de passion, se marie parfaitement \u00e0 la douceur du jacinthe, cr\u00e9ant une harmonie parfaite entre des fleurs fra\u00eeches et des accents floraux plus intenses. La base de patchouli et d&rsquo;ambre laisse une trace sensuelle et enveloppante, qui persiste dans l&rsquo;air et fait une impression durable, impossible \u00e0 oublier.<\/p>\n<p data-start=\"6485\" data-end=\"7045\">GUCCI Guilty Pour Femme Elixir de Parfum est le parfum id\u00e9al pour des soir\u00e9es sp\u00e9ciales, des \u00e9v\u00e9nements \u00e9l\u00e9gants ou toute occasion o\u00f9 vous souhaitez laisser une marque ind\u00e9l\u00e9bile. Cet Elixir est plus qu&rsquo;un simple parfum ; c&rsquo;est une exp\u00e9rience sensorielle qui raconte l&rsquo;histoire d&rsquo;une femme qui joue un r\u00f4le principal dans sa vie, sans peur d&rsquo;exprimer son c\u00f4t\u00e9 le plus sensuel et puissant. Pour la femme qui n&rsquo;a pas peur d&rsquo;attirer l&rsquo;attention, d&rsquo;affirmer sa pr\u00e9sence avec gr\u00e2ce et style, ce parfum est un symbole d&rsquo;\u00e9l\u00e9gance intemporelle et de pouvoir personnel.<\/p>\n<p data-start=\"1035\" data-end=\"1390\">Follow us! <a href=\"https:\/\/www.instagram.com\/freeshopswiss\/\" target=\"_blank\" rel=\"noopener\">@freeshopswiss<\/a><\/p>\n","protected":false},"excerpt":{"rendered":"<p><em><strong>Eau de Parfum<\/strong><\/em><\/p>\n","protected":false},"featured_media":17769,"comment_status":"open","ping_status":"closed","template":"","meta":[],"pwb-brand":[270],"product_brand":[],"product_cat":[87,109],"product_tag":[252,296,5050,789,97,5074],"class_list":{"0":"post-17774","1":"product","2":"type-product","3":"status-publish","4":"has-post-thumbnail","6":"pwb-brand-gucci","7":"product_cat-parfums","8":"product_cat-pour-elle","9":"product_tag-eau-de-parfum-fr","10":"product_tag-femme","11":"product_tag-fete-des-meres","12":"product_tag-womens-fragrances-fr","13":"product_tag-parfums","14":"product_tag-parfums-pour-la-fete-des-meres","16":"first","17":"instock","18":"sale","19":"taxable","20":"shipping-taxable","21":"purchasable","22":"product-type-simple"},"brands":[{"id":270,"name":"Gucci","slug":"gucci"}],"_links":{"self":[{"href":"https:\/\/www.freeshopfrontiera.ch\/fr\/wp-json\/wp\/v2\/product\/17774","targetHints":{"allow":["GET"]}}],"collection":[{"href":"https:\/\/www.freeshopfrontiera.ch\/fr\/wp-json\/wp\/v2\/product"}],"about":[{"href":"https:\/\/www.freeshopfrontiera.ch\/fr\/wp-json\/wp\/v2\/types\/product"}],"replies":[{"embeddable":true,"href":"https:\/\/www.freeshopfrontiera.ch\/fr\/wp-json\/wp\/v2\/comments?post=17774"}],"version-history":[{"count":3,"href":"https:\/\/www.freeshopfrontiera.ch\/fr\/wp-json\/wp\/v2\/product\/17774\/revisions"}],"predecessor-version":[{"id":18205,"href":"https:\/\/www.freeshopfrontiera.ch\/fr\/wp-json\/wp\/v2\/product\/17774\/revisions\/18205"}],"wp:featuredmedia":[{"embeddable":true,"href":"https:\/\/www.freeshopfrontiera.ch\/fr\/wp-json\/wp\/v2\/media\/17769"}],"wp:attachment":[{"href":"https:\/\/www.freeshopfrontiera.ch\/fr\/wp-json\/wp\/v2\/media?parent=17774"}],"wp:term":[{"taxonomy":"pwb-brand","embeddable":true,"href":"https:\/\/www.freeshopfrontiera.ch\/fr\/wp-json\/wp\/v2\/pwb-brand?post=17774"},{"taxonomy":"product_brand","embeddable":true,"href":"https:\/\/www.freeshopfrontiera.ch\/fr\/wp-json\/wp\/v2\/product_brand?post=17774"},{"taxonomy":"product_cat","embeddable":true,"href":"https:\/\/www.freeshopfrontiera.ch\/fr\/wp-json\/wp\/v2\/product_cat?post=17774"},{"taxonomy":"product_tag","embeddable":true,"href":"https:\/\/www.freeshopfrontiera.ch\/fr\/wp-json\/wp\/v2\/product_tag?post=17774"}],"curies":[{"name":"wp","href":"https:\/\/api.w.org\/{rel}","templated":true}]}}