{"id":17793,"date":"2025-03-11T11:50:18","date_gmt":"2025-03-11T11:50:18","guid":{"rendered":"https:\/\/freeshopswiss.alesca.org\/shop\/thierry-mugler-angel-eau-de-parfum\/"},"modified":"2025-03-12T10:31:06","modified_gmt":"2025-03-12T10:31:06","slug":"thierry-mugler-angel-eau-de-parfum","status":"publish","type":"product","link":"https:\/\/www.freeshopfrontiera.ch\/fr\/shop\/thierry-mugler-angel-eau-de-parfum\/","title":{"rendered":"THIERRY MUGLER Angel"},"content":{"rendered":"<p data-start=\"4123\" data-end=\"4609\"><strong>THIERRY MUGLER Angel Eau de Parfum<\/strong> est un parfum iconique dans le monde des fragrances, incarnant l&rsquo;audace et la magie d&rsquo;une exp\u00e9rience olfactive unique. Cr\u00e9\u00e9 pour la femme qui souhaite exprimer son individualit\u00e9 avec intensit\u00e9 et style, Angel est un parfum sensuel et irr\u00e9sistible qui laisse une empreinte inoubliable dans l&rsquo;air. Le flacon, avec son design en forme d&rsquo;\u00e9toile, est tout aussi iconique, symbolisant la lumi\u00e8re et l&rsquo;\u00e9l\u00e9gance d&rsquo;une femme qui brille en toutes circonstances.<\/p>\n<p data-start=\"4611\" data-end=\"5133\">Les notes de t\u00eate de bergamote, de fruits rouges et de mandarine se m\u00ealent harmonieusement avec l&rsquo;intensit\u00e9 du c\u0153ur, o\u00f9 des accents de miel, de jacinthe et de fruits exotiques se r\u00e9v\u00e8lent, cr\u00e9ant un bouquet sensuel et enveloppant. La base de patchouli, de chocolat, de vanille et de caramel apporte une profondeur extraordinaire, rendant le parfum chaud, enveloppant et d&rsquo;une persistance incroyable. Chaque vaporisation est un voyage sensoriel qui allie fra\u00eecheur, douceur et sensualit\u00e9 intense qui persiste dans le temps.<\/p>\n<p data-start=\"5135\" data-end=\"5479\">THIERRY MUGLER Angel Eau de Parfum est parfait pour la femme audacieuse qui souhaite se faire remarquer. Id\u00e9al pour des soir\u00e9es \u00e9l\u00e9gantes, des occasions sp\u00e9ciales ou chaque moment o\u00f9 elle souhaite se sentir unique et sp\u00e9ciale, ce parfum repr\u00e9sente la libert\u00e9 d&rsquo;\u00eatre soi-m\u00eame, une femme qui n&rsquo;a pas peur d&rsquo;exprimer sa sensualit\u00e9 et sa puissance.<\/p>\n<p data-start=\"5135\" data-end=\"5479\">Follow us! <a href=\"https:\/\/www.instagram.com\/freeshopswiss\/\" target=\"_blank\" rel=\"noopener\">@freeshopswiss<\/a><\/p>\n","protected":false},"excerpt":{"rendered":"<p>THIERRY MUGLER Angel Eau de Parfum est un parfum iconique dans le monde des fragrances, incarnant l&rsquo;audace et la magie d&rsquo;une exp\u00e9rience olfactive unique. Cr\u00e9\u00e9 pour la femme qui souhaite exprimer son individualit\u00e9 avec intensit\u00e9 et style, Angel est un parfum sensuel et irr\u00e9sistible qui laisse une empreinte inoubliable dans l&rsquo;air. Le flacon, avec son [&hellip;]<\/p>\n","protected":false},"featured_media":17787,"comment_status":"open","ping_status":"closed","template":"","meta":[],"pwb-brand":[395],"product_brand":[],"product_cat":[87,109],"product_tag":[252,296,789,97],"class_list":{"0":"post-17793","1":"product","2":"type-product","3":"status-publish","4":"has-post-thumbnail","6":"pwb-brand-thierry-mugler","7":"product_cat-parfums","8":"product_cat-pour-elle","9":"product_tag-eau-de-parfum-fr","10":"product_tag-femme","11":"product_tag-womens-fragrances-fr","12":"product_tag-parfums","14":"first","15":"instock","16":"sale","17":"taxable","18":"shipping-taxable","19":"purchasable","20":"product-type-variable","21":"has-default-attributes"},"brands":[{"id":395,"name":"Thierry Mugler","slug":"thierry-mugler"}],"_links":{"self":[{"href":"https:\/\/www.freeshopfrontiera.ch\/fr\/wp-json\/wp\/v2\/product\/17793","targetHints":{"allow":["GET"]}}],"collection":[{"href":"https:\/\/www.freeshopfrontiera.ch\/fr\/wp-json\/wp\/v2\/product"}],"about":[{"href":"https:\/\/www.freeshopfrontiera.ch\/fr\/wp-json\/wp\/v2\/types\/product"}],"replies":[{"embeddable":true,"href":"https:\/\/www.freeshopfrontiera.ch\/fr\/wp-json\/wp\/v2\/comments?post=17793"}],"version-history":[{"count":4,"href":"https:\/\/www.freeshopfrontiera.ch\/fr\/wp-json\/wp\/v2\/product\/17793\/revisions"}],"predecessor-version":[{"id":18203,"href":"https:\/\/www.freeshopfrontiera.ch\/fr\/wp-json\/wp\/v2\/product\/17793\/revisions\/18203"}],"wp:featuredmedia":[{"embeddable":true,"href":"https:\/\/www.freeshopfrontiera.ch\/fr\/wp-json\/wp\/v2\/media\/17787"}],"wp:attachment":[{"href":"https:\/\/www.freeshopfrontiera.ch\/fr\/wp-json\/wp\/v2\/media?parent=17793"}],"wp:term":[{"taxonomy":"pwb-brand","embeddable":true,"href":"https:\/\/www.freeshopfrontiera.ch\/fr\/wp-json\/wp\/v2\/pwb-brand?post=17793"},{"taxonomy":"product_brand","embeddable":true,"href":"https:\/\/www.freeshopfrontiera.ch\/fr\/wp-json\/wp\/v2\/product_brand?post=17793"},{"taxonomy":"product_cat","embeddable":true,"href":"https:\/\/www.freeshopfrontiera.ch\/fr\/wp-json\/wp\/v2\/product_cat?post=17793"},{"taxonomy":"product_tag","embeddable":true,"href":"https:\/\/www.freeshopfrontiera.ch\/fr\/wp-json\/wp\/v2\/product_tag?post=17793"}],"curies":[{"name":"wp","href":"https:\/\/api.w.org\/{rel}","templated":true}]}}