{"id":19102,"date":"2025-03-17T09:29:34","date_gmt":"2025-03-17T09:29:34","guid":{"rendered":"https:\/\/freeshopswiss.alesca.org\/shop\/gucci-bloom-intense\/"},"modified":"2025-03-17T09:37:08","modified_gmt":"2025-03-17T09:37:08","slug":"gucci-bloom-intense","status":"publish","type":"product","link":"https:\/\/www.freeshopfrontiera.ch\/fr\/shop\/gucci-bloom-intense\/","title":{"rendered":"GUCCI Bloom Intense"},"content":{"rendered":"<p data-start=\"3504\" data-end=\"3951\"><strong>GUCCI Bloom Intense Eau de Parfum<\/strong> est un parfum captivant et floral qui incarne la f\u00e9minit\u00e9 et la gr\u00e2ce d\u2019une mani\u00e8re unique. Ce parfum intense et riche, cr\u00e9\u00e9 par la c\u00e9l\u00e8bre maison Gucci, repr\u00e9sente une version plus profonde et sophistiqu\u00e9e du classique Gucci Bloom, tout en conservant son essence florale inimitable. Il est parfait pour la femme moderne qui aime se d\u00e9marquer avec \u00e9l\u00e9gance, ce parfum \u00e9tant con\u00e7u pour laisser une trace m\u00e9morable.<\/p>\n<p data-start=\"3953\" data-end=\"4465\">Le parfum s\u2019ouvre sur une explosion fra\u00eeche et d\u00e9licate de fleurs blanches, dont le jasmin et la tub\u00e9reuse, deux des principaux \u00e9l\u00e9ments du parfum original. Ces notes s\u2019entrelacent avec un c\u0153ur d\u2019orange sanguine et une touche de vanille qui ajoute douceur et l\u00e9g\u00e8ret\u00e9. Le r\u00e9sultat est une composition florale qui d\u00e9voile toute son intensit\u00e9 tout en restant agr\u00e9ablement douce. La base du parfum, riche en musc et en bois, ajoute une dimension sensuelle et chaleureuse qui se m\u00eale parfaitement aux notes florales.<\/p>\n<p data-start=\"4467\" data-end=\"4819\">Le flacon, \u00e9l\u00e9gant et raffin\u00e9, refl\u00e8te l\u2019esth\u00e9tique de Gucci, avec son design minimaliste et sophistiqu\u00e9, sublim\u00e9 par l\u2019inscription en relief et la teinte ros\u00e9e du verre. Ce parfum est id\u00e9al pour toutes les occasions sp\u00e9ciales ou pour un usage quotidien, gr\u00e2ce \u00e0 son intensit\u00e9 \u00e9quilibr\u00e9e qui dure longtemps sur la peau sans jamais devenir envahissante.<\/p>\n<p data-start=\"4821\" data-end=\"5054\">GUCCI Bloom Intense Eau de Parfum est id\u00e9al pour celles et ceux qui recherchent un parfum alliant sensualit\u00e9, \u00e9l\u00e9gance et force, sans sacrifier la fra\u00eecheur des fleurs. Une interpr\u00e9tation moderne et intense d\u2019un classique intemporel.<\/p>\n<p data-start=\"1444\" data-end=\"1667\" data-is-last-node=\"\" data-is-only-node=\"\">Follow us! <a href=\"https:\/\/www.instagram.com\/freeshopswiss\/\" target=\"_blank\" rel=\"noopener\">@freeshopswiss<\/a><\/p>\n","protected":false},"excerpt":{"rendered":"<p><em><strong>Eau de Parfum<\/strong><\/em><\/p>\n","protected":false},"featured_media":27032,"comment_status":"open","ping_status":"closed","template":"","meta":[],"pwb-brand":[270],"product_brand":[],"product_cat":[87,109],"product_tag":[280,252,296,789,97],"class_list":{"0":"post-19102","1":"product","2":"type-product","3":"status-publish","4":"has-post-thumbnail","6":"pwb-brand-gucci","7":"product_cat-parfums","8":"product_cat-pour-elle","9":"product_tag-bestseller-fr","10":"product_tag-eau-de-parfum-fr","11":"product_tag-femme","12":"product_tag-womens-fragrances-fr","13":"product_tag-parfums","15":"first","16":"instock","17":"sale","18":"taxable","19":"shipping-taxable","20":"purchasable","21":"product-type-variable","22":"has-default-attributes"},"brands":[{"id":270,"name":"Gucci","slug":"gucci"}],"_links":{"self":[{"href":"https:\/\/www.freeshopfrontiera.ch\/fr\/wp-json\/wp\/v2\/product\/19102","targetHints":{"allow":["GET"]}}],"collection":[{"href":"https:\/\/www.freeshopfrontiera.ch\/fr\/wp-json\/wp\/v2\/product"}],"about":[{"href":"https:\/\/www.freeshopfrontiera.ch\/fr\/wp-json\/wp\/v2\/types\/product"}],"replies":[{"embeddable":true,"href":"https:\/\/www.freeshopfrontiera.ch\/fr\/wp-json\/wp\/v2\/comments?post=19102"}],"version-history":[{"count":3,"href":"https:\/\/www.freeshopfrontiera.ch\/fr\/wp-json\/wp\/v2\/product\/19102\/revisions"}],"predecessor-version":[{"id":19115,"href":"https:\/\/www.freeshopfrontiera.ch\/fr\/wp-json\/wp\/v2\/product\/19102\/revisions\/19115"}],"wp:featuredmedia":[{"embeddable":true,"href":"https:\/\/www.freeshopfrontiera.ch\/fr\/wp-json\/wp\/v2\/media\/27032"}],"wp:attachment":[{"href":"https:\/\/www.freeshopfrontiera.ch\/fr\/wp-json\/wp\/v2\/media?parent=19102"}],"wp:term":[{"taxonomy":"pwb-brand","embeddable":true,"href":"https:\/\/www.freeshopfrontiera.ch\/fr\/wp-json\/wp\/v2\/pwb-brand?post=19102"},{"taxonomy":"product_brand","embeddable":true,"href":"https:\/\/www.freeshopfrontiera.ch\/fr\/wp-json\/wp\/v2\/product_brand?post=19102"},{"taxonomy":"product_cat","embeddable":true,"href":"https:\/\/www.freeshopfrontiera.ch\/fr\/wp-json\/wp\/v2\/product_cat?post=19102"},{"taxonomy":"product_tag","embeddable":true,"href":"https:\/\/www.freeshopfrontiera.ch\/fr\/wp-json\/wp\/v2\/product_tag?post=19102"}],"curies":[{"name":"wp","href":"https:\/\/api.w.org\/{rel}","templated":true}]}}