{"id":19196,"date":"2025-03-17T10:52:31","date_gmt":"2025-03-17T10:52:31","guid":{"rendered":"https:\/\/freeshopswiss.alesca.org\/shop\/rabanne-million-gold-for-her-eau-de-parfum-vapo\/"},"modified":"2025-03-17T10:57:20","modified_gmt":"2025-03-17T10:57:20","slug":"rabanne-million-gold-for-her-eau-de-parfum-vapo","status":"publish","type":"product","link":"https:\/\/www.freeshopfrontiera.ch\/fr\/shop\/rabanne-million-gold-for-her-eau-de-parfum-vapo\/","title":{"rendered":"RABANNE Million Gold For Her"},"content":{"rendered":"<p data-start=\"3247\" data-end=\"3558\"><strong data-start=\"3247\" data-end=\"3293\">RABANNE Million Gold For Her Eau De Parfum<\/strong> est un parfum f\u00e9minin qui incarne le luxe, la sensualit\u00e9 et l&rsquo;attrait d&rsquo;une femme moderne et confiante. Ce parfum est une version audacieuse et sophistiqu\u00e9e de la c\u00e9l\u00e8bre ligne <strong data-start=\"3471\" data-end=\"3484\">1 Million<\/strong>, con\u00e7ue pour une femme qui aime se distinguer avec \u00e9l\u00e9gance et puissance.<\/p>\n<p data-start=\"3560\" data-end=\"4003\">Le parfum s&rsquo;ouvre sur une explosion de fra\u00eecheur fruit\u00e9e, avec des notes de mandarine et de pamplemousse qui apportent au parfum une luminosit\u00e9 vive et vibrante. Au c\u0153ur de la fragrance, un bouquet floral de rose et de fleur d&rsquo;oranger cr\u00e9e l&rsquo;\u00e9quilibre parfait entre douceur et raffinement, tandis que la base \u00e9volue en un m\u00e9lange sensuel de vanille, de bois de santal et de patchouli, apportant au parfum une profondeur chaude et enveloppante.<\/p>\n<p data-start=\"4005\" data-end=\"4296\">Le flacon de <strong data-start=\"4018\" data-end=\"4042\">Million Gold For Her<\/strong> est un v\u00e9ritable bijou, avec son design \u00e9l\u00e9gant et luxueux qui refl\u00e8te le concept de richesse et de pouvoir. La bouteille, avec sa teinte dor\u00e9e brillante, symbolise une \u00e9l\u00e9gance audacieuse et raffin\u00e9e, refl\u00e9tant la personnalit\u00e9 de la femme qui le porte.<\/p>\n<p data-start=\"4298\" data-end=\"4711\">Ce parfum est id\u00e9al pour celles qui recherchent un parfum unique qui se fait remarquer, tout en restant \u00e9l\u00e9gant et sophistiqu\u00e9. <strong data-start=\"4426\" data-end=\"4472\">RABANNE Million Gold For Her Eau De Parfum<\/strong> est parfait pour les occasions sp\u00e9ciales, les soir\u00e9es inoubliables ou simplement pour ajouter une touche de luxe \u00e0 votre routine quotidienne. Un parfum qui laisse une empreinte ind\u00e9l\u00e9bile et qui c\u00e9l\u00e8bre la beaut\u00e9 et la puissance f\u00e9minine.<\/p>\n<p data-start=\"1142\" data-end=\"1539\" data-is-last-node=\"\" data-is-only-node=\"\">Follow us! <a href=\"https:\/\/www.instagram.com\/freeshopswiss\/\" target=\"_blank\" rel=\"noopener\">@freeshopswiss<\/a><\/p>\n","protected":false},"excerpt":{"rendered":"<p><em><strong>Eau de Parfum<\/strong><\/em><\/p>\n","protected":false},"featured_media":19170,"comment_status":"open","ping_status":"closed","template":"","meta":[],"pwb-brand":[378],"product_brand":[],"product_cat":[87,109],"product_tag":[252,296,5050,789,97],"class_list":{"0":"post-19196","1":"product","2":"type-product","3":"status-publish","4":"has-post-thumbnail","6":"pwb-brand-rabanne","7":"product_cat-parfums","8":"product_cat-pour-elle","9":"product_tag-eau-de-parfum-fr","10":"product_tag-femme","11":"product_tag-fete-des-meres","12":"product_tag-womens-fragrances-fr","13":"product_tag-parfums","15":"first","16":"instock","17":"sale","18":"taxable","19":"shipping-taxable","20":"purchasable","21":"product-type-variable","22":"has-default-attributes"},"brands":[{"id":378,"name":"Rabanne","slug":"rabanne"}],"_links":{"self":[{"href":"https:\/\/www.freeshopfrontiera.ch\/fr\/wp-json\/wp\/v2\/product\/19196","targetHints":{"allow":["GET"]}}],"collection":[{"href":"https:\/\/www.freeshopfrontiera.ch\/fr\/wp-json\/wp\/v2\/product"}],"about":[{"href":"https:\/\/www.freeshopfrontiera.ch\/fr\/wp-json\/wp\/v2\/types\/product"}],"replies":[{"embeddable":true,"href":"https:\/\/www.freeshopfrontiera.ch\/fr\/wp-json\/wp\/v2\/comments?post=19196"}],"version-history":[{"count":2,"href":"https:\/\/www.freeshopfrontiera.ch\/fr\/wp-json\/wp\/v2\/product\/19196\/revisions"}],"predecessor-version":[{"id":19208,"href":"https:\/\/www.freeshopfrontiera.ch\/fr\/wp-json\/wp\/v2\/product\/19196\/revisions\/19208"}],"wp:featuredmedia":[{"embeddable":true,"href":"https:\/\/www.freeshopfrontiera.ch\/fr\/wp-json\/wp\/v2\/media\/19170"}],"wp:attachment":[{"href":"https:\/\/www.freeshopfrontiera.ch\/fr\/wp-json\/wp\/v2\/media?parent=19196"}],"wp:term":[{"taxonomy":"pwb-brand","embeddable":true,"href":"https:\/\/www.freeshopfrontiera.ch\/fr\/wp-json\/wp\/v2\/pwb-brand?post=19196"},{"taxonomy":"product_brand","embeddable":true,"href":"https:\/\/www.freeshopfrontiera.ch\/fr\/wp-json\/wp\/v2\/product_brand?post=19196"},{"taxonomy":"product_cat","embeddable":true,"href":"https:\/\/www.freeshopfrontiera.ch\/fr\/wp-json\/wp\/v2\/product_cat?post=19196"},{"taxonomy":"product_tag","embeddable":true,"href":"https:\/\/www.freeshopfrontiera.ch\/fr\/wp-json\/wp\/v2\/product_tag?post=19196"}],"curies":[{"name":"wp","href":"https:\/\/api.w.org\/{rel}","templated":true}]}}