{"id":19254,"date":"2025-03-17T12:05:55","date_gmt":"2025-03-17T12:05:55","guid":{"rendered":"https:\/\/freeshopswiss.alesca.org\/shop\/creed-millesime-men-himalaya-100ml\/"},"modified":"2025-03-17T12:10:11","modified_gmt":"2025-03-17T12:10:11","slug":"creed-millesime-men-himalaya-100ml","status":"publish","type":"product","link":"https:\/\/www.freeshopfrontiera.ch\/fr\/shop\/creed-millesime-men-himalaya-100ml\/","title":{"rendered":"CREED Millesime Men Himalaya 100ml"},"content":{"rendered":"<p data-start=\"3633\" data-end=\"3918\"><strong data-start=\"3633\" data-end=\"3679\">CREED Millesime Men Himalaya Eau de Parfum<\/strong> est une fragrance exclusive et sophistiqu\u00e9e qui capture la fra\u00eecheur des montagnes et la puret\u00e9 de la nature. Lanc\u00e9 en 2002, Himalaya s&rsquo;inspire de la grandeur de l&rsquo;Himalaya et repr\u00e9sente un voyage sensoriel qui allie \u00e9l\u00e9gance et aventure.<\/p>\n<p data-start=\"3920\" data-end=\"4343\">Le parfum s&rsquo;ouvre sur un \u00e9clat de fra\u00eecheur gr\u00e2ce aux notes d&rsquo;agrumes de bergamote, de citron et de pamplemousse, cr\u00e9ant un d\u00e9but vibrant et lumineux. Au c\u0153ur, des notes de cypr\u00e8s et de rose se m\u00ealent d\u00e9licatement, ajoutant une \u00e9l\u00e9gance subtile \u00e0 la fragrance. La base du parfum est domin\u00e9e par le musc, l&rsquo;ambre gris, le c\u00e8dre et le bois de santal, cr\u00e9ant une trace chaude et enveloppante qui laisse une impression durable.<\/p>\n<p data-start=\"4345\" data-end=\"4655\"><strong data-start=\"4345\" data-end=\"4363\">CREED Himalaya<\/strong> est une fragrance unisexe, mais sa composition fra\u00eeche et bois\u00e9e la rend particuli\u00e8rement adapt\u00e9e \u00e0 l&rsquo;homme moderne qui recherche un parfum polyvalent, raffin\u00e9 et intemporel. Il est parfait pour toutes les occasions, de l&rsquo;usage quotidien aux looks plus \u00e9l\u00e9gants pour des \u00e9v\u00e9nements sp\u00e9ciaux.<\/p>\n<p data-start=\"4657\" data-end=\"4987\">Le flacon, \u00e9l\u00e9gant et minimaliste, refl\u00e8te la puret\u00e9 et la qualit\u00e9 du produit. Le verre transparent et le bouchon m\u00e9tallique sont des symboles de la classe et du savoir-faire de Creed. Chaque flacon est fabriqu\u00e9 avec soin et passion, dans la tradition d&rsquo;une maison de parfumerie qui cr\u00e9e des fragrances uniques depuis des si\u00e8cles.<\/p>\n<p data-start=\"4989\" data-end=\"5323\"><strong data-start=\"4989\" data-end=\"5021\">CREED Millesime Men Himalaya<\/strong> est le parfum id\u00e9al pour ceux qui aiment les senteurs fra\u00eeches, aromatiques et bois\u00e9es, mais qui recherchent \u00e9galement un produit de luxe repr\u00e9sentant un voyage sensoriel unique. Un hommage \u00e0 la beaut\u00e9 de la nature, qui transporte celui qui le porte dans une exp\u00e9rience de raffinement et de fra\u00eecheur.<\/p>\n<p data-start=\"1385\" data-end=\"1690\" data-is-last-node=\"\" data-is-only-node=\"\">Follow us! <a href=\"https:\/\/www.instagram.com\/freeshopswiss\/\" target=\"_blank\" rel=\"noopener\">@freeshopswiss<\/a><\/p>\n","protected":false},"excerpt":{"rendered":"<p><em><strong>Eau de Parfum<\/strong><\/em><\/p>\n","protected":false},"featured_media":19250,"comment_status":"open","ping_status":"closed","template":"","meta":[],"pwb-brand":[403],"product_brand":[],"product_cat":[87,89],"product_tag":[252,1629,143,97],"class_list":{"0":"post-19254","1":"product","2":"type-product","3":"status-publish","4":"has-post-thumbnail","6":"pwb-brand-creed","7":"product_cat-parfums","8":"product_cat-pour-lui","9":"product_tag-eau-de-parfum-fr","10":"product_tag-mens-fragrances-fr","11":"product_tag-homme","12":"product_tag-parfums","14":"first","15":"instock","16":"taxable","17":"shipping-taxable","18":"purchasable","19":"product-type-simple"},"brands":[{"id":403,"name":"Creed","slug":"creed"}],"_links":{"self":[{"href":"https:\/\/www.freeshopfrontiera.ch\/fr\/wp-json\/wp\/v2\/product\/19254","targetHints":{"allow":["GET"]}}],"collection":[{"href":"https:\/\/www.freeshopfrontiera.ch\/fr\/wp-json\/wp\/v2\/product"}],"about":[{"href":"https:\/\/www.freeshopfrontiera.ch\/fr\/wp-json\/wp\/v2\/types\/product"}],"replies":[{"embeddable":true,"href":"https:\/\/www.freeshopfrontiera.ch\/fr\/wp-json\/wp\/v2\/comments?post=19254"}],"version-history":[{"count":2,"href":"https:\/\/www.freeshopfrontiera.ch\/fr\/wp-json\/wp\/v2\/product\/19254\/revisions"}],"predecessor-version":[{"id":19258,"href":"https:\/\/www.freeshopfrontiera.ch\/fr\/wp-json\/wp\/v2\/product\/19254\/revisions\/19258"}],"wp:featuredmedia":[{"embeddable":true,"href":"https:\/\/www.freeshopfrontiera.ch\/fr\/wp-json\/wp\/v2\/media\/19250"}],"wp:attachment":[{"href":"https:\/\/www.freeshopfrontiera.ch\/fr\/wp-json\/wp\/v2\/media?parent=19254"}],"wp:term":[{"taxonomy":"pwb-brand","embeddable":true,"href":"https:\/\/www.freeshopfrontiera.ch\/fr\/wp-json\/wp\/v2\/pwb-brand?post=19254"},{"taxonomy":"product_brand","embeddable":true,"href":"https:\/\/www.freeshopfrontiera.ch\/fr\/wp-json\/wp\/v2\/product_brand?post=19254"},{"taxonomy":"product_cat","embeddable":true,"href":"https:\/\/www.freeshopfrontiera.ch\/fr\/wp-json\/wp\/v2\/product_cat?post=19254"},{"taxonomy":"product_tag","embeddable":true,"href":"https:\/\/www.freeshopfrontiera.ch\/fr\/wp-json\/wp\/v2\/product_tag?post=19254"}],"curies":[{"name":"wp","href":"https:\/\/api.w.org\/{rel}","templated":true}]}}