{"id":19351,"date":"2025-03-17T16:16:25","date_gmt":"2025-03-17T16:16:25","guid":{"rendered":"https:\/\/freeshopswiss.alesca.org\/shop\/biodance-bio-collagen-real-deep-mask-34g\/"},"modified":"2025-03-17T16:21:22","modified_gmt":"2025-03-17T16:21:22","slug":"biodance-bio-collagen-real-deep-mask-34g","status":"publish","type":"product","link":"https:\/\/www.freeshopfrontiera.ch\/fr\/shop\/biodance-bio-collagen-real-deep-mask-34g\/","title":{"rendered":"BIODANCE Bio Collagen Real Deep Mask 34g"},"content":{"rendered":"<p data-start=\"3456\" data-end=\"3778\">Le <strong data-start=\"3459\" data-end=\"3499\">BIODANCE Bio Collagen Real Deep Mask<\/strong> est un masque innovant formul\u00e9 pour r\u00e9g\u00e9n\u00e9rer et hydrater en profondeur la peau, lui donnant un aspect lumineux et sain. Pesant 34g, c\u2019est un produit concentr\u00e9 qui offre un soin intensif pour tous les types de peau, en particulier pour les peaux s\u00e8ches, d\u00e9shydrat\u00e9es ou matures.<\/p>\n<p data-start=\"3780\" data-end=\"4211\">Sa formule contient du <strong data-start=\"3803\" data-end=\"3827\">collag\u00e8ne biologique<\/strong>, un ingr\u00e9dient essentiel pour la sant\u00e9 de la peau, qui aide \u00e0 renforcer la structure cutan\u00e9e et \u00e0 am\u00e9liorer son \u00e9lasticit\u00e9. Le collag\u00e8ne stimule la production de nouvelles fibres, maintenant ainsi la peau ferme et visiblement plus jeune. Gr\u00e2ce \u00e0 ses propri\u00e9t\u00e9s r\u00e9g\u00e9n\u00e9ratrices, ce masque aide \u00e9galement \u00e0 r\u00e9duire l\u2019apparence des ridules et des rides, offrant un effet lifting naturel.<\/p>\n<p data-start=\"4213\" data-end=\"4571\">En plus du collag\u00e8ne, le masque est enrichi en <strong data-start=\"4260\" data-end=\"4287\">ingr\u00e9dients biologiques<\/strong> soigneusement s\u00e9lectionn\u00e9s, qui agissent en synergie pour hydrater en profondeur et revitaliser la peau. Les extraits v\u00e9g\u00e9taux, riches en antioxydants et en nutriments, prot\u00e8gent la peau du stress environnemental et am\u00e9liorent la texture cutan\u00e9e, la rendant plus lisse et plus ferme.<\/p>\n<p data-start=\"4573\" data-end=\"4848\">L\u2019application du <strong data-start=\"4590\" data-end=\"4630\">BIODANCE Bio Collagen Real Deep Mask<\/strong> est simple et rapide. Apr\u00e8s l\u2019avoir appliqu\u00e9 sur la peau propre, laissez-le poser pendant 10 \u00e0 15 minutes pour un soin complet. Une fois retir\u00e9, la peau appara\u00eetra imm\u00e9diatement plus douce, plus fra\u00eeche et renouvel\u00e9e.<\/p>\n<p data-start=\"4850\" data-end=\"5102\" data-is-last-node=\"\" data-is-only-node=\"\">Parfait pour un soin intensif \u00e0 domicile, ce masque est \u00e9galement id\u00e9al en tant que soin avant un \u00e9v\u00e9nement pour une peau impeccable et \u00e9clatante. Avec une utilisation r\u00e9guli\u00e8re, il aide \u00e0 maintenir la peau \u00e9lastique, nourrie et visiblement plus jeune.<\/p>\n<p data-start=\"4850\" data-end=\"5102\" data-is-last-node=\"\" data-is-only-node=\"\">\n<p data-start=\"4850\" data-end=\"5102\" data-is-last-node=\"\" data-is-only-node=\"\">Follow us! <a href=\"https:\/\/www.instagram.com\/freeshopswiss\/\" target=\"_blank\" rel=\"noopener\">@freeshopswiss<\/a><\/p>\n","protected":false},"excerpt":{"rendered":"<p>Le BIODANCE Bio Collagen Real Deep Mask est un masque innovant formul\u00e9 pour r\u00e9g\u00e9n\u00e9rer et hydrater en profondeur la peau, lui donnant un aspect lumineux et sain. Pesant 34g, c\u2019est un produit concentr\u00e9 qui offre un soin intensif pour tous les types de peau, en particulier pour les peaux s\u00e8ches, d\u00e9shydrat\u00e9es ou matures. Sa formule [&hellip;]<\/p>\n","protected":false},"featured_media":19347,"comment_status":"open","ping_status":"closed","template":"","meta":[],"pwb-brand":[573],"product_brand":[],"product_cat":[109,295,3768,545],"product_tag":[481,296,3611,417,301],"class_list":{"0":"post-19351","1":"product","2":"type-product","3":"status-publish","4":"has-post-thumbnail","6":"pwb-brand-biodance","7":"product_cat-pour-elle","8":"product_cat-traitements","9":"product_cat-k-beauty-fr","10":"product_cat-soin-du-visage","11":"product_tag-anti-rides-fr","12":"product_tag-femme","13":"product_tag-k-beauty-fr","14":"product_tag-soins-fr","15":"product_tag-soins-du-visage","17":"first","18":"outofstock","19":"sale","20":"taxable","21":"shipping-taxable","22":"purchasable","23":"product-type-simple"},"brands":[{"id":573,"name":"Biodance","slug":"biodance"}],"_links":{"self":[{"href":"https:\/\/www.freeshopfrontiera.ch\/fr\/wp-json\/wp\/v2\/product\/19351","targetHints":{"allow":["GET"]}}],"collection":[{"href":"https:\/\/www.freeshopfrontiera.ch\/fr\/wp-json\/wp\/v2\/product"}],"about":[{"href":"https:\/\/www.freeshopfrontiera.ch\/fr\/wp-json\/wp\/v2\/types\/product"}],"replies":[{"embeddable":true,"href":"https:\/\/www.freeshopfrontiera.ch\/fr\/wp-json\/wp\/v2\/comments?post=19351"}],"version-history":[{"count":2,"href":"https:\/\/www.freeshopfrontiera.ch\/fr\/wp-json\/wp\/v2\/product\/19351\/revisions"}],"predecessor-version":[{"id":19356,"href":"https:\/\/www.freeshopfrontiera.ch\/fr\/wp-json\/wp\/v2\/product\/19351\/revisions\/19356"}],"wp:featuredmedia":[{"embeddable":true,"href":"https:\/\/www.freeshopfrontiera.ch\/fr\/wp-json\/wp\/v2\/media\/19347"}],"wp:attachment":[{"href":"https:\/\/www.freeshopfrontiera.ch\/fr\/wp-json\/wp\/v2\/media?parent=19351"}],"wp:term":[{"taxonomy":"pwb-brand","embeddable":true,"href":"https:\/\/www.freeshopfrontiera.ch\/fr\/wp-json\/wp\/v2\/pwb-brand?post=19351"},{"taxonomy":"product_brand","embeddable":true,"href":"https:\/\/www.freeshopfrontiera.ch\/fr\/wp-json\/wp\/v2\/product_brand?post=19351"},{"taxonomy":"product_cat","embeddable":true,"href":"https:\/\/www.freeshopfrontiera.ch\/fr\/wp-json\/wp\/v2\/product_cat?post=19351"},{"taxonomy":"product_tag","embeddable":true,"href":"https:\/\/www.freeshopfrontiera.ch\/fr\/wp-json\/wp\/v2\/product_tag?post=19351"}],"curies":[{"name":"wp","href":"https:\/\/api.w.org\/{rel}","templated":true}]}}