{"id":19483,"date":"2025-03-18T13:38:14","date_gmt":"2025-03-18T13:38:14","guid":{"rendered":"https:\/\/freeshopswiss.alesca.org\/shop\/beauty-of-joseon-green-plum-refreshing-toner\/"},"modified":"2025-03-18T16:44:00","modified_gmt":"2025-03-18T16:44:00","slug":"beauty-of-joseon-green-plum-refreshing-toner","status":"publish","type":"product","link":"https:\/\/www.freeshopfrontiera.ch\/fr\/shop\/beauty-of-joseon-green-plum-refreshing-toner\/","title":{"rendered":"BEAUTY OF JOSEON Green Plum Refreshing Toner"},"content":{"rendered":"<p data-start=\"3573\" data-end=\"3869\">Le <strong data-start=\"3576\" data-end=\"3624\">BEAUTY OF JOSEON Green Plum Refreshing Toner<\/strong> est un tonique rafra\u00eechissant et doux, parfait pour r\u00e9\u00e9quilibrer la peau apr\u00e8s le nettoyage. Gr\u00e2ce \u00e0 sa formule l\u00e9g\u00e8re enrichie en ingr\u00e9dients naturels, il aide \u00e0 \u00e9liminer les impuret\u00e9s, \u00e0 hydrater la peau et \u00e0 la pr\u00e9parer aux soins suivants.<\/p>\n<p data-start=\"3871\" data-end=\"4232\">L\u2019un des principaux ingr\u00e9dients de ce tonique est la <strong data-start=\"3924\" data-end=\"3939\">prune verte<\/strong>, un fruit traditionnellement utilis\u00e9 dans la m\u00e9decine cor\u00e9enne pour ses propri\u00e9t\u00e9s purifiantes et revitalisantes. Riche en antioxydants et en acides naturels, la prune verte aide \u00e0 \u00e9liminer les cellules mortes, am\u00e9liorant ainsi l\u2019\u00e9clat et la texture de la peau sans provoquer d\u2019irritations.<\/p>\n<p data-start=\"4234\" data-end=\"4601\">En plus de la prune verte, on trouve <strong data-start=\"4271\" data-end=\"4291\">l\u2019extrait de riz<\/strong>, connu pour ses propri\u00e9t\u00e9s apaisantes et hydratantes. Cet ingr\u00e9dient aide \u00e0 maintenir la peau douce et nourrie, r\u00e9duisant la s\u00e9cheresse et lui donnant un aspect sain et lumineux. De plus, la pr\u00e9sence d\u2019<strong data-start=\"4494\" data-end=\"4510\">AHA naturels<\/strong> permet d\u2019exfolier la peau en douceur, la rendant plus uniforme et lisse au fil du temps.<\/p>\n<p data-start=\"4603\" data-end=\"4954\">Le <strong data-start=\"4606\" data-end=\"4637\">Green Plum Refreshing Toner<\/strong> est particuli\u00e8rement recommand\u00e9 pour les peaux grasses ou sujettes \u00e0 l\u2019acn\u00e9, gr\u00e2ce \u00e0 sa capacit\u00e9 \u00e0 \u00e9quilibrer la production de s\u00e9bum et \u00e0 r\u00e9duire l\u2019apparition d\u2019imperfections. Cependant, sa formulation douce le rend \u00e9galement adapt\u00e9 aux peaux sensibles, car il ne contient pas d\u2019ingr\u00e9dients agressifs ou irritants.<\/p>\n<p data-start=\"4956\" data-end=\"5324\" data-is-last-node=\"\" data-is-only-node=\"\">Facile \u00e0 appliquer, ce tonique est rapidement absorb\u00e9 sans laisser de r\u00e9sidus collants, ce qui le rend parfait pour une utilisation quotidienne, matin et soir. Avec son effet rafra\u00eechissant et purifiant, le <strong data-start=\"5163\" data-end=\"5211\">BEAUTY OF JOSEON Green Plum Refreshing Toner<\/strong> est un incontournable pour celles et ceux qui recherchent une peau lumineuse, \u00e9quilibr\u00e9e et naturellement saine.<\/p>\n<p data-start=\"4956\" data-end=\"5324\" data-is-last-node=\"\" data-is-only-node=\"\">\n<p data-start=\"4956\" data-end=\"5324\" data-is-last-node=\"\" data-is-only-node=\"\">Follow us! <a href=\"https:\/\/www.instagram.com\/freeshopswiss\/\" target=\"_blank\" rel=\"noopener\">@freeshopswiss<\/a><\/p>\n","protected":false},"excerpt":{"rendered":"<p>Le BEAUTY OF JOSEON Green Plum Refreshing Toner est un tonique rafra\u00eechissant et doux, parfait pour r\u00e9\u00e9quilibrer la peau apr\u00e8s le nettoyage. Gr\u00e2ce \u00e0 sa formule l\u00e9g\u00e8re enrichie en ingr\u00e9dients naturels, il aide \u00e0 \u00e9liminer les impuret\u00e9s, \u00e0 hydrater la peau et \u00e0 la pr\u00e9parer aux soins suivants. L\u2019un des principaux ingr\u00e9dients de ce tonique [&hellip;]<\/p>\n","protected":false},"featured_media":19478,"comment_status":"open","ping_status":"closed","template":"","meta":[],"pwb-brand":[574],"product_brand":[],"product_cat":[109,295,3768,545],"product_tag":[296,3611,301],"class_list":{"0":"post-19483","1":"product","2":"type-product","3":"status-publish","4":"has-post-thumbnail","6":"pwb-brand-beauty-of-joseon","7":"product_cat-pour-elle","8":"product_cat-traitements","9":"product_cat-k-beauty-fr","10":"product_cat-soin-du-visage","11":"product_tag-femme","12":"product_tag-k-beauty-fr","13":"product_tag-soins-du-visage","15":"first","16":"instock","17":"sale","18":"taxable","19":"shipping-taxable","20":"purchasable","21":"product-type-simple"},"brands":[{"id":574,"name":"Beauty of Joseon","slug":"beauty-of-joseon"}],"_links":{"self":[{"href":"https:\/\/www.freeshopfrontiera.ch\/fr\/wp-json\/wp\/v2\/product\/19483","targetHints":{"allow":["GET"]}}],"collection":[{"href":"https:\/\/www.freeshopfrontiera.ch\/fr\/wp-json\/wp\/v2\/product"}],"about":[{"href":"https:\/\/www.freeshopfrontiera.ch\/fr\/wp-json\/wp\/v2\/types\/product"}],"replies":[{"embeddable":true,"href":"https:\/\/www.freeshopfrontiera.ch\/fr\/wp-json\/wp\/v2\/comments?post=19483"}],"version-history":[{"count":2,"href":"https:\/\/www.freeshopfrontiera.ch\/fr\/wp-json\/wp\/v2\/product\/19483\/revisions"}],"predecessor-version":[{"id":19624,"href":"https:\/\/www.freeshopfrontiera.ch\/fr\/wp-json\/wp\/v2\/product\/19483\/revisions\/19624"}],"wp:featuredmedia":[{"embeddable":true,"href":"https:\/\/www.freeshopfrontiera.ch\/fr\/wp-json\/wp\/v2\/media\/19478"}],"wp:attachment":[{"href":"https:\/\/www.freeshopfrontiera.ch\/fr\/wp-json\/wp\/v2\/media?parent=19483"}],"wp:term":[{"taxonomy":"pwb-brand","embeddable":true,"href":"https:\/\/www.freeshopfrontiera.ch\/fr\/wp-json\/wp\/v2\/pwb-brand?post=19483"},{"taxonomy":"product_brand","embeddable":true,"href":"https:\/\/www.freeshopfrontiera.ch\/fr\/wp-json\/wp\/v2\/product_brand?post=19483"},{"taxonomy":"product_cat","embeddable":true,"href":"https:\/\/www.freeshopfrontiera.ch\/fr\/wp-json\/wp\/v2\/product_cat?post=19483"},{"taxonomy":"product_tag","embeddable":true,"href":"https:\/\/www.freeshopfrontiera.ch\/fr\/wp-json\/wp\/v2\/product_tag?post=19483"}],"curies":[{"name":"wp","href":"https:\/\/api.w.org\/{rel}","templated":true}]}}