{"id":19580,"date":"2025-03-18T15:28:12","date_gmt":"2025-03-18T15:28:12","guid":{"rendered":"https:\/\/freeshopswiss.alesca.org\/shop\/beauty-of-joseon-glow-serum-propolis-niacinamide-30ml\/"},"modified":"2025-03-18T15:32:56","modified_gmt":"2025-03-18T15:32:56","slug":"beauty-of-joseon-glow-serum-propolis-niacinamide-30ml","status":"publish","type":"product","link":"https:\/\/www.freeshopfrontiera.ch\/fr\/shop\/beauty-of-joseon-glow-serum-propolis-niacinamide-30ml\/","title":{"rendered":"BEAUTY OF JOSEON Glow Serum Propolis + Niacinamide 30ml"},"content":{"rendered":"<div class=\"flex max-w-full flex-col flex-grow\">\n<div class=\"min-h-8 text-message relative flex w-full flex-col items-end gap-2 whitespace-normal break-words text-start [.text-message+&amp;]:mt-5\" dir=\"auto\" data-message-author-role=\"assistant\" data-message-id=\"22986984-f658-4c1f-bd25-2ccdfe82c693\" data-message-model-slug=\"gpt-4o\">\n<div class=\"flex w-full flex-col gap-1 empty:hidden first:pt-[3px]\">\n<div class=\"markdown prose w-full break-words dark:prose-invert light\">\n<p data-start=\"3608\" data-end=\"3964\">Le <strong data-start=\"3611\" data-end=\"3665\">BEAUTY OF JOSEON Glow Serum Propolis + Niacinamide<\/strong> est un s\u00e9rum nourrissant et \u00e9quilibrant con\u00e7u pour illuminer le teint, am\u00e9liorer l\u2019\u00e9lasticit\u00e9 de la peau et apaiser les irritations. Gr\u00e2ce \u00e0 la combinaison de <strong data-start=\"3825\" data-end=\"3837\">propolis<\/strong> et de <strong data-start=\"3844\" data-end=\"3859\">niacinamide<\/strong>, ce soin est id\u00e9al pour celles et ceux qui recherchent une peau \u00e9clatante, uniforme et en bonne sant\u00e9.<\/p>\n<p data-start=\"3966\" data-end=\"4373\">L\u2019ingr\u00e9dient principal est <strong data-start=\"3993\" data-end=\"4024\">l\u2019extrait de propolis \u00e0 60%<\/strong>, reconnu pour ses propri\u00e9t\u00e9s antibact\u00e9riennes, apaisantes et r\u00e9paratrices. Cet actif naturel aide \u00e0 calmer les peaux sensibles ou irrit\u00e9es, \u00e0 r\u00e9duire les rougeurs et \u00e0 renforcer la barri\u00e8re cutan\u00e9e. La propolis est \u00e9galement un puissant antioxydant, luttant contre les dommages caus\u00e9s par les radicaux libres et am\u00e9liorant la vitalit\u00e9 de la peau.<\/p>\n<p data-start=\"4375\" data-end=\"4671\">Le <strong data-start=\"4378\" data-end=\"4398\">niacinamide \u00e0 2%<\/strong> est un autre ingr\u00e9dient cl\u00e9 de la formule, particuli\u00e8rement efficace pour \u00e9claircir le teint, r\u00e9duire les taches pigmentaires et minimiser l\u2019apparence des pores. Il aide \u00e9galement \u00e0 r\u00e9guler la production de s\u00e9bum, ce qui rend ce s\u00e9rum adapt\u00e9 aux peaux mixtes ou grasses.<\/p>\n<p data-start=\"4673\" data-end=\"4951\">Enrichi en <strong data-start=\"4684\" data-end=\"4706\">extrait de curcuma<\/strong> et <strong data-start=\"4710\" data-end=\"4738\">autres actifs botaniques<\/strong>, ce s\u00e9rum hydrate et nourrit la peau en profondeur sans l\u2019alourdir, laissant un effet repulp\u00e9 et lumineux. Sa texture l\u00e9g\u00e8re et soyeuse p\u00e9n\u00e8tre rapidement, laissant la peau douce et \u00e9clatante, sans r\u00e9sidu gras.<\/p>\n<p data-start=\"4953\" data-end=\"5243\" data-is-last-node=\"\" data-is-only-node=\"\">Id\u00e9al pour les peaux ternes, stress\u00e9es ou sujettes aux imperfections, le <strong data-start=\"5026\" data-end=\"5080\">BEAUTY OF JOSEON Glow Serum Propolis + Niacinamide<\/strong> est un soin polyvalent qui s\u2019int\u00e8gre facilement dans n\u2019importe quelle routine beaut\u00e9, aidant \u00e0 obtenir une peau plus saine, uniforme et \u00e9clatante jour apr\u00e8s jour.<\/p>\n<p data-start=\"4953\" data-end=\"5243\" data-is-last-node=\"\" data-is-only-node=\"\">\n<\/div>\n<\/div>\n<p data-start=\"4953\" data-end=\"5243\" data-is-last-node=\"\" data-is-only-node=\"\">\n<\/div>\n<\/div>\n<p data-start=\"1491\" data-end=\"1769\" data-is-last-node=\"\" data-is-only-node=\"\">Follow us! <a href=\"https:\/\/www.instagram.com\/freeshopswiss\/\" target=\"_blank\" rel=\"noopener\">@freeshopswiss<\/a><\/p>\n","protected":false},"excerpt":{"rendered":"<p>Le BEAUTY OF JOSEON Glow Serum Propolis + Niacinamide est un s\u00e9rum nourrissant et \u00e9quilibrant con\u00e7u pour illuminer le teint, am\u00e9liorer l\u2019\u00e9lasticit\u00e9 de la peau et apaiser les irritations. Gr\u00e2ce \u00e0 la combinaison de propolis et de niacinamide, ce soin est id\u00e9al pour celles et ceux qui recherchent une peau \u00e9clatante, uniforme et en bonne [&hellip;]<\/p>\n","protected":false},"featured_media":19576,"comment_status":"open","ping_status":"closed","template":"","meta":[],"pwb-brand":[574],"product_brand":[],"product_cat":[295,3768,545],"product_tag":[481,296,3611,417,301,4367],"class_list":{"0":"post-19580","1":"product","2":"type-product","3":"status-publish","4":"has-post-thumbnail","6":"pwb-brand-beauty-of-joseon","7":"product_cat-traitements","8":"product_cat-k-beauty-fr","9":"product_cat-soin-du-visage","10":"product_tag-anti-rides-fr","11":"product_tag-femme","12":"product_tag-k-beauty-fr","13":"product_tag-soins-fr","14":"product_tag-soins-du-visage","15":"product_tag-special-printemps","17":"first","18":"instock","19":"sale","20":"taxable","21":"shipping-taxable","22":"purchasable","23":"product-type-simple"},"brands":[{"id":574,"name":"Beauty of Joseon","slug":"beauty-of-joseon"}],"_links":{"self":[{"href":"https:\/\/www.freeshopfrontiera.ch\/fr\/wp-json\/wp\/v2\/product\/19580","targetHints":{"allow":["GET"]}}],"collection":[{"href":"https:\/\/www.freeshopfrontiera.ch\/fr\/wp-json\/wp\/v2\/product"}],"about":[{"href":"https:\/\/www.freeshopfrontiera.ch\/fr\/wp-json\/wp\/v2\/types\/product"}],"replies":[{"embeddable":true,"href":"https:\/\/www.freeshopfrontiera.ch\/fr\/wp-json\/wp\/v2\/comments?post=19580"}],"version-history":[{"count":2,"href":"https:\/\/www.freeshopfrontiera.ch\/fr\/wp-json\/wp\/v2\/product\/19580\/revisions"}],"predecessor-version":[{"id":19585,"href":"https:\/\/www.freeshopfrontiera.ch\/fr\/wp-json\/wp\/v2\/product\/19580\/revisions\/19585"}],"wp:featuredmedia":[{"embeddable":true,"href":"https:\/\/www.freeshopfrontiera.ch\/fr\/wp-json\/wp\/v2\/media\/19576"}],"wp:attachment":[{"href":"https:\/\/www.freeshopfrontiera.ch\/fr\/wp-json\/wp\/v2\/media?parent=19580"}],"wp:term":[{"taxonomy":"pwb-brand","embeddable":true,"href":"https:\/\/www.freeshopfrontiera.ch\/fr\/wp-json\/wp\/v2\/pwb-brand?post=19580"},{"taxonomy":"product_brand","embeddable":true,"href":"https:\/\/www.freeshopfrontiera.ch\/fr\/wp-json\/wp\/v2\/product_brand?post=19580"},{"taxonomy":"product_cat","embeddable":true,"href":"https:\/\/www.freeshopfrontiera.ch\/fr\/wp-json\/wp\/v2\/product_cat?post=19580"},{"taxonomy":"product_tag","embeddable":true,"href":"https:\/\/www.freeshopfrontiera.ch\/fr\/wp-json\/wp\/v2\/product_tag?post=19580"}],"curies":[{"name":"wp","href":"https:\/\/api.w.org\/{rel}","templated":true}]}}