{"id":19596,"date":"2025-03-18T15:49:59","date_gmt":"2025-03-18T15:49:59","guid":{"rendered":"https:\/\/freeshopswiss.alesca.org\/shop\/cosrx-advanced-snail-96-mucin-power-essence-100ml\/"},"modified":"2025-03-18T16:14:19","modified_gmt":"2025-03-18T16:14:19","slug":"cosrx-advanced-snail-96-mucin-power-essence-100ml","status":"publish","type":"product","link":"https:\/\/www.freeshopfrontiera.ch\/fr\/shop\/cosrx-advanced-snail-96-mucin-power-essence-100ml\/","title":{"rendered":"COSRX Advanced Snail 96 Mucin Power Essence 100ml"},"content":{"rendered":"<p data-start=\"4042\" data-end=\"4439\">La <strong data-start=\"4045\" data-end=\"4092\">COSRX Advanced Snail 96 Mucin Power Essence<\/strong> est une essence hautement concentr\u00e9e con\u00e7ue pour hydrater en profondeur, am\u00e9liorer la texture de la peau et favoriser sa r\u00e9paration. Formul\u00e9e avec <strong data-start=\"4240\" data-end=\"4278\">96% d\u2019extrait de mucine d\u2019escargot<\/strong>, cette essence utilise le pouvoir des actifs naturels pour revitaliser et renforcer la peau, offrant un teint plus lumineux, plus jeune et en meilleure sant\u00e9.<\/p>\n<p data-start=\"4441\" data-end=\"4999\">La mucine d\u2019escargot est un ingr\u00e9dient exceptionnellement riche en <strong data-start=\"4508\" data-end=\"4566\">glycoprot\u00e9ines, acide hyaluronique et acide glycolique<\/strong>, qui travaillent ensemble pour hydrater intens\u00e9ment la peau, stimuler le renouvellement cellulaire et am\u00e9liorer l\u2019\u00e9lasticit\u00e9. Gr\u00e2ce \u00e0 ses propri\u00e9t\u00e9s r\u00e9g\u00e9n\u00e9ratrices, cette essence aide \u00e0 <strong data-start=\"4753\" data-end=\"4853\">r\u00e9duire les cicatrices d\u2019acn\u00e9, les ridules, l\u2019hyperpigmentation et autres irr\u00e9gularit\u00e9s cutan\u00e9es<\/strong>. Avec une utilisation r\u00e9guli\u00e8re, elle favorise un teint plus uniforme et une peau plus ferme, tout en apaisant les rougeurs et les irritations.<\/p>\n<p data-start=\"5001\" data-end=\"5242\">Sa texture l\u00e9g\u00e8re et l\u00e9g\u00e8rement visqueuse p\u00e9n\u00e8tre rapidement sans laisser de film gras ou collant. De plus, sa <strong data-start=\"5112\" data-end=\"5153\">formule non com\u00e9dog\u00e8ne et sans parfum<\/strong> convient \u00e0 tous les types de peau, y compris les peaux sensibles et sujettes \u00e0 l\u2019acn\u00e9.<\/p>\n<p data-start=\"5244\" data-end=\"5707\">Pour de meilleurs r\u00e9sultats, appliquez la <strong data-start=\"5286\" data-end=\"5333\">COSRX Advanced Snail 96 Mucin Power Essence<\/strong> imm\u00e9diatement apr\u00e8s le nettoyage et la lotion tonique. Tapotez doucement pour favoriser l\u2019absorption et maximiser l\u2019efficacit\u00e9 des soins suivants. Gr\u00e2ce \u00e0 une utilisation r\u00e9guli\u00e8re, cette essence aide \u00e0 <strong data-start=\"5537\" data-end=\"5637\">renforcer la barri\u00e8re cutan\u00e9e, am\u00e9liorer l\u2019uniformit\u00e9 du teint et offrir une hydratation durable<\/strong>, en faisant un incontournable de toute routine de soins de la peau.<\/p>\n<p data-start=\"1079\" data-end=\"1468\" data-is-last-node=\"\" data-is-only-node=\"\">Follow us! <a href=\"https:\/\/www.instagram.com\/freeshopswiss\/\" target=\"_blank\" rel=\"noopener\">@freeshopswiss<\/a><\/p>\n","protected":false},"excerpt":{"rendered":"<p>La COSRX Advanced Snail 96 Mucin Power Essence est une essence hautement concentr\u00e9e con\u00e7ue pour hydrater en profondeur, am\u00e9liorer la texture de la peau et favoriser sa r\u00e9paration. Formul\u00e9e avec 96% d\u2019extrait de mucine d\u2019escargot, cette essence utilise le pouvoir des actifs naturels pour revitaliser et renforcer la peau, offrant un teint plus lumineux, plus [&hellip;]<\/p>\n","protected":false},"featured_media":19592,"comment_status":"open","ping_status":"closed","template":"","meta":[],"pwb-brand":[576],"product_brand":[],"product_cat":[109,295,3768,545],"product_tag":[481,296,5050,3611,417,301],"class_list":{"0":"post-19596","1":"product","2":"type-product","3":"status-publish","4":"has-post-thumbnail","6":"pwb-brand-cosrx","7":"product_cat-pour-elle","8":"product_cat-traitements","9":"product_cat-k-beauty-fr","10":"product_cat-soin-du-visage","11":"product_tag-anti-rides-fr","12":"product_tag-femme","13":"product_tag-fete-des-meres","14":"product_tag-k-beauty-fr","15":"product_tag-soins-fr","16":"product_tag-soins-du-visage","18":"first","19":"instock","20":"sale","21":"taxable","22":"shipping-taxable","23":"purchasable","24":"product-type-simple"},"brands":[{"id":576,"name":"Cosrx","slug":"cosrx"}],"_links":{"self":[{"href":"https:\/\/www.freeshopfrontiera.ch\/fr\/wp-json\/wp\/v2\/product\/19596","targetHints":{"allow":["GET"]}}],"collection":[{"href":"https:\/\/www.freeshopfrontiera.ch\/fr\/wp-json\/wp\/v2\/product"}],"about":[{"href":"https:\/\/www.freeshopfrontiera.ch\/fr\/wp-json\/wp\/v2\/types\/product"}],"replies":[{"embeddable":true,"href":"https:\/\/www.freeshopfrontiera.ch\/fr\/wp-json\/wp\/v2\/comments?post=19596"}],"version-history":[{"count":3,"href":"https:\/\/www.freeshopfrontiera.ch\/fr\/wp-json\/wp\/v2\/product\/19596\/revisions"}],"predecessor-version":[{"id":19604,"href":"https:\/\/www.freeshopfrontiera.ch\/fr\/wp-json\/wp\/v2\/product\/19596\/revisions\/19604"}],"wp:featuredmedia":[{"embeddable":true,"href":"https:\/\/www.freeshopfrontiera.ch\/fr\/wp-json\/wp\/v2\/media\/19592"}],"wp:attachment":[{"href":"https:\/\/www.freeshopfrontiera.ch\/fr\/wp-json\/wp\/v2\/media?parent=19596"}],"wp:term":[{"taxonomy":"pwb-brand","embeddable":true,"href":"https:\/\/www.freeshopfrontiera.ch\/fr\/wp-json\/wp\/v2\/pwb-brand?post=19596"},{"taxonomy":"product_brand","embeddable":true,"href":"https:\/\/www.freeshopfrontiera.ch\/fr\/wp-json\/wp\/v2\/product_brand?post=19596"},{"taxonomy":"product_cat","embeddable":true,"href":"https:\/\/www.freeshopfrontiera.ch\/fr\/wp-json\/wp\/v2\/product_cat?post=19596"},{"taxonomy":"product_tag","embeddable":true,"href":"https:\/\/www.freeshopfrontiera.ch\/fr\/wp-json\/wp\/v2\/product_tag?post=19596"}],"curies":[{"name":"wp","href":"https:\/\/api.w.org\/{rel}","templated":true}]}}