{"id":19642,"date":"2025-03-20T08:07:58","date_gmt":"2025-03-20T08:07:58","guid":{"rendered":"https:\/\/freeshopswiss.alesca.org\/shop\/cosrx-master-patch-original-fit-blemish-cover-24-patches\/"},"modified":"2025-03-20T08:20:10","modified_gmt":"2025-03-20T08:20:10","slug":"cosrx-master-patch-original-fit-blemish-cover-24-patches","status":"publish","type":"product","link":"https:\/\/www.freeshopfrontiera.ch\/fr\/shop\/cosrx-master-patch-original-fit-blemish-cover-24-patches\/","title":{"rendered":"COSRX Master Patch Original Fit Blemish Cover &#8211; 24 patches"},"content":{"rendered":"<p data-start=\"3013\" data-end=\"3610\">Le <strong data-start=\"3016\" data-end=\"3051\">COSRX Master Patch Original Fit<\/strong> est la solution id\u00e9ale pour traiter rapidement et efficacement les boutons et imperfections. Ces patchs hydrocollo\u00efdes ultra-fins et transparents agissent comme une barri\u00e8re protectrice, aidant \u00e0 r\u00e9duire les rougeurs et \u00e0 acc\u00e9l\u00e9rer le processus de gu\u00e9rison sans ass\u00e9cher la peau. Gr\u00e2ce \u00e0 leur formule avanc\u00e9e, ils absorbent l&rsquo;exc\u00e8s de s\u00e9bum et les impuret\u00e9s, r\u00e9duisant ainsi l&rsquo;inflammation et pr\u00e9venant d&rsquo;autres irritations. Leur design fin et discret les rend presque invisibles sur la peau, permettant de les porter m\u00eame sous le maquillage sans probl\u00e8me.<\/p>\n<p data-start=\"3612\" data-end=\"3961\">Faciles \u00e0 utiliser, il suffit de <strong data-start=\"3645\" data-end=\"3675\">nettoyer et s\u00e9cher la peau<\/strong>, de choisir la taille adapt\u00e9e, d&rsquo;appliquer le patch directement sur la zone concern\u00e9e et de le laisser agir pendant <strong data-start=\"3792\" data-end=\"3808\">6 \u00e0 8 heures<\/strong>, ou jusqu&rsquo;\u00e0 ce qu&rsquo;il devienne blanc, signe qu&rsquo;il a absorb\u00e9 les impuret\u00e9s. Une fois retir\u00e9, la peau para\u00eet moins rouge et le bouton visiblement r\u00e9duit.<\/p>\n<p data-start=\"3963\" data-end=\"4323\">L\u2019emballage contient <strong data-start=\"3984\" data-end=\"4020\">24 patchs de diff\u00e9rentes tailles<\/strong>, parfaits pour s\u2019adapter aux imperfections de diverses dimensions. Adapt\u00e9 \u00e0 tous les types de peau, y compris les peaux sensibles, le <strong data-start=\"4155\" data-end=\"4190\">COSRX Master Patch Original Fit<\/strong> est <strong data-start=\"4195\" data-end=\"4223\">test\u00e9 dermatologiquement<\/strong> et exempt de parab\u00e8nes, sulfates et parfums artificiels, garantissant un soin doux mais efficace.<\/p>\n<p data-start=\"4325\" data-end=\"4499\" data-is-last-node=\"\" data-is-only-node=\"\">Parfait pour celles et ceux qui recherchent une solution discr\u00e8te et performante contre les boutons \u2013 pour une peau plus nette et plus saine en quelques heures seulement !<\/p>\n<p data-start=\"1326\" data-end=\"1836\" data-is-last-node=\"\" data-is-only-node=\"\">Follow us! <a href=\"https:\/\/www.instagram.com\/freeshopswiss\/\" target=\"_blank\" rel=\"noopener\">@freeshopswiss<\/a><\/p>\n","protected":false},"excerpt":{"rendered":"<p>Le COSRX Master Patch Original Fit est la solution id\u00e9ale pour traiter rapidement et efficacement les boutons et imperfections. Ces patchs hydrocollo\u00efdes ultra-fins et transparents agissent comme une barri\u00e8re protectrice, aidant \u00e0 r\u00e9duire les rougeurs et \u00e0 acc\u00e9l\u00e9rer le processus de gu\u00e9rison sans ass\u00e9cher la peau. Gr\u00e2ce \u00e0 leur formule avanc\u00e9e, ils absorbent l&rsquo;exc\u00e8s de [&hellip;]<\/p>\n","protected":false},"featured_media":19638,"comment_status":"open","ping_status":"closed","template":"","meta":[],"pwb-brand":[576],"product_brand":[],"product_cat":[109,295,3768,545],"product_tag":[296,5050,3611,417,301],"class_list":{"0":"post-19642","1":"product","2":"type-product","3":"status-publish","4":"has-post-thumbnail","6":"pwb-brand-cosrx","7":"product_cat-pour-elle","8":"product_cat-traitements","9":"product_cat-k-beauty-fr","10":"product_cat-soin-du-visage","11":"product_tag-femme","12":"product_tag-fete-des-meres","13":"product_tag-k-beauty-fr","14":"product_tag-soins-fr","15":"product_tag-soins-du-visage","17":"first","18":"instock","19":"sale","20":"taxable","21":"shipping-taxable","22":"purchasable","23":"product-type-simple"},"brands":[{"id":576,"name":"Cosrx","slug":"cosrx"}],"_links":{"self":[{"href":"https:\/\/www.freeshopfrontiera.ch\/fr\/wp-json\/wp\/v2\/product\/19642","targetHints":{"allow":["GET"]}}],"collection":[{"href":"https:\/\/www.freeshopfrontiera.ch\/fr\/wp-json\/wp\/v2\/product"}],"about":[{"href":"https:\/\/www.freeshopfrontiera.ch\/fr\/wp-json\/wp\/v2\/types\/product"}],"replies":[{"embeddable":true,"href":"https:\/\/www.freeshopfrontiera.ch\/fr\/wp-json\/wp\/v2\/comments?post=19642"}],"version-history":[{"count":1,"href":"https:\/\/www.freeshopfrontiera.ch\/fr\/wp-json\/wp\/v2\/product\/19642\/revisions"}],"predecessor-version":[{"id":19655,"href":"https:\/\/www.freeshopfrontiera.ch\/fr\/wp-json\/wp\/v2\/product\/19642\/revisions\/19655"}],"wp:featuredmedia":[{"embeddable":true,"href":"https:\/\/www.freeshopfrontiera.ch\/fr\/wp-json\/wp\/v2\/media\/19638"}],"wp:attachment":[{"href":"https:\/\/www.freeshopfrontiera.ch\/fr\/wp-json\/wp\/v2\/media?parent=19642"}],"wp:term":[{"taxonomy":"pwb-brand","embeddable":true,"href":"https:\/\/www.freeshopfrontiera.ch\/fr\/wp-json\/wp\/v2\/pwb-brand?post=19642"},{"taxonomy":"product_brand","embeddable":true,"href":"https:\/\/www.freeshopfrontiera.ch\/fr\/wp-json\/wp\/v2\/product_brand?post=19642"},{"taxonomy":"product_cat","embeddable":true,"href":"https:\/\/www.freeshopfrontiera.ch\/fr\/wp-json\/wp\/v2\/product_cat?post=19642"},{"taxonomy":"product_tag","embeddable":true,"href":"https:\/\/www.freeshopfrontiera.ch\/fr\/wp-json\/wp\/v2\/product_tag?post=19642"}],"curies":[{"name":"wp","href":"https:\/\/api.w.org\/{rel}","templated":true}]}}