{"id":19645,"date":"2025-03-18T17:02:37","date_gmt":"2025-03-18T17:02:37","guid":{"rendered":"https:\/\/freeshopswiss.alesca.org\/shop\/laneige-lip-sleeping-mask\/"},"modified":"2025-03-20T08:18:15","modified_gmt":"2025-03-20T08:18:15","slug":"laneige-lip-sleeping-mask","status":"publish","type":"product","link":"https:\/\/www.freeshopfrontiera.ch\/fr\/shop\/laneige-lip-sleeping-mask\/","title":{"rendered":"LANEIGE Lip Sleeping Mask 20g"},"content":{"rendered":"<div class=\"flex max-w-full flex-col flex-grow\">\n<div class=\"min-h-8 text-message relative flex w-full flex-col items-end gap-2 whitespace-normal break-words text-start [.text-message+&amp;]:mt-5\" dir=\"auto\" data-message-author-role=\"assistant\" data-message-id=\"413e4266-f8aa-46dd-89ae-591e8fa5b895\" data-message-model-slug=\"gpt-4o\">\n<div class=\"flex w-full flex-col gap-1 empty:hidden first:pt-[3px]\">\n<div class=\"markdown prose w-full break-words dark:prose-invert light\">\n<p data-start=\"3850\" data-end=\"4227\">Le <strong data-start=\"3853\" data-end=\"3882\">LANEIGE Lip Sleeping Mask<\/strong> est un masque de nuit pour les l\u00e8vres con\u00e7u pour offrir une hydratation intense et durable. Id\u00e9al pour les l\u00e8vres s\u00e8ches et gerc\u00e9es, ce soin agit pendant votre sommeil afin de restaurer leur douceur et leur souplesse naturelles. Gr\u00e2ce \u00e0 sa formule innovante, les l\u00e8vres sont plus nourries, \u00e9lastiques et repulp\u00e9es d\u00e8s la premi\u00e8re application.<\/p>\n<p data-start=\"4229\" data-end=\"4691\">Son efficacit\u00e9 repose sur une combinaison d\u2019ingr\u00e9dients hautement hydratants et nourrissants. Le <strong data-start=\"4326\" data-end=\"4348\">Berry Mix Complex\u2122<\/strong>, un puissant m\u00e9lange d\u2019extraits de fruits rouges tels que la framboise, la fraise, la myrtille et le cassis, est riche en antioxydants qui prot\u00e8gent la peau et luttent contre la s\u00e9cheresse. <strong data-start=\"4539\" data-end=\"4579\">L\u2019acide hyaluronique et les min\u00e9raux<\/strong> aident \u00e0 retenir l\u2019humidit\u00e9, offrant un effet repulpant et prolongeant l\u2019hydratation tout au long de la nuit.<\/p>\n<p data-start=\"4693\" data-end=\"5041\">La texture du masque est douce et enveloppante, semblable \u00e0 un baume riche mais non collant. Il s\u2019applique facilement sur les l\u00e8vres, formant une fine couche protectrice qui les prot\u00e8ge des agressions ext\u00e9rieures et pr\u00e9vient la perte d\u2019hydratation. Le r\u00e9sultat est un soin qui chouchoute les l\u00e8vres et les rend plus douces et velout\u00e9es au r\u00e9veil.<\/p>\n<p data-start=\"5043\" data-end=\"5308\">Son utilisation est simple et agr\u00e9able : appliquez une couche g\u00e9n\u00e9reuse sur les l\u00e8vres avant de vous coucher et laissez agir toute la nuit. Au r\u00e9veil, vous pouvez enlever l\u2019exc\u00e9dent avec un mouchoir ou le masser d\u00e9licatement pour un effet encore plus nourrissant.<\/p>\n<p data-start=\"5310\" data-end=\"5587\">Ce masque est id\u00e9al pour celles et ceux qui recherchent un soin efficace contre les l\u00e8vres s\u00e8ches et gerc\u00e9es, notamment en hiver ou apr\u00e8s une exposition au soleil. Gr\u00e2ce \u00e0 ses parfums fruit\u00e9s et d\u00e9licats, il procure \u00e9galement une exp\u00e9rience sensorielle agr\u00e9able et relaxante.<\/p>\n<p data-start=\"5589\" data-end=\"5808\" data-is-last-node=\"\" data-is-only-node=\"\">Adapt\u00e9 \u00e0 tous les types de peau, le <strong data-start=\"5625\" data-end=\"5654\">LANEIGE Lip Sleeping Mask<\/strong> est le secret pour des l\u00e8vres hydrat\u00e9es, douces et lumineuses au quotidien. Un incontournable de la routine beaut\u00e9 pour des l\u00e8vres parfaites chaque jour.<\/p>\n<p data-start=\"5589\" data-end=\"5808\" data-is-last-node=\"\" data-is-only-node=\"\">\n<\/div>\n<\/div>\n<\/div>\n<\/div>\n<p data-start=\"1825\" data-end=\"2035\" data-is-last-node=\"\" data-is-only-node=\"\">Follow us! <a href=\"https:\/\/www.instagram.com\/freeshopswiss\/\" target=\"_blank\" rel=\"noopener\">@freeshopswiss<\/a><\/p>\n","protected":false},"excerpt":{"rendered":"<p>Le LANEIGE Lip Sleeping Mask est un masque de nuit pour les l\u00e8vres con\u00e7u pour offrir une hydratation intense et durable. Id\u00e9al pour les l\u00e8vres s\u00e8ches et gerc\u00e9es, ce soin agit pendant votre sommeil afin de restaurer leur douceur et leur souplesse naturelles. Gr\u00e2ce \u00e0 sa formule innovante, les l\u00e8vres sont plus nourries, \u00e9lastiques et [&hellip;]<\/p>\n","protected":false},"featured_media":19629,"comment_status":"open","ping_status":"closed","template":"","meta":[],"pwb-brand":[577],"product_brand":[],"product_cat":[295,545],"product_tag":[296,4348,417,301],"class_list":{"0":"post-19645","1":"product","2":"type-product","3":"status-publish","4":"has-post-thumbnail","6":"pwb-brand-laneige","7":"product_cat-traitements","8":"product_cat-soin-du-visage","9":"product_tag-femme","10":"product_tag-fete-des-femmes","11":"product_tag-soins-fr","12":"product_tag-soins-du-visage","14":"first","15":"instock","16":"sale","17":"taxable","18":"shipping-taxable","19":"purchasable","20":"product-type-simple"},"brands":[{"id":577,"name":"Laneige","slug":"laneige"}],"_links":{"self":[{"href":"https:\/\/www.freeshopfrontiera.ch\/fr\/wp-json\/wp\/v2\/product\/19645","targetHints":{"allow":["GET"]}}],"collection":[{"href":"https:\/\/www.freeshopfrontiera.ch\/fr\/wp-json\/wp\/v2\/product"}],"about":[{"href":"https:\/\/www.freeshopfrontiera.ch\/fr\/wp-json\/wp\/v2\/types\/product"}],"replies":[{"embeddable":true,"href":"https:\/\/www.freeshopfrontiera.ch\/fr\/wp-json\/wp\/v2\/comments?post=19645"}],"version-history":[{"count":3,"href":"https:\/\/www.freeshopfrontiera.ch\/fr\/wp-json\/wp\/v2\/product\/19645\/revisions"}],"predecessor-version":[{"id":19653,"href":"https:\/\/www.freeshopfrontiera.ch\/fr\/wp-json\/wp\/v2\/product\/19645\/revisions\/19653"}],"wp:featuredmedia":[{"embeddable":true,"href":"https:\/\/www.freeshopfrontiera.ch\/fr\/wp-json\/wp\/v2\/media\/19629"}],"wp:attachment":[{"href":"https:\/\/www.freeshopfrontiera.ch\/fr\/wp-json\/wp\/v2\/media?parent=19645"}],"wp:term":[{"taxonomy":"pwb-brand","embeddable":true,"href":"https:\/\/www.freeshopfrontiera.ch\/fr\/wp-json\/wp\/v2\/pwb-brand?post=19645"},{"taxonomy":"product_brand","embeddable":true,"href":"https:\/\/www.freeshopfrontiera.ch\/fr\/wp-json\/wp\/v2\/product_brand?post=19645"},{"taxonomy":"product_cat","embeddable":true,"href":"https:\/\/www.freeshopfrontiera.ch\/fr\/wp-json\/wp\/v2\/product_cat?post=19645"},{"taxonomy":"product_tag","embeddable":true,"href":"https:\/\/www.freeshopfrontiera.ch\/fr\/wp-json\/wp\/v2\/product_tag?post=19645"}],"curies":[{"name":"wp","href":"https:\/\/api.w.org\/{rel}","templated":true}]}}