{"id":19672,"date":"2025-03-20T08:44:16","date_gmt":"2025-03-20T08:44:16","guid":{"rendered":"https:\/\/freeshopswiss.alesca.org\/shop\/cosrx-ahabha-clarifying-toner-150ml\/"},"modified":"2025-03-20T08:54:04","modified_gmt":"2025-03-20T08:54:04","slug":"cosrx-ahabha-clarifying-toner-150ml","status":"publish","type":"product","link":"https:\/\/www.freeshopfrontiera.ch\/fr\/shop\/cosrx-ahabha-clarifying-toner-150ml\/","title":{"rendered":"COSRX AHA\/BHA Clarifying Toner 150ml"},"content":{"rendered":"<p data-start=\"3679\" data-end=\"4110\">Le <strong data-start=\"3682\" data-end=\"3726\">COSRX AHA\/BHA Clarifying Treatment Toner<\/strong> est un tonique exfoliant doux, id\u00e9al pour celles et ceux qui recherchent une peau plus lumineuse, plus lisse et sans imperfections. Gr\u00e2ce \u00e0 la combinaison <strong data-start=\"3882\" data-end=\"3951\">d\u2019acides alpha-hydroxyl\u00e9s (AHA) et d\u2019acides b\u00eata-hydroxyl\u00e9s (BHA)<\/strong>, il aide \u00e0 \u00e9liminer les cellules mortes, \u00e0 pr\u00e9venir les points noirs et les imperfections, et \u00e0 am\u00e9liorer la texture de la peau sans provoquer d\u2019irritation.<\/p>\n<p data-start=\"4112\" data-end=\"4560\">Sa formule contient <strong data-start=\"4132\" data-end=\"4168\">de l\u2019eau d\u2019\u00e9corce de saule blanc<\/strong> et <strong data-start=\"4172\" data-end=\"4193\">de l\u2019eau de pomme<\/strong>, deux ingr\u00e9dients naturels qui favorisent une exfoliation douce mais efficace, en \u00e9liminant les impuret\u00e9s et l\u2019exc\u00e8s de s\u00e9bum tout en pr\u00e9servant l\u2019hydratation de la peau. Les <strong data-start=\"4369\" data-end=\"4376\">AHA<\/strong> agissent en surface pour am\u00e9liorer l\u2019\u00e9clat et la fermet\u00e9, tandis que les <strong data-start=\"4450\" data-end=\"4457\">BHA<\/strong> p\u00e9n\u00e8trent en profondeur dans les pores pour les purifier et pr\u00e9venir l\u2019apparition des imperfections.<\/p>\n<p data-start=\"4562\" data-end=\"4983\">Avec sa texture l\u00e9g\u00e8re et sans alcool, le <strong data-start=\"4604\" data-end=\"4648\">COSRX AHA\/BHA Clarifying Treatment Toner<\/strong> rafra\u00eechit et \u00e9quilibre la peau sans la dess\u00e9cher. Il est id\u00e9al pour <strong data-start=\"4718\" data-end=\"4744\">tous les types de peau<\/strong>, y compris les peaux sensibles, car il aide \u00e0 maintenir le bon niveau d\u2019hydratation tout en exfoliant en douceur. Utilis\u00e9 r\u00e9guli\u00e8rement, il affine le grain de peau, r\u00e9duit les irr\u00e9gularit\u00e9s et procure un teint plus uniforme et \u00e9clatant.<\/p>\n<p data-start=\"4985\" data-end=\"5254\">Son application est simple et rapide : <strong data-start=\"5024\" data-end=\"5093\">il suffit de le vaporiser sur un coton ou directement sur la peau<\/strong>, puis de le tapoter d\u00e9licatement sur le visage et le cou apr\u00e8s le nettoyage. Il peut \u00eatre utilis\u00e9 quotidiennement pour des r\u00e9sultats visibles au fil du temps.<\/p>\n<p data-start=\"5256\" data-end=\"5562\" data-is-last-node=\"\" data-is-only-node=\"\">Le flacon de <strong data-start=\"5269\" data-end=\"5279\">150 ml<\/strong> garantit une utilisation prolong\u00e9e et pratique dans votre routine de soins. <strong data-start=\"5356\" data-end=\"5384\">Test\u00e9 dermatologiquement<\/strong>, sans parab\u00e8nes, sulfates ni parfums artificiels, le <strong data-start=\"5438\" data-end=\"5482\">COSRX AHA\/BHA Clarifying Treatment Toner<\/strong> est un indispensable pour une peau \u00e9clatante, uniforme et sans imperfections.<\/p>\n<p data-start=\"1502\" data-end=\"1815\" data-is-last-node=\"\" data-is-only-node=\"\">Follow us! <a href=\"https:\/\/www.instagram.com\/freeshopswiss\/\" target=\"_blank\" rel=\"noopener\">@freeshopswiss<\/a><\/p>\n","protected":false},"excerpt":{"rendered":"<p>Le COSRX AHA\/BHA Clarifying Treatment Toner est un tonique exfoliant doux, id\u00e9al pour celles et ceux qui recherchent une peau plus lumineuse, plus lisse et sans imperfections. Gr\u00e2ce \u00e0 la combinaison d\u2019acides alpha-hydroxyl\u00e9s (AHA) et d\u2019acides b\u00eata-hydroxyl\u00e9s (BHA), il aide \u00e0 \u00e9liminer les cellules mortes, \u00e0 pr\u00e9venir les points noirs et les imperfections, et \u00e0 [&hellip;]<\/p>\n","protected":false},"featured_media":19667,"comment_status":"open","ping_status":"closed","template":"","meta":[],"pwb-brand":[576],"product_brand":[],"product_cat":[109,295,3768,545],"product_tag":[296,3611,417,301],"class_list":{"0":"post-19672","1":"product","2":"type-product","3":"status-publish","4":"has-post-thumbnail","6":"pwb-brand-cosrx","7":"product_cat-pour-elle","8":"product_cat-traitements","9":"product_cat-k-beauty-fr","10":"product_cat-soin-du-visage","11":"product_tag-femme","12":"product_tag-k-beauty-fr","13":"product_tag-soins-fr","14":"product_tag-soins-du-visage","16":"first","17":"instock","18":"sale","19":"taxable","20":"shipping-taxable","21":"purchasable","22":"product-type-simple"},"brands":[{"id":576,"name":"Cosrx","slug":"cosrx"}],"_links":{"self":[{"href":"https:\/\/www.freeshopfrontiera.ch\/fr\/wp-json\/wp\/v2\/product\/19672","targetHints":{"allow":["GET"]}}],"collection":[{"href":"https:\/\/www.freeshopfrontiera.ch\/fr\/wp-json\/wp\/v2\/product"}],"about":[{"href":"https:\/\/www.freeshopfrontiera.ch\/fr\/wp-json\/wp\/v2\/types\/product"}],"replies":[{"embeddable":true,"href":"https:\/\/www.freeshopfrontiera.ch\/fr\/wp-json\/wp\/v2\/comments?post=19672"}],"version-history":[{"count":1,"href":"https:\/\/www.freeshopfrontiera.ch\/fr\/wp-json\/wp\/v2\/product\/19672\/revisions"}],"predecessor-version":[{"id":19675,"href":"https:\/\/www.freeshopfrontiera.ch\/fr\/wp-json\/wp\/v2\/product\/19672\/revisions\/19675"}],"wp:featuredmedia":[{"embeddable":true,"href":"https:\/\/www.freeshopfrontiera.ch\/fr\/wp-json\/wp\/v2\/media\/19667"}],"wp:attachment":[{"href":"https:\/\/www.freeshopfrontiera.ch\/fr\/wp-json\/wp\/v2\/media?parent=19672"}],"wp:term":[{"taxonomy":"pwb-brand","embeddable":true,"href":"https:\/\/www.freeshopfrontiera.ch\/fr\/wp-json\/wp\/v2\/pwb-brand?post=19672"},{"taxonomy":"product_brand","embeddable":true,"href":"https:\/\/www.freeshopfrontiera.ch\/fr\/wp-json\/wp\/v2\/product_brand?post=19672"},{"taxonomy":"product_cat","embeddable":true,"href":"https:\/\/www.freeshopfrontiera.ch\/fr\/wp-json\/wp\/v2\/product_cat?post=19672"},{"taxonomy":"product_tag","embeddable":true,"href":"https:\/\/www.freeshopfrontiera.ch\/fr\/wp-json\/wp\/v2\/product_tag?post=19672"}],"curies":[{"name":"wp","href":"https:\/\/api.w.org\/{rel}","templated":true}]}}