{"id":19760,"date":"2025-03-20T11:25:21","date_gmt":"2025-03-20T11:25:21","guid":{"rendered":"https:\/\/freeshopswiss.alesca.org\/shop\/rabanne-set-1-million\/"},"modified":"2025-12-26T00:00:55","modified_gmt":"2025-12-26T00:00:55","slug":"rabanne-set-1-million","status":"publish","type":"product","link":"https:\/\/www.freeshopfrontiera.ch\/fr\/shop\/rabanne-set-1-million\/","title":{"rendered":"RABANNE SET 1 Million"},"content":{"rendered":"<p data-start=\"3125\" data-end=\"3432\">Le <strong data-start=\"3128\" data-end=\"3153\">RABANNE SET 1 Million<\/strong> est le choix id\u00e9al pour l\u2019homme qui aime se d\u00e9marquer avec style et assurance. Ce coffret \u00e9l\u00e9gant comprend l\u2019iconique <strong data-start=\"3272\" data-end=\"3307\">1 Million Eau de Toilette 100ml<\/strong> et le <strong data-start=\"3314\" data-end=\"3349\">1 Million D\u00e9odorant Spray 150ml<\/strong>, offrant une exp\u00e9rience olfactive intense et raffin\u00e9e qui dure toute la journ\u00e9e.<\/p>\n<p data-start=\"3434\" data-end=\"3854\">L\u2019<strong data-start=\"3436\" data-end=\"3465\">Eau de Toilette 1 Million<\/strong> est un parfum audacieux et s\u00e9duisant, parfait pour l\u2019homme charismatique et ambitieux. Ses <strong data-start=\"3557\" data-end=\"3586\">notes de t\u00eate p\u00e9tillantes<\/strong> de pamplemousse, de menthe et de mandarine rouge se fondent harmonieusement avec un c\u0153ur \u00e9pic\u00e9 de cannelle et de rose. Le sillage final, domin\u00e9 par le cuir, l\u2019ambre et le patchouli, apporte profondeur et sensualit\u00e9 au parfum, le rendant inoubliable et irr\u00e9sistible.<\/p>\n<p data-start=\"3856\" data-end=\"4170\">Le <strong data-start=\"3859\" data-end=\"3888\">D\u00e9odorant Spray 1 Million<\/strong> compl\u00e8te la routine de soin personnel avec une protection efficace et une fragrance sophistiqu\u00e9e. Gr\u00e2ce \u00e0 sa formule douce mais performante, il aide \u00e0 maintenir une sensation de fra\u00eecheur tout au long de la journ\u00e9e, tout en neutralisant les mauvaises odeurs sans irriter la peau.<\/p>\n<p data-start=\"4172\" data-end=\"4400\">Le design luxueux du flacon, inspir\u00e9 par l\u2019or et le succ\u00e8s, repr\u00e9sente la force et l\u2019\u00e9l\u00e9gance de l\u2019homme moderne. Ce coffret est parfait pour ceux qui recherchent une touche d\u2019exclusivit\u00e9 et de raffinement dans leur quotidien.<\/p>\n<p data-start=\"4402\" data-end=\"4652\" data-is-last-node=\"\" data-is-only-node=\"\">RABANNE SET est un cadeau con\u00e7u pour ceux qui veulent un parfum iconique et une protection efficace en une seule solution. Id\u00e9al comme cadeau pour une occasion sp\u00e9ciale ou pour ceux qui souhaitent s\u2019offrir une exp\u00e9rience de luxe et de s\u00e9duction au quotidien.<\/p>\n<p data-start=\"1328\" data-end=\"1550\" data-is-last-node=\"\" data-is-only-node=\"\">Follow us! <a href=\"https:\/\/www.instagram.com\/freeshopswiss\/\" target=\"_blank\" rel=\"noopener\">@freeshopswiss<\/a><\/p>\n","protected":false},"excerpt":{"rendered":"<p>Le RABANNE SET 1 Million est le choix id\u00e9al pour l\u2019homme qui aime se d\u00e9marquer avec style et assurance. Ce coffret \u00e9l\u00e9gant comprend l\u2019iconique 1 Million Eau de Toilette 100ml et le 1 Million D\u00e9odorant Spray 150ml, offrant une exp\u00e9rience olfactive intense et raffin\u00e9e qui dure toute la journ\u00e9e. L\u2019Eau de Toilette 1 Million est [&hellip;]<\/p>\n","protected":false},"featured_media":36151,"comment_status":"open","ping_status":"closed","template":"","meta":[],"pwb-brand":[378],"product_brand":[],"product_cat":[138,87,89,484,4192],"product_tag":[459,464,143,278],"class_list":{"0":"post-19760","1":"product","2":"type-product","3":"status-publish","4":"has-post-thumbnail","6":"pwb-brand-rabanne","7":"product_cat-offre","8":"product_cat-parfums","9":"product_cat-pour-lui","10":"product_cat-coffret","11":"product_cat-offers-coffret","12":"product_tag-coffret","13":"product_tag-coffret-homme","14":"product_tag-homme","15":"product_tag-offre","17":"first","18":"instock","19":"sale","20":"taxable","21":"shipping-taxable","22":"purchasable","23":"product-type-simple"},"brands":[{"id":378,"name":"Rabanne","slug":"rabanne"}],"_links":{"self":[{"href":"https:\/\/www.freeshopfrontiera.ch\/fr\/wp-json\/wp\/v2\/product\/19760","targetHints":{"allow":["GET"]}}],"collection":[{"href":"https:\/\/www.freeshopfrontiera.ch\/fr\/wp-json\/wp\/v2\/product"}],"about":[{"href":"https:\/\/www.freeshopfrontiera.ch\/fr\/wp-json\/wp\/v2\/types\/product"}],"replies":[{"embeddable":true,"href":"https:\/\/www.freeshopfrontiera.ch\/fr\/wp-json\/wp\/v2\/comments?post=19760"}],"version-history":[{"count":4,"href":"https:\/\/www.freeshopfrontiera.ch\/fr\/wp-json\/wp\/v2\/product\/19760\/revisions"}],"predecessor-version":[{"id":36155,"href":"https:\/\/www.freeshopfrontiera.ch\/fr\/wp-json\/wp\/v2\/product\/19760\/revisions\/36155"}],"wp:featuredmedia":[{"embeddable":true,"href":"https:\/\/www.freeshopfrontiera.ch\/fr\/wp-json\/wp\/v2\/media\/36151"}],"wp:attachment":[{"href":"https:\/\/www.freeshopfrontiera.ch\/fr\/wp-json\/wp\/v2\/media?parent=19760"}],"wp:term":[{"taxonomy":"pwb-brand","embeddable":true,"href":"https:\/\/www.freeshopfrontiera.ch\/fr\/wp-json\/wp\/v2\/pwb-brand?post=19760"},{"taxonomy":"product_brand","embeddable":true,"href":"https:\/\/www.freeshopfrontiera.ch\/fr\/wp-json\/wp\/v2\/product_brand?post=19760"},{"taxonomy":"product_cat","embeddable":true,"href":"https:\/\/www.freeshopfrontiera.ch\/fr\/wp-json\/wp\/v2\/product_cat?post=19760"},{"taxonomy":"product_tag","embeddable":true,"href":"https:\/\/www.freeshopfrontiera.ch\/fr\/wp-json\/wp\/v2\/product_tag?post=19760"}],"curies":[{"name":"wp","href":"https:\/\/api.w.org\/{rel}","templated":true}]}}