{"id":19821,"date":"2025-03-20T12:34:52","date_gmt":"2025-03-20T12:34:52","guid":{"rendered":"https:\/\/freeshopswiss.alesca.org\/shop\/moschino-set-toy-2-bubble-gum\/"},"modified":"2025-03-20T12:39:15","modified_gmt":"2025-03-20T12:39:15","slug":"moschino-set-toy-2-bubble-gum","status":"publish","type":"product","link":"https:\/\/www.freeshopfrontiera.ch\/fr\/shop\/moschino-set-toy-2-bubble-gum\/","title":{"rendered":"MOSCHINO SET Toy 2 Bubble Gum"},"content":{"rendered":"<p data-start=\"5432\" data-end=\"5757\">Le <strong data-start=\"5435\" data-end=\"5468\">MOSCHINO SET Toy 2 Bubble Gum<\/strong> est un coffret irr\u00e9sistible qui capture l\u2019essence ludique et insouciante de l\u2019embl\u00e9matique <strong data-start=\"5560\" data-end=\"5596\">Toy 2 Bubble Gum Eau de Toilette<\/strong>. Ce set exclusif comprend le <strong data-start=\"5626\" data-end=\"5641\">parfum 50ml<\/strong>, un <strong data-start=\"5646\" data-end=\"5673\">lait pour le corps 50ml<\/strong> et un <strong data-start=\"5680\" data-end=\"5699\">gel douche 50ml<\/strong>, parfaits pour une routine beaut\u00e9 sucr\u00e9e et p\u00e9tillante.<\/p>\n<p data-start=\"5759\" data-end=\"6227\">L\u2019<strong data-start=\"5761\" data-end=\"5797\">Eau de Toilette Toy 2 Bubble Gum<\/strong> est une fragrance amusante et captivante qui combine une <strong data-start=\"5855\" data-end=\"5897\">explosion de notes fruit\u00e9es et sucr\u00e9es<\/strong>, \u00e9voquant la joie du chewing-gum rose. Les notes de t\u00eate d\u2019agrumes et de fruits confits se m\u00ealent \u00e0 un c\u0153ur floral de rose bulgare et de p\u00eache juteuse, cr\u00e9ant un parfum envo\u00fbtant et f\u00e9minin. Les notes de fond de musc, d\u2019ambroxan et de bois sucr\u00e9s ajoutent profondeur et sensualit\u00e9, \u00e9quilibrant parfaitement la douceur initiale.<\/p>\n<p data-start=\"6229\" data-end=\"6505\">Le <strong data-start=\"6232\" data-end=\"6263\">gel douche Toy 2 Bubble Gum<\/strong> transforme chaque douche en un moment de plaisir et de douceur, enveloppant la peau de son parfum fruit\u00e9 et gourmand caract\u00e9ristique. Sa texture douce et d\u00e9licate nettoie sans dess\u00e9cher, laissant une sensation de fra\u00eecheur et de bien-\u00eatre.<\/p>\n<p data-start=\"6507\" data-end=\"6738\">Le <strong data-start=\"6510\" data-end=\"6549\">lait pour le corps Toy 2 Bubble Gum<\/strong>, l\u00e9ger et hydratant, nourrit la peau en lui apportant un toucher velout\u00e9 et un parfum durable. Sa formule \u00e0 absorption rapide garantit confort et douceur, id\u00e9ale pour un usage quotidien.<\/p>\n<p data-start=\"6740\" data-end=\"7044\" data-is-last-node=\"\" data-is-only-node=\"\">Avec son flacon iconique en forme d\u2019ours dans une teinte rose vibrante, ce coffret est le cadeau parfait pour celles qui aiment les parfums uniques et le style excentrique de Moschino. Un coffret id\u00e9al pour les femmes qui souhaitent exprimer leur personnalit\u00e9 avec une touche de douceur et d\u2019originalit\u00e9.<\/p>\n<p data-start=\"1466\" data-end=\"1774\">Follow us! <a href=\"https:\/\/www.instagram.com\/freeshopswiss\/\" target=\"_blank\" rel=\"noopener\">@freeshopswiss<\/a><\/p>\n","protected":false},"excerpt":{"rendered":"<p>Le MOSCHINO SET Toy 2 Bubble Gum est un coffret irr\u00e9sistible qui capture l\u2019essence ludique et insouciante de l\u2019embl\u00e9matique Toy 2 Bubble Gum Eau de Toilette. Ce set exclusif comprend le parfum 50ml, un lait pour le corps 50ml et un gel douche 50ml, parfaits pour une routine beaut\u00e9 sucr\u00e9e et p\u00e9tillante. L\u2019Eau de Toilette [&hellip;]<\/p>\n","protected":false},"featured_media":19817,"comment_status":"open","ping_status":"closed","template":"","meta":[],"pwb-brand":[379],"product_brand":[],"product_cat":[109,484],"product_tag":[459,461,296],"class_list":{"0":"post-19821","1":"product","2":"type-product","3":"status-publish","4":"has-post-thumbnail","6":"pwb-brand-moschino","7":"product_cat-pour-elle","8":"product_cat-coffret","9":"product_tag-coffret","10":"product_tag-coffrets-femme","11":"product_tag-femme","13":"first","14":"outofstock","15":"sale","16":"taxable","17":"shipping-taxable","18":"purchasable","19":"product-type-simple"},"brands":[{"id":379,"name":"Moschino","slug":"moschino"}],"_links":{"self":[{"href":"https:\/\/www.freeshopfrontiera.ch\/fr\/wp-json\/wp\/v2\/product\/19821","targetHints":{"allow":["GET"]}}],"collection":[{"href":"https:\/\/www.freeshopfrontiera.ch\/fr\/wp-json\/wp\/v2\/product"}],"about":[{"href":"https:\/\/www.freeshopfrontiera.ch\/fr\/wp-json\/wp\/v2\/types\/product"}],"replies":[{"embeddable":true,"href":"https:\/\/www.freeshopfrontiera.ch\/fr\/wp-json\/wp\/v2\/comments?post=19821"}],"version-history":[{"count":2,"href":"https:\/\/www.freeshopfrontiera.ch\/fr\/wp-json\/wp\/v2\/product\/19821\/revisions"}],"predecessor-version":[{"id":19826,"href":"https:\/\/www.freeshopfrontiera.ch\/fr\/wp-json\/wp\/v2\/product\/19821\/revisions\/19826"}],"wp:featuredmedia":[{"embeddable":true,"href":"https:\/\/www.freeshopfrontiera.ch\/fr\/wp-json\/wp\/v2\/media\/19817"}],"wp:attachment":[{"href":"https:\/\/www.freeshopfrontiera.ch\/fr\/wp-json\/wp\/v2\/media?parent=19821"}],"wp:term":[{"taxonomy":"pwb-brand","embeddable":true,"href":"https:\/\/www.freeshopfrontiera.ch\/fr\/wp-json\/wp\/v2\/pwb-brand?post=19821"},{"taxonomy":"product_brand","embeddable":true,"href":"https:\/\/www.freeshopfrontiera.ch\/fr\/wp-json\/wp\/v2\/product_brand?post=19821"},{"taxonomy":"product_cat","embeddable":true,"href":"https:\/\/www.freeshopfrontiera.ch\/fr\/wp-json\/wp\/v2\/product_cat?post=19821"},{"taxonomy":"product_tag","embeddable":true,"href":"https:\/\/www.freeshopfrontiera.ch\/fr\/wp-json\/wp\/v2\/product_tag?post=19821"}],"curies":[{"name":"wp","href":"https:\/\/api.w.org\/{rel}","templated":true}]}}