{"id":19837,"date":"2025-03-20T13:35:13","date_gmt":"2025-03-20T13:35:13","guid":{"rendered":"https:\/\/freeshopswiss.alesca.org\/shop\/shiseido-set-ginza\/"},"modified":"2025-03-20T13:38:52","modified_gmt":"2025-03-20T13:38:52","slug":"shiseido-set-ginza","status":"publish","type":"product","link":"https:\/\/www.freeshopfrontiera.ch\/fr\/shop\/shiseido-set-ginza\/","title":{"rendered":"SHISEIDO SET Ginza"},"content":{"rendered":"<p data-start=\"3123\" data-end=\"3482\">Le <strong data-start=\"3126\" data-end=\"3148\">SHISEIDO SET Ginza<\/strong> est un coffret raffin\u00e9 qui c\u00e9l\u00e8bre la f\u00e9minit\u00e9 moderne \u00e0 travers une combinaison d\u2019\u00e9l\u00e9gance, de sensualit\u00e9 et d\u2019innovation. Cet ensemble exclusif comprend le <strong data-start=\"3307\" data-end=\"3335\">Ginza Eau de Parfum 90ml<\/strong>, une <strong data-start=\"3341\" data-end=\"3370\">lotion pour le corps 50ml<\/strong> et un <strong data-start=\"3377\" data-end=\"3406\">Technosatin Mini Lipstick<\/strong>, parfaits pour sublimer la beaut\u00e9 naturelle avec une touche sophistiqu\u00e9e.<\/p>\n<p data-start=\"3484\" data-end=\"3899\">L\u2019<strong data-start=\"3486\" data-end=\"3509\">Eau de Parfum Ginza<\/strong> est un hommage \u00e0 la dualit\u00e9 de la femme : \u00e0 la fois forte et d\u00e9licate, intense et lumineuse. Le parfum s\u2019ouvre sur des notes fruit\u00e9es \u00e9clatantes, tandis que le c\u0153ur floral met en valeur l\u2019\u00e9l\u00e9gance de la pivoine, du jasmin et de la magnolia. Les notes de fond, enrichies de bois sacr\u00e9s et de patchouli, apportent profondeur et caract\u00e8re, cr\u00e9ant une fragrance irr\u00e9sistible et sophistiqu\u00e9e.<\/p>\n<p data-start=\"3901\" data-end=\"4149\">La <strong data-start=\"3904\" data-end=\"3934\">lotion pour le corps Ginza<\/strong> compl\u00e8te l\u2019exp\u00e9rience sensorielle avec sa texture l\u00e9g\u00e8re et velout\u00e9e. Elle hydrate et nourrit la peau, la laissant douce et subtilement parfum\u00e9e, prolongeant ainsi le plaisir du parfum tout au long de la journ\u00e9e.<\/p>\n<p data-start=\"4151\" data-end=\"4393\">Le <strong data-start=\"4154\" data-end=\"4183\">Technosatin Mini Lipstick<\/strong> est la touche finale parfaite pour un look \u00e9l\u00e9gant et raffin\u00e9. Sa formule cr\u00e9meuse et confortable enveloppe les l\u00e8vres d\u2019une couleur intense au fini satin\u00e9, tout en apportant hydratation et un effet lissant.<\/p>\n<p data-start=\"4395\" data-end=\"4632\" data-is-last-node=\"\" data-is-only-node=\"\">Ce coffret est le choix id\u00e9al pour celles qui aiment l\u2019\u00e9l\u00e9gance intemporelle et souhaitent une exp\u00e9rience beaut\u00e9 compl\u00e8te, entre parfum, soin du corps et maquillage. Parfait comme cadeau ou pour s\u2019accorder un moment de luxe au quotidien.<\/p>\n<p data-start=\"1312\" data-end=\"1538\" data-is-last-node=\"\" data-is-only-node=\"\">Follow us! <a href=\"https:\/\/www.instagram.com\/freeshopswiss\/\" target=\"_blank\" rel=\"noopener\">@freeshopswiss<\/a><\/p>\n","protected":false},"excerpt":{"rendered":"<p>Le SHISEIDO SET Ginza est un coffret raffin\u00e9 qui c\u00e9l\u00e8bre la f\u00e9minit\u00e9 moderne \u00e0 travers une combinaison d\u2019\u00e9l\u00e9gance, de sensualit\u00e9 et d\u2019innovation. Cet ensemble exclusif comprend le Ginza Eau de Parfum 90ml, une lotion pour le corps 50ml et un Technosatin Mini Lipstick, parfaits pour sublimer la beaut\u00e9 naturelle avec une touche sophistiqu\u00e9e. L\u2019Eau de [&hellip;]<\/p>\n","protected":false},"featured_media":19833,"comment_status":"open","ping_status":"closed","template":"","meta":[],"pwb-brand":[312],"product_brand":[],"product_cat":[109,484],"product_tag":[459,461,296],"class_list":{"0":"post-19837","1":"product","2":"type-product","3":"status-publish","4":"has-post-thumbnail","6":"pwb-brand-shiseido","7":"product_cat-pour-elle","8":"product_cat-coffret","9":"product_tag-coffret","10":"product_tag-coffrets-femme","11":"product_tag-femme","13":"first","14":"outofstock","15":"sale","16":"taxable","17":"shipping-taxable","18":"purchasable","19":"product-type-simple"},"brands":[{"id":312,"name":"Shiseido","slug":"shiseido"}],"_links":{"self":[{"href":"https:\/\/www.freeshopfrontiera.ch\/fr\/wp-json\/wp\/v2\/product\/19837","targetHints":{"allow":["GET"]}}],"collection":[{"href":"https:\/\/www.freeshopfrontiera.ch\/fr\/wp-json\/wp\/v2\/product"}],"about":[{"href":"https:\/\/www.freeshopfrontiera.ch\/fr\/wp-json\/wp\/v2\/types\/product"}],"replies":[{"embeddable":true,"href":"https:\/\/www.freeshopfrontiera.ch\/fr\/wp-json\/wp\/v2\/comments?post=19837"}],"version-history":[{"count":2,"href":"https:\/\/www.freeshopfrontiera.ch\/fr\/wp-json\/wp\/v2\/product\/19837\/revisions"}],"predecessor-version":[{"id":19841,"href":"https:\/\/www.freeshopfrontiera.ch\/fr\/wp-json\/wp\/v2\/product\/19837\/revisions\/19841"}],"wp:featuredmedia":[{"embeddable":true,"href":"https:\/\/www.freeshopfrontiera.ch\/fr\/wp-json\/wp\/v2\/media\/19833"}],"wp:attachment":[{"href":"https:\/\/www.freeshopfrontiera.ch\/fr\/wp-json\/wp\/v2\/media?parent=19837"}],"wp:term":[{"taxonomy":"pwb-brand","embeddable":true,"href":"https:\/\/www.freeshopfrontiera.ch\/fr\/wp-json\/wp\/v2\/pwb-brand?post=19837"},{"taxonomy":"product_brand","embeddable":true,"href":"https:\/\/www.freeshopfrontiera.ch\/fr\/wp-json\/wp\/v2\/product_brand?post=19837"},{"taxonomy":"product_cat","embeddable":true,"href":"https:\/\/www.freeshopfrontiera.ch\/fr\/wp-json\/wp\/v2\/product_cat?post=19837"},{"taxonomy":"product_tag","embeddable":true,"href":"https:\/\/www.freeshopfrontiera.ch\/fr\/wp-json\/wp\/v2\/product_tag?post=19837"}],"curies":[{"name":"wp","href":"https:\/\/api.w.org\/{rel}","templated":true}]}}