{"id":19874,"date":"2025-03-20T14:23:46","date_gmt":"2025-03-20T14:23:46","guid":{"rendered":"https:\/\/freeshopswiss.alesca.org\/shop\/hugo-boss-set-boss-the-scent\/"},"modified":"2025-03-20T14:31:30","modified_gmt":"2025-03-20T14:31:30","slug":"hugo-boss-set-boss-the-scent","status":"publish","type":"product","link":"https:\/\/www.freeshopfrontiera.ch\/fr\/shop\/hugo-boss-set-boss-the-scent\/","title":{"rendered":"HUGO BOSS SET Boss The Scent"},"content":{"rendered":"<p data-start=\"2887\" data-end=\"3209\">Le <strong data-start=\"2890\" data-end=\"2930\">HUGO BOSS SET Boss The Scent For Her<\/strong> est un coffret raffin\u00e9 con\u00e7u pour une femme confiante, sophistiqu\u00e9e et captivante. Cet ensemble exclusif comprend <strong data-start=\"3045\" data-end=\"3090\">Boss The Scent For Her Eau de Parfum 30ml<\/strong> et une <strong data-start=\"3098\" data-end=\"3127\">lotion pour le corps 50ml<\/strong>, parfaits pour sublimer la f\u00e9minit\u00e9 avec une touche d\u2019\u00e9l\u00e9gance et de s\u00e9duction.<\/p>\n<p data-start=\"3211\" data-end=\"3744\">L\u2019<strong data-start=\"3213\" data-end=\"3253\">Eau de Parfum Boss The Scent For Her<\/strong> est une fragrance irr\u00e9sistible et sensuelle, inspir\u00e9e par le pouvoir de la s\u00e9duction et la magie de l\u2019attraction. L\u2019ouverture d\u00e9voile des notes fra\u00eeches et fruit\u00e9es de <strong data-start=\"3422\" data-end=\"3445\">fruit de la passion<\/strong>, apportant une touche vibrante et \u00e9nergique. Le c\u0153ur du parfum se d\u00e9veloppe avec l\u2019intensit\u00e9 florale de <strong data-start=\"3550\" data-end=\"3564\">l\u2019orchid\u00e9e<\/strong>, symbole d\u2019\u00e9l\u00e9gance et de myst\u00e8re, tandis que les notes de fond de <strong data-start=\"3632\" data-end=\"3662\">cacao grill\u00e9 et de vanille<\/strong> ajoutent chaleur et profondeur, cr\u00e9ant une essence enveloppante et inoubliable.<\/p>\n<p data-start=\"3746\" data-end=\"4007\">La <strong data-start=\"3749\" data-end=\"3796\">lotion pour le corps Boss The Scent For Her<\/strong> compl\u00e8te l\u2019exp\u00e9rience olfactive avec sa texture l\u00e9g\u00e8re et soyeuse. Formul\u00e9e pour hydrater et nourrir la peau, elle la laisse douce, velout\u00e9e et d\u00e9licatement parfum\u00e9e avec les notes sensuelles de la fragrance.<\/p>\n<p data-start=\"4009\" data-end=\"4232\" data-is-last-node=\"\" data-is-only-node=\"\">Ce coffret est le choix id\u00e9al pour celles qui recherchent un parfum raffin\u00e9 et durable, accompagn\u00e9 d\u2019une routine beaut\u00e9 qui sublime la f\u00e9minit\u00e9. Parfait comme cadeau ou pour s\u2019accorder un moment de pur luxe et de s\u00e9duction.<\/p>\n<p data-start=\"1206\" data-end=\"1432\" data-is-last-node=\"\" data-is-only-node=\"\">Follow us! <a href=\"https:\/\/www.instagram.com\/freeshopswiss\/\" target=\"_blank\" rel=\"noopener\">@freeshopswiss<\/a><\/p>\n","protected":false},"excerpt":{"rendered":"<p>Le HUGO BOSS SET Boss The Scent For Her est un coffret raffin\u00e9 con\u00e7u pour une femme confiante, sophistiqu\u00e9e et captivante. Cet ensemble exclusif comprend Boss The Scent For Her Eau de Parfum 30ml et une lotion pour le corps 50ml, parfaits pour sublimer la f\u00e9minit\u00e9 avec une touche d\u2019\u00e9l\u00e9gance et de s\u00e9duction. L\u2019Eau de [&hellip;]<\/p>\n","protected":false},"featured_media":19870,"comment_status":"open","ping_status":"closed","template":"","meta":[],"pwb-brand":[260],"product_brand":[],"product_cat":[109,484],"product_tag":[459,461,296],"class_list":{"0":"post-19874","1":"product","2":"type-product","3":"status-publish","4":"has-post-thumbnail","6":"pwb-brand-hugo-boss","7":"product_cat-pour-elle","8":"product_cat-coffret","9":"product_tag-coffret","10":"product_tag-coffrets-femme","11":"product_tag-femme","13":"first","14":"outofstock","15":"sale","16":"taxable","17":"shipping-taxable","18":"purchasable","19":"product-type-simple"},"brands":[{"id":260,"name":"Hugo Boss","slug":"hugo-boss"}],"_links":{"self":[{"href":"https:\/\/www.freeshopfrontiera.ch\/fr\/wp-json\/wp\/v2\/product\/19874","targetHints":{"allow":["GET"]}}],"collection":[{"href":"https:\/\/www.freeshopfrontiera.ch\/fr\/wp-json\/wp\/v2\/product"}],"about":[{"href":"https:\/\/www.freeshopfrontiera.ch\/fr\/wp-json\/wp\/v2\/types\/product"}],"replies":[{"embeddable":true,"href":"https:\/\/www.freeshopfrontiera.ch\/fr\/wp-json\/wp\/v2\/comments?post=19874"}],"version-history":[{"count":2,"href":"https:\/\/www.freeshopfrontiera.ch\/fr\/wp-json\/wp\/v2\/product\/19874\/revisions"}],"predecessor-version":[{"id":19882,"href":"https:\/\/www.freeshopfrontiera.ch\/fr\/wp-json\/wp\/v2\/product\/19874\/revisions\/19882"}],"wp:featuredmedia":[{"embeddable":true,"href":"https:\/\/www.freeshopfrontiera.ch\/fr\/wp-json\/wp\/v2\/media\/19870"}],"wp:attachment":[{"href":"https:\/\/www.freeshopfrontiera.ch\/fr\/wp-json\/wp\/v2\/media?parent=19874"}],"wp:term":[{"taxonomy":"pwb-brand","embeddable":true,"href":"https:\/\/www.freeshopfrontiera.ch\/fr\/wp-json\/wp\/v2\/pwb-brand?post=19874"},{"taxonomy":"product_brand","embeddable":true,"href":"https:\/\/www.freeshopfrontiera.ch\/fr\/wp-json\/wp\/v2\/product_brand?post=19874"},{"taxonomy":"product_cat","embeddable":true,"href":"https:\/\/www.freeshopfrontiera.ch\/fr\/wp-json\/wp\/v2\/product_cat?post=19874"},{"taxonomy":"product_tag","embeddable":true,"href":"https:\/\/www.freeshopfrontiera.ch\/fr\/wp-json\/wp\/v2\/product_tag?post=19874"}],"curies":[{"name":"wp","href":"https:\/\/api.w.org\/{rel}","templated":true}]}}