{"id":20309,"date":"2025-03-21T13:38:17","date_gmt":"2025-03-21T13:38:17","guid":{"rendered":"https:\/\/freeshopswiss.alesca.org\/shop\/elie-saab-elixir\/"},"modified":"2025-03-21T13:50:17","modified_gmt":"2025-03-21T13:50:17","slug":"elie-saab-elixir","status":"publish","type":"product","link":"https:\/\/www.freeshopfrontiera.ch\/fr\/shop\/elie-saab-elixir\/","title":{"rendered":"ELIE SAAB Elixir"},"content":{"rendered":"<p data-start=\"3637\" data-end=\"4112\">Plongez dans la magie de <strong data-start=\"3662\" data-end=\"3686\">Elixir Eau de Parfum<\/strong> par <strong data-start=\"3691\" data-end=\"3704\">ELIE SAAB<\/strong>, une fragrance hypnotique et sophistiqu\u00e9e qui incarne l&rsquo;essence m\u00eame de la f\u00e9minit\u00e9. Con\u00e7u pour la femme moderne, \u00e9l\u00e9gante et s\u00fbre d\u2019elle, ce parfum est une d\u00e9claration de charme et de s\u00e9duction, laissant une empreinte inoubliable partout o\u00f9 il est port\u00e9. <strong data-start=\"3961\" data-end=\"3971\">Elixir<\/strong> est une cr\u00e9ation sensuelle et enveloppante, combinant des ingr\u00e9dients pr\u00e9cieux et captivants pour offrir un bouquet olfactif irr\u00e9sistible.<\/p>\n<p data-start=\"4114\" data-end=\"4670\">La fragrance s\u2019ouvre sur une note radieuse de <strong data-start=\"4160\" data-end=\"4179\">Fleur d\u2019Oranger<\/strong>, embl\u00e8me de la maison ELIE SAAB, qui apporte une fra\u00eecheur lumineuse et raffin\u00e9e. En c\u0153ur, l\u2019\u00e9l\u00e9gance de l\u2019<strong data-start=\"4287\" data-end=\"4295\">Iris<\/strong>, une fleur noble et pr\u00e9cieuse, conf\u00e8re une dimension velout\u00e9e et sophistiqu\u00e9e \u00e0 la composition, enveloppant les sens dans une \u00e9treinte d\u00e9licate et sensuelle. Enfin, le fond r\u00e9v\u00e8le une fusion intense et magn\u00e9tique d\u2019<strong data-start=\"4511\" data-end=\"4534\">Ambre et de Vanille<\/strong>, qui apportent profondeur et persistance, laissant sur la peau un sillage chaud et envo\u00fbtant, irr\u00e9sistible pour quiconque le per\u00e7oit.<\/p>\n<p data-start=\"4672\" data-end=\"5375\" data-is-last-node=\"\" data-is-only-node=\"\">Le design du flacon est un chef-d&rsquo;\u0153uvre de raffinement : des lignes modernes et des d\u00e9tails dor\u00e9s subliment l&rsquo;\u00e9l\u00e9gance de cette fragrance, transformant ce flacon en un v\u00e9ritable bijou \u00e0 exposer fi\u00e8rement sur sa coiffeuse. Le format <strong data-start=\"4904\" data-end=\"4912\">30ml<\/strong> est id\u00e9al pour l\u2019emporter partout avec soi et avoir son \u00e9lixir de beaut\u00e9 \u00e0 port\u00e9e de main en toute occasion. <strong data-start=\"5022\" data-end=\"5056\">ELIE SAAB Elixir Eau de Parfum<\/strong> est parfait pour toutes les occasions, que ce soit pour une soir\u00e9e sp\u00e9ciale ou pour celles qui souhaitent se d\u00e9marquer au quotidien avec une signature olfactive sophistiqu\u00e9e et unique. Une essence qui c\u00e9l\u00e8bre la gr\u00e2ce et la puissance de la f\u00e9minit\u00e9 dans un \u00e9quilibre parfait entre fra\u00eecheur, sensualit\u00e9 et intensit\u00e9.<\/p>\n<p data-start=\"1120\" data-end=\"1815\" data-is-last-node=\"\" data-is-only-node=\"\">Follow us! <a href=\"https:\/\/www.instagram.com\/freeshopswiss\/\" target=\"_blank\" rel=\"noopener\">@freeshopswiss<\/a><\/p>\n","protected":false},"excerpt":{"rendered":"<p><em><strong>Eau de Parfum<\/strong><\/em><\/p>\n","protected":false},"featured_media":20292,"comment_status":"open","ping_status":"closed","template":"","meta":[],"pwb-brand":[579],"product_brand":[],"product_cat":[87,109],"product_tag":[252,296,789,97],"class_list":{"0":"post-20309","1":"product","2":"type-product","3":"status-publish","4":"has-post-thumbnail","6":"pwb-brand-elie-saab","7":"product_cat-parfums","8":"product_cat-pour-elle","9":"product_tag-eau-de-parfum-fr","10":"product_tag-femme","11":"product_tag-womens-fragrances-fr","12":"product_tag-parfums","14":"first","15":"instock","16":"sale","17":"taxable","18":"shipping-taxable","19":"purchasable","20":"product-type-variable","21":"has-default-attributes"},"brands":[{"id":579,"name":"Elie Saab","slug":"elie-saab"}],"_links":{"self":[{"href":"https:\/\/www.freeshopfrontiera.ch\/fr\/wp-json\/wp\/v2\/product\/20309","targetHints":{"allow":["GET"]}}],"collection":[{"href":"https:\/\/www.freeshopfrontiera.ch\/fr\/wp-json\/wp\/v2\/product"}],"about":[{"href":"https:\/\/www.freeshopfrontiera.ch\/fr\/wp-json\/wp\/v2\/types\/product"}],"replies":[{"embeddable":true,"href":"https:\/\/www.freeshopfrontiera.ch\/fr\/wp-json\/wp\/v2\/comments?post=20309"}],"version-history":[{"count":1,"href":"https:\/\/www.freeshopfrontiera.ch\/fr\/wp-json\/wp\/v2\/product\/20309\/revisions"}],"predecessor-version":[{"id":20318,"href":"https:\/\/www.freeshopfrontiera.ch\/fr\/wp-json\/wp\/v2\/product\/20309\/revisions\/20318"}],"wp:featuredmedia":[{"embeddable":true,"href":"https:\/\/www.freeshopfrontiera.ch\/fr\/wp-json\/wp\/v2\/media\/20292"}],"wp:attachment":[{"href":"https:\/\/www.freeshopfrontiera.ch\/fr\/wp-json\/wp\/v2\/media?parent=20309"}],"wp:term":[{"taxonomy":"pwb-brand","embeddable":true,"href":"https:\/\/www.freeshopfrontiera.ch\/fr\/wp-json\/wp\/v2\/pwb-brand?post=20309"},{"taxonomy":"product_brand","embeddable":true,"href":"https:\/\/www.freeshopfrontiera.ch\/fr\/wp-json\/wp\/v2\/product_brand?post=20309"},{"taxonomy":"product_cat","embeddable":true,"href":"https:\/\/www.freeshopfrontiera.ch\/fr\/wp-json\/wp\/v2\/product_cat?post=20309"},{"taxonomy":"product_tag","embeddable":true,"href":"https:\/\/www.freeshopfrontiera.ch\/fr\/wp-json\/wp\/v2\/product_tag?post=20309"}],"curies":[{"name":"wp","href":"https:\/\/api.w.org\/{rel}","templated":true}]}}