{"id":20353,"date":"2025-03-21T15:02:45","date_gmt":"2025-03-21T15:02:45","guid":{"rendered":"https:\/\/freeshopswiss.alesca.org\/shop\/collistar-set-volume-unico\/"},"modified":"2025-03-21T15:07:26","modified_gmt":"2025-03-21T15:07:26","slug":"collistar-set-volume-unico","status":"publish","type":"product","link":"https:\/\/www.freeshopfrontiera.ch\/fr\/shop\/collistar-set-volume-unico\/","title":{"rendered":"COLLISTAR SET Volume Unico"},"content":{"rendered":"<p data-start=\"3364\" data-end=\"3783\">Le <strong data-start=\"3367\" data-end=\"3407\">Coffret Maquillage 2024 de Collistar<\/strong> est l\u2019id\u00e9e cadeau parfaite pour les passionn\u00e9s de maquillage qui souhaitent sublimer la beaut\u00e9 de leurs yeux avec des produits de haute qualit\u00e9. Ce coffret exclusif comprend trois \u00e9l\u00e9ments essentiels pour obtenir un regard intense et d\u00e9fini, accompagn\u00e9 d\u2019une \u00e9l\u00e9gante <strong data-start=\"3676\" data-end=\"3690\">beauty bag<\/strong> sign\u00e9e <strong data-start=\"3698\" data-end=\"3712\">The Bridge<\/strong>, parfaite pour ranger vos produits de beaut\u00e9 pr\u00e9f\u00e9r\u00e9s avec \u00e9l\u00e9gance.<\/p>\n<p data-start=\"3785\" data-end=\"4108\">Le <strong data-start=\"3788\" data-end=\"3825\">Mascara Unico Volume Noir Intense<\/strong> est formul\u00e9 pour apporter volume et longueur aux cils, les s\u00e9parant et les d\u00e9finissant avec pr\u00e9cision. Sa texture riche et cr\u00e9meuse, associ\u00e9e \u00e0 un applicateur innovant, permet d\u2019obtenir un effet volumisant et allongeant sans faire de paquets, pour un regard profond et magn\u00e9tique.<\/p>\n<p data-start=\"4110\" data-end=\"4447\">Le <strong data-start=\"4113\" data-end=\"4147\">Crayon Yeux Professionnel Noir<\/strong> est un classique intemporel, con\u00e7u pour d\u00e9finir le contour des yeux avec un trait doux et intense. Sa formule waterproof garantit une tenue longue dur\u00e9e, tandis que sa texture cr\u00e9meuse permet de l\u2019estomper facilement, parfait pour cr\u00e9er des looks intenses et polyvalents pour toutes les occasions.<\/p>\n<p data-start=\"4449\" data-end=\"4710\">La <strong data-start=\"4452\" data-end=\"4477\">Beauty-Bag The Bridge<\/strong> compl\u00e8te le coffret, ajoutant une touche d\u2019\u00e9l\u00e9gance et de fonctionnalit\u00e9. Fabriqu\u00e9e avec des mat\u00e9riaux de haute qualit\u00e9, cette trousse est l\u2019accessoire id\u00e9al pour transporter vos produits de beaut\u00e9 de mani\u00e8re pratique et raffin\u00e9e.<\/p>\n<p data-start=\"4712\" data-end=\"5033\" data-is-last-node=\"\" data-is-only-node=\"\">Le <strong data-start=\"4715\" data-end=\"4755\">Coffret Maquillage 2024 de Collistar<\/strong> est le cadeau parfait pour celles et ceux qui d\u00e9sirent un maquillage des yeux impeccable et sophistiqu\u00e9, avec des produits de haute performance et un design \u00e9l\u00e9gant. Un coffret qui sublime la beaut\u00e9 de mani\u00e8re naturelle et durable, id\u00e9al pour tous les amateurs de maquillage.<\/p>\n<p data-start=\"1416\" data-end=\"1691\" data-is-last-node=\"\" data-is-only-node=\"\">Follow us! <a href=\"https:\/\/www.instagram.com\/freeshopswiss\/\" target=\"_blank\" rel=\"noopener\">@freeshopswiss<\/a><\/p>\n","protected":false},"excerpt":{"rendered":"<p>Le Coffret Maquillage 2024 de Collistar est l\u2019id\u00e9e cadeau parfaite pour les passionn\u00e9s de maquillage qui souhaitent sublimer la beaut\u00e9 de leurs yeux avec des produits de haute qualit\u00e9. Ce coffret exclusif comprend trois \u00e9l\u00e9ments essentiels pour obtenir un regard intense et d\u00e9fini, accompagn\u00e9 d\u2019une \u00e9l\u00e9gante beauty bag sign\u00e9e The Bridge, parfaite pour ranger vos [&hellip;]<\/p>\n","protected":false},"featured_media":20349,"comment_status":"open","ping_status":"closed","template":"","meta":[],"pwb-brand":[437],"product_brand":[],"product_cat":[109,566,536,539],"product_tag":[459,461,477,471,474],"class_list":{"0":"post-20353","1":"product","2":"type-product","3":"status-publish","4":"has-post-thumbnail","6":"pwb-brand-collistar","7":"product_cat-pour-elle","8":"product_cat-make-up-fr-2","9":"product_cat-maquillage-des-yeux","10":"product_cat-maquillage-du-visage","11":"product_tag-coffret","12":"product_tag-coffrets-femme","13":"product_tag-maquillage","14":"product_tag-maquillage-des-yeux","15":"product_tag-maquillage-du-visage","17":"first","18":"outofstock","19":"sale","20":"taxable","21":"shipping-taxable","22":"purchasable","23":"product-type-simple"},"brands":[{"id":437,"name":"Collistar","slug":"collistar"}],"_links":{"self":[{"href":"https:\/\/www.freeshopfrontiera.ch\/fr\/wp-json\/wp\/v2\/product\/20353","targetHints":{"allow":["GET"]}}],"collection":[{"href":"https:\/\/www.freeshopfrontiera.ch\/fr\/wp-json\/wp\/v2\/product"}],"about":[{"href":"https:\/\/www.freeshopfrontiera.ch\/fr\/wp-json\/wp\/v2\/types\/product"}],"replies":[{"embeddable":true,"href":"https:\/\/www.freeshopfrontiera.ch\/fr\/wp-json\/wp\/v2\/comments?post=20353"}],"version-history":[{"count":2,"href":"https:\/\/www.freeshopfrontiera.ch\/fr\/wp-json\/wp\/v2\/product\/20353\/revisions"}],"predecessor-version":[{"id":20358,"href":"https:\/\/www.freeshopfrontiera.ch\/fr\/wp-json\/wp\/v2\/product\/20353\/revisions\/20358"}],"wp:featuredmedia":[{"embeddable":true,"href":"https:\/\/www.freeshopfrontiera.ch\/fr\/wp-json\/wp\/v2\/media\/20349"}],"wp:attachment":[{"href":"https:\/\/www.freeshopfrontiera.ch\/fr\/wp-json\/wp\/v2\/media?parent=20353"}],"wp:term":[{"taxonomy":"pwb-brand","embeddable":true,"href":"https:\/\/www.freeshopfrontiera.ch\/fr\/wp-json\/wp\/v2\/pwb-brand?post=20353"},{"taxonomy":"product_brand","embeddable":true,"href":"https:\/\/www.freeshopfrontiera.ch\/fr\/wp-json\/wp\/v2\/product_brand?post=20353"},{"taxonomy":"product_cat","embeddable":true,"href":"https:\/\/www.freeshopfrontiera.ch\/fr\/wp-json\/wp\/v2\/product_cat?post=20353"},{"taxonomy":"product_tag","embeddable":true,"href":"https:\/\/www.freeshopfrontiera.ch\/fr\/wp-json\/wp\/v2\/product_tag?post=20353"}],"curies":[{"name":"wp","href":"https:\/\/api.w.org\/{rel}","templated":true}]}}