{"id":20383,"date":"2025-03-21T15:53:45","date_gmt":"2025-03-21T15:53:45","guid":{"rendered":"https:\/\/freeshopswiss.alesca.org\/shop\/laura-biagiotti-romamor-uomo\/"},"modified":"2025-05-28T07:38:03","modified_gmt":"2025-05-28T07:38:03","slug":"laura-biagiotti-romamor-uomo","status":"publish","type":"product","link":"https:\/\/www.freeshopfrontiera.ch\/fr\/shop\/laura-biagiotti-romamor-uomo\/","title":{"rendered":"LAURA BIAGIOTTI Romamor Uomo 125ml"},"content":{"rendered":"<div class=\"flex max-w-full flex-col flex-grow\">\n<div class=\"min-h-8 text-message relative flex w-full flex-col items-end gap-2 whitespace-normal break-words text-start [.text-message+&amp;]:mt-5\" dir=\"auto\" data-message-author-role=\"assistant\" data-message-id=\"6a28b7b9-1bf2-4732-ae8e-8ff1bce89f2f\" data-message-model-slug=\"gpt-4o-mini\">\n<div class=\"flex w-full flex-col gap-1 empty:hidden first:pt-[3px]\">\n<div class=\"markdown prose w-full break-words dark:prose-invert light\">\n<p data-start=\"4861\" data-end=\"5347\"><strong data-start=\"4861\" data-end=\"4877\">Romamor Uomo<\/strong> de <strong data-start=\"4881\" data-end=\"4900\">Laura Biagiotti<\/strong> est un parfum qui raconte une histoire d&rsquo;\u00e9l\u00e9gance, de passion et de s\u00e9duction. Cr\u00e9\u00e9e pour l&rsquo;homme moderne \u00e0 la recherche d&rsquo;une fragrance sophistiqu\u00e9e et enveloppante, cette Eau de Toilette incarne un m\u00e9lange parfait de force et de raffinement, un parfum qui laisse une impression durable. Avec sa composition unique et distinctive, <strong data-start=\"5233\" data-end=\"5249\">Romamor Uomo<\/strong> c\u00e9l\u00e8bre la beaut\u00e9 de la vie et des \u00e9motions, sans sacrifier la masculinit\u00e9 d&rsquo;un homme s\u00fbr de lui.<\/p>\n<p data-start=\"5349\" data-end=\"5716\">Les <strong data-start=\"5353\" data-end=\"5370\">notes de t\u00eate<\/strong> offrent un jeu de fra\u00eecheur et de dynamisme. L&rsquo;association de bergamote et de mandarine offre une explosion d&rsquo;\u00e9nergie, compl\u00e9t\u00e9e par l&rsquo;intensit\u00e9 du poivre noir, qui introduit un caract\u00e8re audacieux et affirm\u00e9. Ces notes fra\u00eeches et agrum\u00e9es cr\u00e9ent une ouverture vibrante et vivante, parfaite pour un homme qui n&rsquo;a pas peur de se faire remarquer.<\/p>\n<p data-start=\"5718\" data-end=\"6174\">Au <strong data-start=\"5721\" data-end=\"5729\">c\u0153ur<\/strong> du parfum, nous trouvons un bouquet aromatique et floral compos\u00e9 de lavande, cardamome et g\u00e9ranium. La lavande ajoute une fra\u00eecheur d\u00e9licate, tandis que la cardamome, une \u00e9pice exotique et intrigante, donne une profondeur unique et une touche de myst\u00e8re. Le g\u00e9ranium, quant \u00e0 lui, ajoute une nuance \u00e9l\u00e9gante, compl\u00e9tant une composition \u00e9quilibr\u00e9e et sophistiqu\u00e9e qui correspond parfaitement \u00e0 la personnalit\u00e9 d&rsquo;un homme \u00e9l\u00e9gant et contemporain.<\/p>\n<p data-start=\"6176\" data-end=\"6575\">Les <strong data-start=\"6180\" data-end=\"6197\">notes de fond<\/strong> forment une harmonie chaude et enveloppante, offrant au parfum une long\u00e9vit\u00e9 exceptionnelle. Le c\u00e8dre, symbole de force et de stabilit\u00e9, se m\u00eale \u00e0 l&rsquo;ambre, enrichissant la fragrance d&rsquo;une sensation de profondeur et de chaleur. La f\u00e8ve tonka, avec son caract\u00e8re doux et sucr\u00e9, ajoute une touche de sensualit\u00e9 qui persiste sur la peau, cr\u00e9ant une aura de myst\u00e8re et d&rsquo;attraction.<\/p>\n<p data-start=\"6577\" data-end=\"7237\" data-is-last-node=\"\" data-is-only-node=\"\"><strong data-start=\"6577\" data-end=\"6593\">Romamor Uomo<\/strong> est un parfum qui repr\u00e9sente un homme raffin\u00e9, d\u00e9termin\u00e9, mais capable aussi de montrer son c\u00f4t\u00e9 romantique et sensible. Adapt\u00e9 \u00e0 toutes les occasions, d&rsquo;une r\u00e9union d&rsquo;affaires \u00e0 une soir\u00e9e sp\u00e9ciale, ce parfum est id\u00e9al pour ceux qui recherchent une fragrance m\u00e9morable mais jamais envahissante. Il est parfait pour l&rsquo;homme qui souhaite une essence polyvalente, qui l&rsquo;accompagne avec discr\u00e9tion tout en lui permettant de se sentir au centre de l&rsquo;attention \u00e0 chaque moment de la journ\u00e9e. <strong data-start=\"7081\" data-end=\"7097\">Romamor Uomo<\/strong> est l&rsquo;incarnation du charisme et du style, un parfum qui ne passe pas inaper\u00e7u et qui laisse une marque distinctive en ceux qui le portent.<\/p>\n<\/div>\n<\/div>\n<p data-start=\"1772\" data-end=\"2430\" data-is-last-node=\"\" data-is-only-node=\"\">Follow us! <a href=\"https:\/\/www.instagram.com\/freeshopswiss\/\" target=\"_blank\" rel=\"noopener\">@freeshopswiss<\/a><\/p>\n<div class=\"flex w-full flex-col gap-1 empty:hidden first:pt-[3px]\">\n<p data-start=\"1772\" data-end=\"2430\" data-is-last-node=\"\" data-is-only-node=\"\">\n<\/div>\n<\/div>\n<\/div>\n","protected":false},"excerpt":{"rendered":"<p><em><strong>Eau de Toilette<\/strong><\/em><\/p>\n","protected":false},"featured_media":20365,"comment_status":"open","ping_status":"closed","template":"","meta":[],"pwb-brand":[580],"product_brand":[],"product_cat":[87,89],"product_tag":[141,1629,143,97],"class_list":{"0":"post-20383","1":"product","2":"type-product","3":"status-publish","4":"has-post-thumbnail","6":"pwb-brand-laura-biagiotti","7":"product_cat-parfums","8":"product_cat-pour-lui","9":"product_tag-eau-de-toilette-fr","10":"product_tag-mens-fragrances-fr","11":"product_tag-homme","12":"product_tag-parfums","14":"first","15":"outofstock","16":"sale","17":"taxable","18":"shipping-taxable","19":"purchasable","20":"product-type-simple"},"brands":[{"id":580,"name":"Laura Biagiotti","slug":"laura-biagiotti"}],"_links":{"self":[{"href":"https:\/\/www.freeshopfrontiera.ch\/fr\/wp-json\/wp\/v2\/product\/20383","targetHints":{"allow":["GET"]}}],"collection":[{"href":"https:\/\/www.freeshopfrontiera.ch\/fr\/wp-json\/wp\/v2\/product"}],"about":[{"href":"https:\/\/www.freeshopfrontiera.ch\/fr\/wp-json\/wp\/v2\/types\/product"}],"replies":[{"embeddable":true,"href":"https:\/\/www.freeshopfrontiera.ch\/fr\/wp-json\/wp\/v2\/comments?post=20383"}],"version-history":[{"count":3,"href":"https:\/\/www.freeshopfrontiera.ch\/fr\/wp-json\/wp\/v2\/product\/20383\/revisions"}],"predecessor-version":[{"id":31335,"href":"https:\/\/www.freeshopfrontiera.ch\/fr\/wp-json\/wp\/v2\/product\/20383\/revisions\/31335"}],"wp:featuredmedia":[{"embeddable":true,"href":"https:\/\/www.freeshopfrontiera.ch\/fr\/wp-json\/wp\/v2\/media\/20365"}],"wp:attachment":[{"href":"https:\/\/www.freeshopfrontiera.ch\/fr\/wp-json\/wp\/v2\/media?parent=20383"}],"wp:term":[{"taxonomy":"pwb-brand","embeddable":true,"href":"https:\/\/www.freeshopfrontiera.ch\/fr\/wp-json\/wp\/v2\/pwb-brand?post=20383"},{"taxonomy":"product_brand","embeddable":true,"href":"https:\/\/www.freeshopfrontiera.ch\/fr\/wp-json\/wp\/v2\/product_brand?post=20383"},{"taxonomy":"product_cat","embeddable":true,"href":"https:\/\/www.freeshopfrontiera.ch\/fr\/wp-json\/wp\/v2\/product_cat?post=20383"},{"taxonomy":"product_tag","embeddable":true,"href":"https:\/\/www.freeshopfrontiera.ch\/fr\/wp-json\/wp\/v2\/product_tag?post=20383"}],"curies":[{"name":"wp","href":"https:\/\/api.w.org\/{rel}","templated":true}]}}