{"id":20441,"date":"2025-03-24T08:36:50","date_gmt":"2025-03-24T08:36:50","guid":{"rendered":"https:\/\/freeshopswiss.alesca.org\/shop\/philipp-plein-plein-fatale\/"},"modified":"2025-12-26T00:01:15","modified_gmt":"2025-12-26T00:01:15","slug":"philipp-plein-plein-fatale","status":"publish","type":"product","link":"https:\/\/www.freeshopfrontiera.ch\/fr\/shop\/philipp-plein-plein-fatale\/","title":{"rendered":"PHILIPP PLEIN Plein Fatale"},"content":{"rendered":"<p class=\"\" data-start=\"3151\" data-end=\"3424\"><strong data-start=\"3151\" data-end=\"3167\">Plein Fatale<\/strong> de <strong data-start=\"3171\" data-end=\"3188\">Philipp Plein<\/strong> est un parfum audacieux et magn\u00e9tique, con\u00e7u pour une femme s\u00fbre d\u2019elle, \u00e9l\u00e9gante et irr\u00e9sistible. Cette fragrance exclusive incarne l\u2019esprit de luxe et de r\u00e9bellion de la marque, avec une composition olfactive intense et s\u00e9duisante.<\/p>\n<p class=\"\" data-start=\"3426\" data-end=\"3860\">Les notes de t\u00eate lib\u00e8rent une fra\u00eecheur intrigante, avec des accents fruit\u00e9s et d\u2019agrumes qui captivent d\u00e8s la premi\u00e8re vaporisation. Le c\u0153ur du parfum r\u00e9v\u00e8le un m\u00e9lange floral sophistiqu\u00e9, enrichi de nuances exotiques et sensuelles qui subliment le charme de celle qui le porte. En fond, des notes chaleureuses de vanille, d\u2019ambre et de bois pr\u00e9cieux cr\u00e9ent un sillage persistant et envo\u00fbtant, laissant une impression inoubliable.<\/p>\n<p class=\"\" data-start=\"3862\" data-end=\"4165\">Le design du flacon refl\u00e8te parfaitement le caract\u00e8re luxueux et provocant de cette fragrance. Ses lignes \u00e9l\u00e9gantes et ses d\u00e9tails raffin\u00e9s font de <strong data-start=\"4010\" data-end=\"4026\">Plein Fatale<\/strong> non seulement un parfum, mais aussi un v\u00e9ritable accessoire de mode, id\u00e9al pour celles qui aiment se d\u00e9marquer avec classe et assurance.<\/p>\n<p class=\"\" data-start=\"4167\" data-end=\"4570\">Porter <strong data-start=\"4174\" data-end=\"4204\">Plein Fatale Eau de Parfum<\/strong>, c\u2019est affirmer sa personnalit\u00e9 avec confiance et charme. Parfait pour toutes les occasions, du bureau \u00e0 une soir\u00e9e sp\u00e9ciale, ce parfum est con\u00e7u pour celles qui veulent laisser une empreinte ind\u00e9l\u00e9bile partout o\u00f9 elles vont. Une essence unique, intense et sophistiqu\u00e9e, id\u00e9ale pour celles qui recherchent une touche d\u2019exclusivit\u00e9 dans leur collection de parfums.<\/p>\n<p data-start=\"1089\" data-end=\"1471\">Follow us! <a href=\"https:\/\/www.instagram.com\/freeshopswiss\/\" target=\"_blank\" rel=\"noopener\">@freeshopswiss<\/a><\/p>\n","protected":false},"excerpt":{"rendered":"<p><em><strong>Eau de Parfum<\/strong><\/em><\/p>\n","protected":false},"featured_media":20419,"comment_status":"open","ping_status":"closed","template":"","meta":[],"pwb-brand":[401],"product_brand":[],"product_cat":[87,109],"product_tag":[252,296,789,97],"class_list":{"0":"post-20441","1":"product","2":"type-product","3":"status-publish","4":"has-post-thumbnail","6":"pwb-brand-philipp-plein","7":"product_cat-parfums","8":"product_cat-pour-elle","9":"product_tag-eau-de-parfum-fr","10":"product_tag-femme","11":"product_tag-womens-fragrances-fr","12":"product_tag-parfums","14":"first","15":"instock","16":"sale","17":"taxable","18":"shipping-taxable","19":"purchasable","20":"product-type-variable","21":"has-default-attributes"},"brands":[{"id":401,"name":"Philipp Plein","slug":"philipp-plein"}],"_links":{"self":[{"href":"https:\/\/www.freeshopfrontiera.ch\/fr\/wp-json\/wp\/v2\/product\/20441","targetHints":{"allow":["GET"]}}],"collection":[{"href":"https:\/\/www.freeshopfrontiera.ch\/fr\/wp-json\/wp\/v2\/product"}],"about":[{"href":"https:\/\/www.freeshopfrontiera.ch\/fr\/wp-json\/wp\/v2\/types\/product"}],"replies":[{"embeddable":true,"href":"https:\/\/www.freeshopfrontiera.ch\/fr\/wp-json\/wp\/v2\/comments?post=20441"}],"version-history":[{"count":1,"href":"https:\/\/www.freeshopfrontiera.ch\/fr\/wp-json\/wp\/v2\/product\/20441\/revisions"}],"predecessor-version":[{"id":20452,"href":"https:\/\/www.freeshopfrontiera.ch\/fr\/wp-json\/wp\/v2\/product\/20441\/revisions\/20452"}],"wp:featuredmedia":[{"embeddable":true,"href":"https:\/\/www.freeshopfrontiera.ch\/fr\/wp-json\/wp\/v2\/media\/20419"}],"wp:attachment":[{"href":"https:\/\/www.freeshopfrontiera.ch\/fr\/wp-json\/wp\/v2\/media?parent=20441"}],"wp:term":[{"taxonomy":"pwb-brand","embeddable":true,"href":"https:\/\/www.freeshopfrontiera.ch\/fr\/wp-json\/wp\/v2\/pwb-brand?post=20441"},{"taxonomy":"product_brand","embeddable":true,"href":"https:\/\/www.freeshopfrontiera.ch\/fr\/wp-json\/wp\/v2\/product_brand?post=20441"},{"taxonomy":"product_cat","embeddable":true,"href":"https:\/\/www.freeshopfrontiera.ch\/fr\/wp-json\/wp\/v2\/product_cat?post=20441"},{"taxonomy":"product_tag","embeddable":true,"href":"https:\/\/www.freeshopfrontiera.ch\/fr\/wp-json\/wp\/v2\/product_tag?post=20441"}],"curies":[{"name":"wp","href":"https:\/\/api.w.org\/{rel}","templated":true}]}}