{"id":20477,"date":"2025-03-24T09:06:20","date_gmt":"2025-03-24T09:06:20","guid":{"rendered":"https:\/\/freeshopswiss.alesca.org\/shop\/dsquared2-icon-pour-homme\/"},"modified":"2025-03-24T09:09:11","modified_gmt":"2025-03-24T09:09:11","slug":"dsquared2-icon-pour-homme","status":"publish","type":"product","link":"https:\/\/www.freeshopfrontiera.ch\/fr\/shop\/dsquared2-icon-pour-homme\/","title":{"rendered":"DSQUARED2 Icon Pour Homme"},"content":{"rendered":"<p class=\"\" data-start=\"3207\" data-end=\"3509\"><strong data-start=\"3207\" data-end=\"3226\">Icon Pour Homme<\/strong> de <strong data-start=\"3230\" data-end=\"3243\">DSQUARED2<\/strong> est un parfum raffin\u00e9 et moderne, con\u00e7u pour l\u2019homme qui souhaite se d\u00e9marquer avec style et assurance. Cette fragrance incarne l\u2019essence de la masculinit\u00e9 contemporaine, combinant des notes fra\u00eeches, \u00e9pic\u00e9es et bois\u00e9es dans une composition intense et envo\u00fbtante.<\/p>\n<p class=\"\" data-start=\"3511\" data-end=\"3960\">Les notes de t\u00eate s\u2019ouvrent sur une explosion de fra\u00eecheur, gr\u00e2ce aux agrumes lumineux et aux nuances aromatiques qui apportent \u00e9nergie et vitalit\u00e9. Le c\u0153ur du parfum se d\u00e9veloppe avec un m\u00e9lange d\u2019accords \u00e9pic\u00e9s et floraux, cr\u00e9ant un \u00e9quilibre parfait entre \u00e9l\u00e9gance et sensualit\u00e9. Enfin, les notes de fond r\u00e9v\u00e8lent un caract\u00e8re fort et sophistiqu\u00e9, avec des bois pr\u00e9cieux, de l\u2019ambre et du musc, qui offrent profondeur et une tenue irr\u00e9sistible.<\/p>\n<p class=\"\" data-start=\"3962\" data-end=\"4310\">Le design du flacon, sobre et \u00e9l\u00e9gant, refl\u00e8te parfaitement l\u2019esprit distinctif de <strong data-start=\"4045\" data-end=\"4058\">DSQUARED2<\/strong>, avec des lignes \u00e9pur\u00e9es et des d\u00e9tails raffin\u00e9s qui en font un v\u00e9ritable accessoire de style. <strong data-start=\"4154\" data-end=\"4173\">Icon Pour Homme<\/strong> est id\u00e9al pour toutes les occasions, du jour \u00e0 la nuit, et convient \u00e0 l\u2019homme qui veut laisser une empreinte durable partout o\u00f9 il va.<\/p>\n<p class=\"\" data-start=\"4312\" data-end=\"4671\">Porter <strong data-start=\"4319\" data-end=\"4352\">Icon Pour Homme Eau de Parfum<\/strong>, c\u2019est affirmer son charisme avec d\u00e9termination et charme. Cette fragrance exclusive est parfaite pour ceux qui recherchent un parfum iconique, capable d\u2019exprimer personnalit\u00e9 et caract\u00e8re avec \u00e9l\u00e9gance et modernit\u00e9. Une essence intense et sophistiqu\u00e9e, d\u00e9di\u00e9e \u00e0 l\u2019homme qui aime se d\u00e9marquer avec classe et confiance.<\/p>\n<p data-start=\"1128\" data-end=\"1477\">Follow us! <a href=\"https:\/\/www.instagram.com\/freeshopswiss\/\" target=\"_blank\" rel=\"noopener\">@freeshopswiss<\/a><\/p>\n","protected":false},"excerpt":{"rendered":"<p><em><strong>Eau de Parfum<\/strong><\/em><\/p>\n","protected":false},"featured_media":20461,"comment_status":"open","ping_status":"closed","template":"","meta":[],"pwb-brand":[578],"product_brand":[],"product_cat":[87,89],"product_tag":[252,1629,143,97],"class_list":{"0":"post-20477","1":"product","2":"type-product","3":"status-publish","4":"has-post-thumbnail","6":"pwb-brand-dsquared2","7":"product_cat-parfums","8":"product_cat-pour-lui","9":"product_tag-eau-de-parfum-fr","10":"product_tag-mens-fragrances-fr","11":"product_tag-homme","12":"product_tag-parfums","14":"first","15":"instock","16":"sale","17":"taxable","18":"shipping-taxable","19":"purchasable","20":"product-type-variable","21":"has-default-attributes"},"brands":[{"id":578,"name":"Dsquared2","slug":"dsquared2"}],"_links":{"self":[{"href":"https:\/\/www.freeshopfrontiera.ch\/fr\/wp-json\/wp\/v2\/product\/20477","targetHints":{"allow":["GET"]}}],"collection":[{"href":"https:\/\/www.freeshopfrontiera.ch\/fr\/wp-json\/wp\/v2\/product"}],"about":[{"href":"https:\/\/www.freeshopfrontiera.ch\/fr\/wp-json\/wp\/v2\/types\/product"}],"replies":[{"embeddable":true,"href":"https:\/\/www.freeshopfrontiera.ch\/fr\/wp-json\/wp\/v2\/comments?post=20477"}],"version-history":[{"count":1,"href":"https:\/\/www.freeshopfrontiera.ch\/fr\/wp-json\/wp\/v2\/product\/20477\/revisions"}],"predecessor-version":[{"id":20485,"href":"https:\/\/www.freeshopfrontiera.ch\/fr\/wp-json\/wp\/v2\/product\/20477\/revisions\/20485"}],"wp:featuredmedia":[{"embeddable":true,"href":"https:\/\/www.freeshopfrontiera.ch\/fr\/wp-json\/wp\/v2\/media\/20461"}],"wp:attachment":[{"href":"https:\/\/www.freeshopfrontiera.ch\/fr\/wp-json\/wp\/v2\/media?parent=20477"}],"wp:term":[{"taxonomy":"pwb-brand","embeddable":true,"href":"https:\/\/www.freeshopfrontiera.ch\/fr\/wp-json\/wp\/v2\/pwb-brand?post=20477"},{"taxonomy":"product_brand","embeddable":true,"href":"https:\/\/www.freeshopfrontiera.ch\/fr\/wp-json\/wp\/v2\/product_brand?post=20477"},{"taxonomy":"product_cat","embeddable":true,"href":"https:\/\/www.freeshopfrontiera.ch\/fr\/wp-json\/wp\/v2\/product_cat?post=20477"},{"taxonomy":"product_tag","embeddable":true,"href":"https:\/\/www.freeshopfrontiera.ch\/fr\/wp-json\/wp\/v2\/product_tag?post=20477"}],"curies":[{"name":"wp","href":"https:\/\/api.w.org\/{rel}","templated":true}]}}