{"id":20571,"date":"2025-03-24T10:38:43","date_gmt":"2025-03-24T10:38:43","guid":{"rendered":"https:\/\/freeshopswiss.alesca.org\/shop\/chloe-leau-de-parfum-intense-refillable\/"},"modified":"2025-03-24T11:58:36","modified_gmt":"2025-03-24T11:58:36","slug":"chloe-leau-de-parfum-intense-refillable","status":"publish","type":"product","link":"https:\/\/www.freeshopfrontiera.ch\/fr\/shop\/chloe-leau-de-parfum-intense-refillable\/","title":{"rendered":"CHLOE L&rsquo;Eau de Parfum Intense Refillable"},"content":{"rendered":"<p class=\"\" data-start=\"3403\" data-end=\"3710\"><strong data-start=\"3403\" data-end=\"3436\">Chlo\u00e9 L&rsquo;Eau de Parfum Intense<\/strong> est une fragrance sophistiqu\u00e9e et envo\u00fbtante, cr\u00e9\u00e9e pour une femme qui aime exprimer sa f\u00e9minit\u00e9 avec gr\u00e2ce et d\u00e9termination. Cette version intense du parfum classique de Chlo\u00e9 sublime le charme intemporel, avec un bouquet floral enrichi d&rsquo;accents chauds et enveloppants.<\/p>\n<p class=\"\" data-start=\"3712\" data-end=\"4285\">Les notes de t\u00eate s&rsquo;ouvrent sur une explosion de rose de Damas, symbole d&rsquo;\u00e9l\u00e9gance et de d\u00e9licatesse. Cette fleur embl\u00e9matique, signature de l&rsquo;olfaction de Chlo\u00e9, est mise en valeur par des nuances velout\u00e9es et lumineuses, apportant fra\u00eecheur et l\u00e9g\u00e8ret\u00e9. Au c\u0153ur de la fragrance, des accords sensuels et raffin\u00e9s se m\u00ealent \u00e0 des notes riches et enveloppantes, cr\u00e9ant un \u00e9quilibre harmonieux entre intensit\u00e9 et raffinement. La base r\u00e9v\u00e8le un caract\u00e8re profond et enveloppant, avec des accents de vanille et de f\u00e8ve tonka qui apportent chaleur et une tra\u00een\u00e9e irr\u00e9sistible.<\/p>\n<p class=\"\" data-start=\"4287\" data-end=\"4540\">Le flacon, au design iconique et intemporel, est orn\u00e9 d&rsquo;une teinte ambr\u00e9e \u00e9l\u00e9gante qui refl\u00e8te la richesse du parfum. Le ruban nou\u00e9 \u00e0 la main autour du col de la bouteille ajoute une touche artisanale et romantique, caract\u00e9ristique de l&rsquo;univers Chlo\u00e9.<\/p>\n<p class=\"\" data-start=\"4542\" data-end=\"4947\"><strong data-start=\"4542\" data-end=\"4575\">Chlo\u00e9 L&rsquo;Eau de Parfum Intense<\/strong> est parfait pour les femmes qui recherchent une fragrance distinctive, capable d&rsquo;exprimer caract\u00e8re et gr\u00e2ce avec une tra\u00een\u00e9e intense et enveloppante. Id\u00e9al pour toutes les occasions, du quotidien aux \u00e9v\u00e9nements sp\u00e9ciaux, ce parfum c\u00e9l\u00e8bre la beaut\u00e9 authentique et le raffinement. Une essence \u00e9l\u00e9gante et intemporelle pour une femme confiante et au charme irr\u00e9sistible.<\/p>\n<p data-start=\"1245\" data-end=\"1654\">Follow us! <a href=\"https:\/\/www.instagram.com\/freeshopswiss\/\" target=\"_blank\" rel=\"noopener\">@freeshopswiss<\/a><\/p>\n","protected":false},"excerpt":{"rendered":"<p><em><strong>Eau de Parfum<\/strong><\/em><\/p>\n","protected":false},"featured_media":20507,"comment_status":"open","ping_status":"closed","template":"","meta":[],"pwb-brand":[239],"product_brand":[],"product_cat":[87,109,4195],"product_tag":[252,296,5050,789,97,5074,4367],"class_list":{"0":"post-20571","1":"product","2":"type-product","3":"status-publish","4":"has-post-thumbnail","6":"pwb-brand-chloe","7":"product_cat-parfums","8":"product_cat-pour-elle","9":"product_cat-parfums-offer","10":"product_tag-eau-de-parfum-fr","11":"product_tag-femme","12":"product_tag-fete-des-meres","13":"product_tag-womens-fragrances-fr","14":"product_tag-parfums","15":"product_tag-parfums-pour-la-fete-des-meres","16":"product_tag-special-printemps","18":"first","19":"instock","20":"sale","21":"taxable","22":"shipping-taxable","23":"purchasable","24":"product-type-variable","25":"has-default-attributes"},"brands":[{"id":239,"name":"Chloe","slug":"chloe"}],"_links":{"self":[{"href":"https:\/\/www.freeshopfrontiera.ch\/fr\/wp-json\/wp\/v2\/product\/20571","targetHints":{"allow":["GET"]}}],"collection":[{"href":"https:\/\/www.freeshopfrontiera.ch\/fr\/wp-json\/wp\/v2\/product"}],"about":[{"href":"https:\/\/www.freeshopfrontiera.ch\/fr\/wp-json\/wp\/v2\/types\/product"}],"replies":[{"embeddable":true,"href":"https:\/\/www.freeshopfrontiera.ch\/fr\/wp-json\/wp\/v2\/comments?post=20571"}],"version-history":[{"count":3,"href":"https:\/\/www.freeshopfrontiera.ch\/fr\/wp-json\/wp\/v2\/product\/20571\/revisions"}],"predecessor-version":[{"id":20586,"href":"https:\/\/www.freeshopfrontiera.ch\/fr\/wp-json\/wp\/v2\/product\/20571\/revisions\/20586"}],"wp:featuredmedia":[{"embeddable":true,"href":"https:\/\/www.freeshopfrontiera.ch\/fr\/wp-json\/wp\/v2\/media\/20507"}],"wp:attachment":[{"href":"https:\/\/www.freeshopfrontiera.ch\/fr\/wp-json\/wp\/v2\/media?parent=20571"}],"wp:term":[{"taxonomy":"pwb-brand","embeddable":true,"href":"https:\/\/www.freeshopfrontiera.ch\/fr\/wp-json\/wp\/v2\/pwb-brand?post=20571"},{"taxonomy":"product_brand","embeddable":true,"href":"https:\/\/www.freeshopfrontiera.ch\/fr\/wp-json\/wp\/v2\/product_brand?post=20571"},{"taxonomy":"product_cat","embeddable":true,"href":"https:\/\/www.freeshopfrontiera.ch\/fr\/wp-json\/wp\/v2\/product_cat?post=20571"},{"taxonomy":"product_tag","embeddable":true,"href":"https:\/\/www.freeshopfrontiera.ch\/fr\/wp-json\/wp\/v2\/product_tag?post=20571"}],"curies":[{"name":"wp","href":"https:\/\/api.w.org\/{rel}","templated":true}]}}