{"id":20617,"date":"2025-03-24T14:16:46","date_gmt":"2025-03-24T14:16:46","guid":{"rendered":"https:\/\/freeshopswiss.alesca.org\/shop\/michael-kors-gorgeous\/"},"modified":"2025-03-24T14:22:50","modified_gmt":"2025-03-24T14:22:50","slug":"michael-kors-gorgeous","status":"publish","type":"product","link":"https:\/\/www.freeshopfrontiera.ch\/fr\/shop\/michael-kors-gorgeous\/","title":{"rendered":"MICHAEL KORS Gorgeous!"},"content":{"rendered":"<p class=\"\" data-start=\"2978\" data-end=\"3305\"><strong data-start=\"2978\" data-end=\"3018\">Michael Kors Gorgeous! Eau de Parfum<\/strong> est une fragrance audacieuse et sophistiqu\u00e9e, con\u00e7ue pour la femme qui aime se sentir s\u00fbre d\u2019elle, \u00e9l\u00e9gante et irr\u00e9sistiblement f\u00e9minine. Ce parfum incarne la beaut\u00e9 moderne avec un m\u00e9lange harmonieux de notes florales, bois\u00e9es et cr\u00e9meuses, cr\u00e9ant une essence raffin\u00e9e et captivante.<\/p>\n<p class=\"\" data-start=\"3307\" data-end=\"3759\">Les notes de t\u00eate s\u2019ouvrent sur un bouquet floral radieux et vif, o\u00f9 se m\u00ealent des fleurs blanches d\u00e9licates et des accents d\u2019agrumes apportant fra\u00eecheur et \u00e9nergie. Le c\u0153ur du parfum d\u00e9voile une fusion enveloppante de tabac et de notes chaudes, conf\u00e9rant un caract\u00e8re sophistiqu\u00e9 et sensuel. Enfin, les notes de fond se composent de bois pr\u00e9cieux et d\u2019accents doux de musc et de benjoin, cr\u00e9ant un sillage chaud et persistant qui marque les esprits.<\/p>\n<p class=\"\" data-start=\"3761\" data-end=\"4083\">Le design du flacon refl\u00e8te la personnalit\u00e9 affirm\u00e9e et glamour de la fragrance, avec des lignes \u00e9l\u00e9gantes et des d\u00e9tails raffin\u00e9s qui expriment luxe et modernit\u00e9. <strong data-start=\"3925\" data-end=\"3951\">Michael Kors Gorgeous!<\/strong> est le parfum parfait pour toutes les occasions, du jour \u00e0 la nuit, pour une femme qui aime se d\u00e9marquer avec style et assurance.<\/p>\n<p class=\"\" data-start=\"4085\" data-end=\"4310\">Porter <strong data-start=\"4092\" data-end=\"4132\">Michael Kors Gorgeous! Eau de Parfum<\/strong>, c\u2019est c\u00e9l\u00e9brer sa f\u00e9minit\u00e9 avec audace et sophistication. Une essence intemporelle et \u00e9l\u00e9gante pour la femme qui affronte le monde avec d\u00e9termination et un charme irr\u00e9sistible.<\/p>\n<p data-start=\"1172\" data-end=\"1409\">Follow us! <a href=\"https:\/\/www.instagram.com\/freeshopswiss\/\" target=\"_blank\" rel=\"noopener\">@freeshopswiss<\/a><\/p>\n","protected":false},"excerpt":{"rendered":"<p><em><strong>Eau de Parfum<\/strong><\/em><\/p>\n","protected":false},"featured_media":20607,"comment_status":"open","ping_status":"closed","template":"","meta":[],"pwb-brand":[118],"product_brand":[],"product_cat":[87,109],"product_tag":[252,296,789,97],"class_list":{"0":"post-20617","1":"product","2":"type-product","3":"status-publish","4":"has-post-thumbnail","6":"pwb-brand-michael-kors","7":"product_cat-parfums","8":"product_cat-pour-elle","9":"product_tag-eau-de-parfum-fr","10":"product_tag-femme","11":"product_tag-womens-fragrances-fr","12":"product_tag-parfums","14":"first","15":"instock","16":"sale","17":"taxable","18":"shipping-taxable","19":"purchasable","20":"product-type-variable","21":"has-default-attributes"},"brands":[{"id":118,"name":"Michael Kors","slug":"michael-kors"}],"_links":{"self":[{"href":"https:\/\/www.freeshopfrontiera.ch\/fr\/wp-json\/wp\/v2\/product\/20617","targetHints":{"allow":["GET"]}}],"collection":[{"href":"https:\/\/www.freeshopfrontiera.ch\/fr\/wp-json\/wp\/v2\/product"}],"about":[{"href":"https:\/\/www.freeshopfrontiera.ch\/fr\/wp-json\/wp\/v2\/types\/product"}],"replies":[{"embeddable":true,"href":"https:\/\/www.freeshopfrontiera.ch\/fr\/wp-json\/wp\/v2\/comments?post=20617"}],"version-history":[{"count":2,"href":"https:\/\/www.freeshopfrontiera.ch\/fr\/wp-json\/wp\/v2\/product\/20617\/revisions"}],"predecessor-version":[{"id":20628,"href":"https:\/\/www.freeshopfrontiera.ch\/fr\/wp-json\/wp\/v2\/product\/20617\/revisions\/20628"}],"wp:featuredmedia":[{"embeddable":true,"href":"https:\/\/www.freeshopfrontiera.ch\/fr\/wp-json\/wp\/v2\/media\/20607"}],"wp:attachment":[{"href":"https:\/\/www.freeshopfrontiera.ch\/fr\/wp-json\/wp\/v2\/media?parent=20617"}],"wp:term":[{"taxonomy":"pwb-brand","embeddable":true,"href":"https:\/\/www.freeshopfrontiera.ch\/fr\/wp-json\/wp\/v2\/pwb-brand?post=20617"},{"taxonomy":"product_brand","embeddable":true,"href":"https:\/\/www.freeshopfrontiera.ch\/fr\/wp-json\/wp\/v2\/product_brand?post=20617"},{"taxonomy":"product_cat","embeddable":true,"href":"https:\/\/www.freeshopfrontiera.ch\/fr\/wp-json\/wp\/v2\/product_cat?post=20617"},{"taxonomy":"product_tag","embeddable":true,"href":"https:\/\/www.freeshopfrontiera.ch\/fr\/wp-json\/wp\/v2\/product_tag?post=20617"}],"curies":[{"name":"wp","href":"https:\/\/api.w.org\/{rel}","templated":true}]}}