{"id":20656,"date":"2025-03-24T15:01:52","date_gmt":"2025-03-24T15:01:52","guid":{"rendered":"https:\/\/freeshopswiss.alesca.org\/shop\/dolcegabbana-the-one-gold-intense\/"},"modified":"2025-04-09T15:34:15","modified_gmt":"2025-04-09T15:34:15","slug":"dolcegabbana-the-one-gold-intense","status":"publish","type":"product","link":"https:\/\/www.freeshopfrontiera.ch\/fr\/shop\/dolcegabbana-the-one-gold-intense\/","title":{"rendered":"DOLCE&#038;GABBANA Pour Homme Eau de Toilette 125ml"},"content":{"rendered":"<p class=\"\" data-start=\"1535\" data-end=\"1829\"><strong data-start=\"1535\" data-end=\"1579\">Dolce&amp;Gabbana Pour Homme Eau de Toilette<\/strong> incarne l\u2019essence de l\u2019homme italien : \u00e9l\u00e9gant, spontan\u00e9 et charismatique. Un parfum embl\u00e9matique et intemporel qui refl\u00e8te le style et le caract\u00e8re m\u00e9diterran\u00e9en. Pens\u00e9 pour l\u2019homme qui prend soin de lui avec naturel, sans renoncer \u00e0 la sensualit\u00e9.<\/p>\n<p class=\"\" data-start=\"1831\" data-end=\"2220\">La fragrance s\u2019ouvre sur des <strong data-start=\"1860\" data-end=\"1888\">notes d\u2019agrumes fra\u00eeches<\/strong> de bergamote, mandarine, orange et citron, pour une envol\u00e9e vive et lumineuse. Le c\u0153ur r\u00e9v\u00e8le un bouquet aromatique intense m\u00ealant <strong data-start=\"2020\" data-end=\"2056\">lavande, poivre et sauge sclar\u00e9e<\/strong>, dans un accord masculin et raffin\u00e9. Le fond d\u00e9voile des notes chaudes et bois\u00e9es de <strong data-start=\"2142\" data-end=\"2180\">tabac, f\u00e8ve tonka et bois pr\u00e9cieux<\/strong>, pour un sillage sensuel et persistant.<\/p>\n<p class=\"\" data-start=\"2222\" data-end=\"2484\">Dolce&amp;Gabbana Pour Homme est destin\u00e9 \u00e0 l\u2019homme s\u00fbr de lui, qui allie force et sensibilit\u00e9, tradition et modernit\u00e9. Il raconte une histoire de soleil, de mer et de passion m\u00e9diterran\u00e9enne, dans un parfait \u00e9quilibre entre \u00e9l\u00e9gance classique et esprit contemporain.<\/p>\n<p class=\"\" data-start=\"2486\" data-end=\"2678\">Le flacon, sobre et \u00e9l\u00e9gant, refl\u00e8te parfaitement l\u2019essence du parfum : verre \u00e9pais, lignes pures et bouchon bleu nuit. Un design qui \u00e9voque la force et la simplicit\u00e9 de l\u2019homme Dolce&amp;Gabbana.<\/p>\n<p class=\"\" data-start=\"2680\" data-end=\"2891\">Parfait pour le quotidien ou les occasions sp\u00e9ciales, ce parfum marque les esprits avec discr\u00e9tion, r\u00e9v\u00e9lant une \u00e9l\u00e9gance authentique. <strong data-start=\"2815\" data-end=\"2843\">Dolce&amp;Gabbana Pour Homme<\/strong>, plus qu\u2019un parfum : un v\u00e9ritable art de vivre.<\/p>\n<p data-start=\"1942\" data-end=\"2376\">Follow us! <a href=\"https:\/\/www.instagram.com\/freeshopswiss\/\" target=\"_blank\" rel=\"noopener\">@freeshopswiss<\/a><\/p>\n","protected":false},"excerpt":{"rendered":"<p><em><strong>Eau de Parfum<\/strong><\/em><\/p>\n","protected":false},"featured_media":20648,"comment_status":"open","ping_status":"closed","template":"","meta":[],"pwb-brand":[272],"product_brand":[],"product_cat":[87,89],"product_tag":[141,1629,143,97],"class_list":{"0":"post-20656","1":"product","2":"type-product","3":"status-publish","4":"has-post-thumbnail","6":"pwb-brand-dolcegabbana","7":"product_cat-parfums","8":"product_cat-pour-lui","9":"product_tag-eau-de-toilette-fr","10":"product_tag-mens-fragrances-fr","11":"product_tag-homme","12":"product_tag-parfums","14":"first","15":"instock","16":"sale","17":"taxable","18":"shipping-taxable","19":"purchasable","20":"product-type-simple"},"brands":[{"id":272,"name":"Dolce&amp;Gabbana","slug":"dolcegabbana"}],"_links":{"self":[{"href":"https:\/\/www.freeshopfrontiera.ch\/fr\/wp-json\/wp\/v2\/product\/20656","targetHints":{"allow":["GET"]}}],"collection":[{"href":"https:\/\/www.freeshopfrontiera.ch\/fr\/wp-json\/wp\/v2\/product"}],"about":[{"href":"https:\/\/www.freeshopfrontiera.ch\/fr\/wp-json\/wp\/v2\/types\/product"}],"replies":[{"embeddable":true,"href":"https:\/\/www.freeshopfrontiera.ch\/fr\/wp-json\/wp\/v2\/comments?post=20656"}],"version-history":[{"count":4,"href":"https:\/\/www.freeshopfrontiera.ch\/fr\/wp-json\/wp\/v2\/product\/20656\/revisions"}],"predecessor-version":[{"id":24441,"href":"https:\/\/www.freeshopfrontiera.ch\/fr\/wp-json\/wp\/v2\/product\/20656\/revisions\/24441"}],"wp:featuredmedia":[{"embeddable":true,"href":"https:\/\/www.freeshopfrontiera.ch\/fr\/wp-json\/wp\/v2\/media\/20648"}],"wp:attachment":[{"href":"https:\/\/www.freeshopfrontiera.ch\/fr\/wp-json\/wp\/v2\/media?parent=20656"}],"wp:term":[{"taxonomy":"pwb-brand","embeddable":true,"href":"https:\/\/www.freeshopfrontiera.ch\/fr\/wp-json\/wp\/v2\/pwb-brand?post=20656"},{"taxonomy":"product_brand","embeddable":true,"href":"https:\/\/www.freeshopfrontiera.ch\/fr\/wp-json\/wp\/v2\/product_brand?post=20656"},{"taxonomy":"product_cat","embeddable":true,"href":"https:\/\/www.freeshopfrontiera.ch\/fr\/wp-json\/wp\/v2\/product_cat?post=20656"},{"taxonomy":"product_tag","embeddable":true,"href":"https:\/\/www.freeshopfrontiera.ch\/fr\/wp-json\/wp\/v2\/product_tag?post=20656"}],"curies":[{"name":"wp","href":"https:\/\/api.w.org\/{rel}","templated":true}]}}