{"id":20674,"date":"2025-03-24T15:37:35","date_gmt":"2025-03-24T15:37:35","guid":{"rendered":"https:\/\/freeshopswiss.alesca.org\/shop\/abercrombiefitch-naturally-fierce-100ml\/"},"modified":"2025-03-24T15:43:25","modified_gmt":"2025-03-24T15:43:25","slug":"abercrombiefitch-naturally-fierce-100ml","status":"publish","type":"product","link":"https:\/\/www.freeshopfrontiera.ch\/fr\/shop\/abercrombiefitch-naturally-fierce-100ml\/","title":{"rendered":"ABERCROMBIE&#038;FITCH Naturally Fierce 100ml"},"content":{"rendered":"<p class=\"\" data-start=\"4095\" data-end=\"4428\"><strong data-start=\"4095\" data-end=\"4149\">ABERCROMBIE &amp; FITCH Naturally Fierce Eau de Parfum<\/strong> est un parfum audacieux et authentique, con\u00e7u pour une femme confiante qui embrasse son unicit\u00e9 et vit avec passion et libert\u00e9. Inspir\u00e9e par la force de la nature et la beaut\u00e9 sans filtres, cette fragrance incarne un \u00e9quilibre parfait entre fra\u00eecheur, sensualit\u00e9 et caract\u00e8re.<\/p>\n<p class=\"\" data-start=\"4430\" data-end=\"4733\">Le parfum s&rsquo;ouvre sur une explosion vibrante et vivante. Les <strong data-start=\"4491\" data-end=\"4508\">notes de t\u00eate<\/strong> combinent la fra\u00eecheur exotique du <strong data-start=\"4544\" data-end=\"4559\">cactus vert<\/strong>, la vivacit\u00e9 de la <strong data-start=\"4579\" data-end=\"4595\">pamplemousse<\/strong> et la douceur velout\u00e9e de <strong data-start=\"4622\" data-end=\"4633\">l\u2019agave<\/strong>. Une ouverture \u00e9nergisante et radieuse qui transmet une sensation de spontan\u00e9it\u00e9 et de dynamisme.<\/p>\n<p class=\"\" data-start=\"5065\" data-end=\"5441\">Les <strong data-start=\"5069\" data-end=\"5086\">notes de fond<\/strong> apportent de l\u2019intensit\u00e9 et de la persistance \u00e0 la fragrance. <strong data-start=\"5149\" data-end=\"5170\">Le bois de santal<\/strong>, cr\u00e9meux et enveloppant, se marie avec la profondeur du <strong data-start=\"5227\" data-end=\"5238\">v\u00e9tiver<\/strong>, tandis que <strong data-start=\"5251\" data-end=\"5262\">le musc<\/strong> ajoute une touche douce et s\u00e9duisante. Le r\u00e9sultat est une tra\u00een\u00e9e sensuelle et sophistiqu\u00e9e, parfaite pour accompagner chaque moment de la journ\u00e9e avec une \u00e9l\u00e9gance naturelle.<\/p>\n<p class=\"\" data-start=\"5443\" data-end=\"5741\">Le design du flacon refl\u00e8te parfaitement l\u2019esprit de <strong data-start=\"5496\" data-end=\"5516\">Naturally Fierce<\/strong>. Avec ses lignes \u00e9pur\u00e9es et une teinte neutre inspir\u00e9e de la terre, l\u2019emballage \u00e9voque simplicit\u00e9, force et authenticit\u00e9. Un objet raffin\u00e9 et moderne, id\u00e9al pour celles qui appr\u00e9cient la beaut\u00e9 naturelle et sans artifices.<\/p>\n<p class=\"\" data-start=\"5743\" data-end=\"6002\">Parfait pour toutes les occasions, <strong data-start=\"5778\" data-end=\"5832\">ABERCROMBIE &amp; FITCH Naturally Fierce Eau de Parfum<\/strong> est un parfum polyvalent con\u00e7u pour une femme qui vit avec intensit\u00e9 et confiance, laissant toujours une empreinte avec sa pr\u00e9sence magn\u00e9tique et son esprit indomptable.<\/p>\n<p data-start=\"1715\" data-end=\"1968\">Follow us! <a href=\"https:\/\/www.instagram.com\/freeshopswiss\/\" target=\"_blank\" rel=\"noopener\">@freeshopswiss<\/a><\/p>\n","protected":false},"excerpt":{"rendered":"<p><em><strong>Eau de Parfum<\/strong><\/em><\/p>\n","protected":false},"featured_media":20666,"comment_status":"open","ping_status":"closed","template":"","meta":[],"pwb-brand":[288],"product_brand":[],"product_cat":[87,109],"product_tag":[252,296,789,97,4367],"class_list":{"0":"post-20674","1":"product","2":"type-product","3":"status-publish","4":"has-post-thumbnail","6":"pwb-brand-abercrombiefitch","7":"product_cat-parfums","8":"product_cat-pour-elle","9":"product_tag-eau-de-parfum-fr","10":"product_tag-femme","11":"product_tag-womens-fragrances-fr","12":"product_tag-parfums","13":"product_tag-special-printemps","15":"first","16":"instock","17":"sale","18":"taxable","19":"shipping-taxable","20":"purchasable","21":"product-type-simple"},"brands":[{"id":288,"name":"Abercrombie&amp;Fitch","slug":"abercrombiefitch"}],"_links":{"self":[{"href":"https:\/\/www.freeshopfrontiera.ch\/fr\/wp-json\/wp\/v2\/product\/20674","targetHints":{"allow":["GET"]}}],"collection":[{"href":"https:\/\/www.freeshopfrontiera.ch\/fr\/wp-json\/wp\/v2\/product"}],"about":[{"href":"https:\/\/www.freeshopfrontiera.ch\/fr\/wp-json\/wp\/v2\/types\/product"}],"replies":[{"embeddable":true,"href":"https:\/\/www.freeshopfrontiera.ch\/fr\/wp-json\/wp\/v2\/comments?post=20674"}],"version-history":[{"count":2,"href":"https:\/\/www.freeshopfrontiera.ch\/fr\/wp-json\/wp\/v2\/product\/20674\/revisions"}],"predecessor-version":[{"id":20681,"href":"https:\/\/www.freeshopfrontiera.ch\/fr\/wp-json\/wp\/v2\/product\/20674\/revisions\/20681"}],"wp:featuredmedia":[{"embeddable":true,"href":"https:\/\/www.freeshopfrontiera.ch\/fr\/wp-json\/wp\/v2\/media\/20666"}],"wp:attachment":[{"href":"https:\/\/www.freeshopfrontiera.ch\/fr\/wp-json\/wp\/v2\/media?parent=20674"}],"wp:term":[{"taxonomy":"pwb-brand","embeddable":true,"href":"https:\/\/www.freeshopfrontiera.ch\/fr\/wp-json\/wp\/v2\/pwb-brand?post=20674"},{"taxonomy":"product_brand","embeddable":true,"href":"https:\/\/www.freeshopfrontiera.ch\/fr\/wp-json\/wp\/v2\/product_brand?post=20674"},{"taxonomy":"product_cat","embeddable":true,"href":"https:\/\/www.freeshopfrontiera.ch\/fr\/wp-json\/wp\/v2\/product_cat?post=20674"},{"taxonomy":"product_tag","embeddable":true,"href":"https:\/\/www.freeshopfrontiera.ch\/fr\/wp-json\/wp\/v2\/product_tag?post=20674"}],"curies":[{"name":"wp","href":"https:\/\/api.w.org\/{rel}","templated":true}]}}