{"id":20702,"date":"2025-03-24T16:07:51","date_gmt":"2025-03-24T16:07:51","guid":{"rendered":"https:\/\/freeshopswiss.alesca.org\/shop\/creed-centaurus\/"},"modified":"2025-03-24T16:13:42","modified_gmt":"2025-03-24T16:13:42","slug":"creed-centaurus","status":"publish","type":"product","link":"https:\/\/www.freeshopfrontiera.ch\/fr\/shop\/creed-centaurus\/","title":{"rendered":"CREED Centaurus"},"content":{"rendered":"<p class=\"\" data-start=\"4373\" data-end=\"4789\"><strong data-start=\"4373\" data-end=\"4406\">CREED Centaurus Eau de Parfum<\/strong> est un parfum qui incarne la grandeur et la puissance, un hommage \u00e0 la mythologie et \u00e0 la force d&rsquo;un \u00eatre l\u00e9gendaire. Inspir\u00e9 par le centaure, une figure mythologique repr\u00e9sentant l&rsquo;union de l&rsquo;homme et du cheval, ce parfum combine \u00e9l\u00e9gance et audace, cr\u00e9ant un sillage enveloppant et captivant, con\u00e7u pour ceux qui souhaitent se distinguer par leur caract\u00e8re et leur personnalit\u00e9.<\/p>\n<p class=\"\" data-start=\"4791\" data-end=\"5204\">La composition s&rsquo;ouvre sur un accord <strong data-start=\"4828\" data-end=\"4846\">frais et \u00e9pic\u00e9<\/strong> qui attire imm\u00e9diatement l&rsquo;attention. Les <strong data-start=\"4889\" data-end=\"4906\">notes de t\u00eate<\/strong> de <strong data-start=\"4910\" data-end=\"4923\">bergamote<\/strong>, <strong data-start=\"4925\" data-end=\"4935\">citron<\/strong>. Ces notes fra\u00eeches et p\u00e9tillantes sont parfaites pour ceux qui recherchent un parfum offrant imm\u00e9diatement de l&rsquo;\u00e9nergie et de la vitalit\u00e9.<\/p>\n<p class=\"\" data-start=\"5206\" data-end=\"5557\">Au <strong data-start=\"5209\" data-end=\"5217\">c\u0153ur<\/strong>, des <strong data-start=\"5223\" data-end=\"5242\">fleurs blanches<\/strong> telles que le <strong data-start=\"5257\" data-end=\"5267\">jasmin<\/strong> se m\u00e9langent \u00e0 la sensualit\u00e9 du <strong data-start=\"5300\" data-end=\"5313\">patchouli<\/strong> et \u00e0 la fra\u00eecheur du <strong data-start=\"5335\" data-end=\"5342\">lin<\/strong>, cr\u00e9ant un m\u00e9lange sophistiqu\u00e9 et raffin\u00e9. Ce bouquet floral-bois\u00e9 apporte profondeur et myst\u00e8re, tandis que la douceur du jasmin fusionne avec la terreur du patchouli, ajoutant une touche de s\u00e9duction naturelle.<\/p>\n<p class=\"\" data-start=\"5559\" data-end=\"5910\">Les <strong data-start=\"5563\" data-end=\"5580\">notes de fond<\/strong> d\u00e9veloppent une riche et chaude empreinte bois\u00e9e. Le <strong data-start=\"5634\" data-end=\"5651\">bois de c\u00e8dre<\/strong>, le <strong data-start=\"5656\" data-end=\"5667\">v\u00e9tiver<\/strong> et l&rsquo;<strong data-start=\"5673\" data-end=\"5682\">ambre<\/strong> cr\u00e9ent une sensation enveloppante et puissante, qui persiste sur la peau pendant des heures. Le <strong data-start=\"5779\" data-end=\"5787\">musc<\/strong> et la <strong data-start=\"5794\" data-end=\"5805\">vanille<\/strong> ajoutent une douceur raffin\u00e9e, rendant la fragrance douce et enveloppante, tout en restant audacieuse.<\/p>\n<p class=\"\" data-start=\"5912\" data-end=\"6104\">Le flacon, \u00e9l\u00e9gant et raffin\u00e9, refl\u00e8te la noblesse de <strong data-start=\"5966\" data-end=\"5985\">CREED Centaurus<\/strong>. Sa forme raffin\u00e9e et la couleur profonde du verre symbolisent le myst\u00e8re et la puissance qui d\u00e9finissent ce parfum.<\/p>\n<p class=\"\" data-start=\"6106\" data-end=\"6418\"><strong data-start=\"6106\" data-end=\"6139\">CREED Centaurus Eau de Parfum<\/strong> est con\u00e7u pour l&rsquo;homme qui souhaite un parfum distinctif, qui communique force et style, tout en conservant une aura de raffinement et de classe. Parfait pour les occasions sp\u00e9ciales et pour ceux qui souhaitent laisser une marque ind\u00e9l\u00e9bile avec un parfum unique et enveloppant.<\/p>\n<p data-start=\"1799\" data-end=\"2105\">Follow us! <a href=\"https:\/\/www.instagram.com\/freeshopswiss\/\" target=\"_blank\" rel=\"noopener\">@freeshopswiss<\/a><\/p>\n","protected":false},"excerpt":{"rendered":"<p><em><strong>Eau de Parfum\u00a0<\/strong><\/em><\/p>\n","protected":false},"featured_media":20688,"comment_status":"open","ping_status":"closed","template":"","meta":[],"pwb-brand":[403],"product_brand":[],"product_cat":[87,109,89],"product_tag":[252,296,789,1629,143,97,594],"class_list":{"0":"post-20702","1":"product","2":"type-product","3":"status-publish","4":"has-post-thumbnail","6":"pwb-brand-creed","7":"product_cat-parfums","8":"product_cat-pour-elle","9":"product_cat-pour-lui","10":"product_tag-eau-de-parfum-fr","11":"product_tag-femme","12":"product_tag-womens-fragrances-fr","13":"product_tag-mens-fragrances-fr","14":"product_tag-homme","15":"product_tag-parfums","16":"product_tag-unisex-fr-2","18":"first","19":"instock","20":"taxable","21":"shipping-taxable","22":"purchasable","23":"product-type-variable","24":"has-default-attributes"},"brands":[{"id":403,"name":"Creed","slug":"creed"}],"_links":{"self":[{"href":"https:\/\/www.freeshopfrontiera.ch\/fr\/wp-json\/wp\/v2\/product\/20702","targetHints":{"allow":["GET"]}}],"collection":[{"href":"https:\/\/www.freeshopfrontiera.ch\/fr\/wp-json\/wp\/v2\/product"}],"about":[{"href":"https:\/\/www.freeshopfrontiera.ch\/fr\/wp-json\/wp\/v2\/types\/product"}],"replies":[{"embeddable":true,"href":"https:\/\/www.freeshopfrontiera.ch\/fr\/wp-json\/wp\/v2\/comments?post=20702"}],"version-history":[{"count":2,"href":"https:\/\/www.freeshopfrontiera.ch\/fr\/wp-json\/wp\/v2\/product\/20702\/revisions"}],"predecessor-version":[{"id":20711,"href":"https:\/\/www.freeshopfrontiera.ch\/fr\/wp-json\/wp\/v2\/product\/20702\/revisions\/20711"}],"wp:featuredmedia":[{"embeddable":true,"href":"https:\/\/www.freeshopfrontiera.ch\/fr\/wp-json\/wp\/v2\/media\/20688"}],"wp:attachment":[{"href":"https:\/\/www.freeshopfrontiera.ch\/fr\/wp-json\/wp\/v2\/media?parent=20702"}],"wp:term":[{"taxonomy":"pwb-brand","embeddable":true,"href":"https:\/\/www.freeshopfrontiera.ch\/fr\/wp-json\/wp\/v2\/pwb-brand?post=20702"},{"taxonomy":"product_brand","embeddable":true,"href":"https:\/\/www.freeshopfrontiera.ch\/fr\/wp-json\/wp\/v2\/product_brand?post=20702"},{"taxonomy":"product_cat","embeddable":true,"href":"https:\/\/www.freeshopfrontiera.ch\/fr\/wp-json\/wp\/v2\/product_cat?post=20702"},{"taxonomy":"product_tag","embeddable":true,"href":"https:\/\/www.freeshopfrontiera.ch\/fr\/wp-json\/wp\/v2\/product_tag?post=20702"}],"curies":[{"name":"wp","href":"https:\/\/api.w.org\/{rel}","templated":true}]}}