{"id":20743,"date":"2025-03-24T16:38:11","date_gmt":"2025-03-24T16:38:11","guid":{"rendered":"https:\/\/freeshopswiss.alesca.org\/shop\/thierry-mugler-angel-elixir\/"},"modified":"2025-03-24T16:52:20","modified_gmt":"2025-03-24T16:52:20","slug":"thierry-mugler-angel-elixir","status":"publish","type":"product","link":"https:\/\/www.freeshopfrontiera.ch\/fr\/shop\/thierry-mugler-angel-elixir\/","title":{"rendered":"THIERRY MUGLER Angel Elixir"},"content":{"rendered":"<p class=\"\" data-start=\"4631\" data-end=\"5045\"><strong data-start=\"4631\" data-end=\"4676\">THIERRY MUGLER Angel Elixir Eau de Parfum<\/strong> est un parfum qui capture l&rsquo;essence d&rsquo;un r\u00eave sensuel et myst\u00e9rieux, enveloppant celle qui le porte dans une aura irr\u00e9sistible de charme.<\/p>\n<p class=\"\" data-start=\"5047\" data-end=\"5372\">Le voyage olfactif de <strong data-start=\"5069\" data-end=\"5085\">Angel Elixir<\/strong> commence par une <strong data-start=\"5103\" data-end=\"5141\">note de t\u00eate fra\u00eeche et p\u00e9tillante<\/strong>, o\u00f9 la <strong data-start=\"5149\" data-end=\"5162\">bergamote<\/strong> et la <strong data-start=\"5169\" data-end=\"5182\">mandarine<\/strong> se m\u00e9langent dans une explosion de lumi\u00e8re qui stimule les sens. Ces notes de fruits frais et vibrants cr\u00e9ent une base parfaite pour la complexit\u00e9 du parfum, offrant un d\u00e9but vif et joyeux.<\/p>\n<p class=\"\" data-start=\"5374\" data-end=\"5776\">Au <strong data-start=\"5377\" data-end=\"5385\">c\u0153ur<\/strong>, une riche et profonde note florale de <strong data-start=\"5425\" data-end=\"5442\">jasmin sambac<\/strong> \u00e9merge, ajoutant une touche de sensualit\u00e9 et de douceur. L&rsquo;intensit\u00e9 de la note florale est \u00e9quilibr\u00e9e par un accord de <strong data-start=\"5563\" data-end=\"5582\">fleur d&rsquo;oranger<\/strong>, qui apporte fra\u00eecheur et \u00e9clat, \u00e9voquant la puret\u00e9 de la nature. Cette combinaison florale donne au parfum un caract\u00e8re raffin\u00e9, parfait pour une femme qui aime \u00eatre sensuelle et sophistiqu\u00e9e.<\/p>\n<p class=\"\" data-start=\"5778\" data-end=\"6242\">Les <strong data-start=\"5782\" data-end=\"5799\">notes de fond<\/strong> sont ce qui donne \u00e0 <strong data-start=\"5820\" data-end=\"5836\">Angel Elixir<\/strong> sa long\u00e9vit\u00e9 et sa profondeur. Un m\u00e9lange de <strong data-start=\"5882\" data-end=\"5899\">bois de c\u00e8dre<\/strong>, <strong data-start=\"5901\" data-end=\"5910\">ambre<\/strong> et <strong data-start=\"5914\" data-end=\"5922\">musc<\/strong> enveloppe la peau dans une \u00e9treinte chaleureuse et enveloppante, donnant au parfum une finition sensuelle et enveloppante. La douceur du <strong data-start=\"6060\" data-end=\"6071\">caramel<\/strong> et la note gourmande de <strong data-start=\"6096\" data-end=\"6107\">vanille<\/strong> ajoutent une touche irr\u00e9sistible, tandis que le <strong data-start=\"6156\" data-end=\"6169\">patchouli<\/strong> offre une profondeur myst\u00e9rieuse, rendant ce parfum unique et captivant.<\/p>\n<p class=\"\" data-start=\"6244\" data-end=\"6456\">Le flacon, qui rappelle la forme iconique de l&rsquo;\u00e9toile, est un hommage \u00e0 l&rsquo;univers onirique et fantastique que le parfum cr\u00e9e. Son \u00e9clat et son design moderne refl\u00e8tent l&rsquo;\u00e9l\u00e9gance intemporelle de <strong data-start=\"6439\" data-end=\"6455\">Angel Elixir<\/strong>.<\/p>\n<p class=\"\" data-start=\"6458\" data-end=\"6743\"><strong data-start=\"6458\" data-end=\"6489\">THIERRY MUGLER Angel Elixir<\/strong> est un parfum qui capture l&rsquo;\u00e2me, une exp\u00e9rience sensorielle unique pour une femme qui souhaite explorer de nouvelles dimensions du d\u00e9sir et de la s\u00e9duction. Un parfum pour celles qui n&rsquo;ont pas peur de se laisser aller et de vivre leur r\u00eave avec passion.<\/p>\n<p data-start=\"1970\" data-end=\"2248\">Follow us! <a href=\"https:\/\/www.instagram.com\/freeshopswiss\/\" target=\"_blank\" rel=\"noopener\">@freeshopswiss<\/a><\/p>\n","protected":false},"excerpt":{"rendered":"<p><em><strong>Eau de Parfum<\/strong><\/em><\/p>\n","protected":false},"featured_media":20728,"comment_status":"open","ping_status":"closed","template":"","meta":[],"pwb-brand":[395],"product_brand":[],"product_cat":[87,109],"product_tag":[252,296,789,97],"class_list":{"0":"post-20743","1":"product","2":"type-product","3":"status-publish","4":"has-post-thumbnail","6":"pwb-brand-thierry-mugler","7":"product_cat-parfums","8":"product_cat-pour-elle","9":"product_tag-eau-de-parfum-fr","10":"product_tag-femme","11":"product_tag-womens-fragrances-fr","12":"product_tag-parfums","14":"first","15":"instock","16":"sale","17":"taxable","18":"shipping-taxable","19":"purchasable","20":"product-type-variable","21":"has-default-attributes"},"brands":[{"id":395,"name":"Thierry Mugler","slug":"thierry-mugler"}],"_links":{"self":[{"href":"https:\/\/www.freeshopfrontiera.ch\/fr\/wp-json\/wp\/v2\/product\/20743","targetHints":{"allow":["GET"]}}],"collection":[{"href":"https:\/\/www.freeshopfrontiera.ch\/fr\/wp-json\/wp\/v2\/product"}],"about":[{"href":"https:\/\/www.freeshopfrontiera.ch\/fr\/wp-json\/wp\/v2\/types\/product"}],"replies":[{"embeddable":true,"href":"https:\/\/www.freeshopfrontiera.ch\/fr\/wp-json\/wp\/v2\/comments?post=20743"}],"version-history":[{"count":2,"href":"https:\/\/www.freeshopfrontiera.ch\/fr\/wp-json\/wp\/v2\/product\/20743\/revisions"}],"predecessor-version":[{"id":20757,"href":"https:\/\/www.freeshopfrontiera.ch\/fr\/wp-json\/wp\/v2\/product\/20743\/revisions\/20757"}],"wp:featuredmedia":[{"embeddable":true,"href":"https:\/\/www.freeshopfrontiera.ch\/fr\/wp-json\/wp\/v2\/media\/20728"}],"wp:attachment":[{"href":"https:\/\/www.freeshopfrontiera.ch\/fr\/wp-json\/wp\/v2\/media?parent=20743"}],"wp:term":[{"taxonomy":"pwb-brand","embeddable":true,"href":"https:\/\/www.freeshopfrontiera.ch\/fr\/wp-json\/wp\/v2\/pwb-brand?post=20743"},{"taxonomy":"product_brand","embeddable":true,"href":"https:\/\/www.freeshopfrontiera.ch\/fr\/wp-json\/wp\/v2\/product_brand?post=20743"},{"taxonomy":"product_cat","embeddable":true,"href":"https:\/\/www.freeshopfrontiera.ch\/fr\/wp-json\/wp\/v2\/product_cat?post=20743"},{"taxonomy":"product_tag","embeddable":true,"href":"https:\/\/www.freeshopfrontiera.ch\/fr\/wp-json\/wp\/v2\/product_tag?post=20743"}],"curies":[{"name":"wp","href":"https:\/\/api.w.org\/{rel}","templated":true}]}}