{"id":20824,"date":"2025-03-25T10:39:13","date_gmt":"2025-03-25T10:39:13","guid":{"rendered":"https:\/\/freeshopswiss.alesca.org\/shop\/pupa-made-to-last-definition-eyes\/"},"modified":"2025-03-25T10:42:55","modified_gmt":"2025-03-25T10:42:55","slug":"pupa-made-to-last-definition-eyes","status":"publish","type":"product","link":"https:\/\/www.freeshopfrontiera.ch\/fr\/shop\/pupa-made-to-last-definition-eyes\/","title":{"rendered":"PUPA Made to Last Definition Eyes Automatic Eye Pencil WP &#8211; 100 Deep Black"},"content":{"rendered":"<article class=\"group\/turn w-full text-token-text-primary focus-visible:outline-none\" dir=\"auto\" tabindex=\"-1\" data-testid=\"conversation-turn-32\" data-scroll-anchor=\"true\">\n<div class=\"text-base my-auto mx-auto py-5 px-6\">\n<div class=\"mx-auto flex flex-1 text-base gap-4 md:gap-5 lg:gap-6 md:max-w-3xl lg:max-w-[40rem] xl:max-w-[48rem]\">\n<div class=\"group\/conversation-turn relative flex w-full min-w-0 flex-col agent-turn @xs\/thread:px-0 @sm\/thread:px-1.5 @md\/thread:px-4\">\n<div class=\"relative flex-col gap-1 md:gap-3\">\n<div class=\"flex max-w-full flex-col flex-grow\">\n<div class=\"min-h-8 text-message relative flex w-full flex-col items-end gap-2 whitespace-normal break-words text-start [.text-message+&amp;]:mt-5\" dir=\"auto\" data-message-author-role=\"assistant\" data-message-id=\"32634bdc-f33f-4f8f-abdb-2533428be785\" data-message-model-slug=\"gpt-4o-mini\">\n<div class=\"flex w-full flex-col gap-1 empty:hidden first:pt-[3px]\">\n<div class=\"markdown prose w-full break-words dark:prose-invert light\">\n<p class=\"\" data-start=\"3785\" data-end=\"4733\">Le <strong data-start=\"3788\" data-end=\"3866\">PUPA Made to Last Definition Eyes Automatic Eye Pencil WP &#8211; 100 Deep Black<\/strong> est un eyeliner automatique innovant et longue tenue, id\u00e9al pour celles qui recherchent un maquillage des yeux impeccable qui dure toute la journ\u00e9e. Sa formule waterproof est con\u00e7ue pour offrir une tenue exceptionnelle jusqu&rsquo;\u00e0 24 heures, r\u00e9sistant \u00e0 la transpiration, \u00e0 la pluie et aux conditions m\u00e9t\u00e9orologiques difficiles, sans bavures ni perte d&rsquo;intensit\u00e9. La couleur <strong data-start=\"4238\" data-end=\"4256\">100 Deep Black<\/strong> est un noir profond et intense, qui d\u00e9finit le regard de mani\u00e8re audacieuse et sophistiqu\u00e9e, parfait pour celles qui veulent un look \u00e9l\u00e9gant, mais aussi pour celles qui aiment un maquillage des yeux plus dramatique. La texture douce et cr\u00e9meuse du <strong data-start=\"4505\" data-end=\"4563\">PUPA Made to Last Definition Eyes Automatic Eye Pencil<\/strong> glisse facilement sur la peau, offrant une couleur intense d\u00e8s la premi\u00e8re application et une texture fluide, sans tirer ni irriter la peau d\u00e9licate du contour des yeux.<\/p>\n<p class=\"\" data-start=\"4735\" data-end=\"5306\">Cet eyeliner automatique est con\u00e7u pour une pr\u00e9cision totale : sa mine permet de tracer des lignes fines et d\u00e9finies, mais peut \u00e9galement \u00eatre estomp\u00e9e pour cr\u00e9er un look plus intense et audacieux, selon les pr\u00e9f\u00e9rences. Gr\u00e2ce \u00e0 sa formule hautement pigment\u00e9e, la couleur s&rsquo;intensifie \u00e0 chaque application, vous permettant d&rsquo;ajuster l&rsquo;intensit\u00e9 de l&rsquo;effet en fonction de l&rsquo;occasion ou de votre style personnel. Le crayon automatique pratique ne n\u00e9cessite pas de taille-crayon, ce qui rend l&rsquo;application rapide et facile, id\u00e9ale pour celles qui sont toujours en mouvement.<\/p>\n<p class=\"\" data-start=\"5308\" data-end=\"5779\">Le <strong data-start=\"5311\" data-end=\"5369\">PUPA Made to Last Definition Eyes Automatic Eye Pencil<\/strong> est l&rsquo;alli\u00e9 id\u00e9al pour celles qui recherchent un produit qui non seulement dure longtemps, mais qui offre \u00e9galement un effet d\u00e9fini et sophistiqu\u00e9. Parfait pour toutes les occasions, du maquillage quotidien aux looks plus \u00e9labor\u00e9s pour les soir\u00e9es sp\u00e9ciales, cet eyeliner est id\u00e9al pour celles qui veulent un produit polyvalent et fiable, garantissant un regard pr\u00e9cis, s\u00e9duisant et impeccable sans compromis.<\/p>\n<\/div>\n<\/div>\n<\/div>\n<\/div>\n<div class=\"flex justify-start\"><\/div>\n<\/div>\n<div class=\"absolute\">\n<div class=\"flex items-center justify-center\"><\/div>\n<\/div>\n<\/div>\n<\/div>\n<\/div>\n<\/article>\n<div class=\"pointer-events-none h-px w-px\" aria-hidden=\"true\" data-edge=\"true\"><\/div>\n<p data-start=\"1386\" data-end=\"1829\">Follow us! <a href=\"https:\/\/www.instagram.com\/freeshopswiss\/\" target=\"_blank\" rel=\"noopener\">@freeshopswiss<\/a><\/p>\n","protected":false},"excerpt":{"rendered":"<p>Le PUPA Made to Last Definition Eyes Automatic Eye Pencil WP &#8211; 100 Deep Black est un eyeliner automatique innovant et longue tenue, id\u00e9al pour celles qui recherchent un maquillage des yeux impeccable qui dure toute la journ\u00e9e. Sa formule waterproof est con\u00e7ue pour offrir une tenue exceptionnelle jusqu&rsquo;\u00e0 24 heures, r\u00e9sistant \u00e0 la transpiration, [&hellip;]<\/p>\n","protected":false},"featured_media":20816,"comment_status":"open","ping_status":"closed","template":"","meta":[],"pwb-brand":[581],"product_brand":[],"product_cat":[109,566,536],"product_tag":[296,5050,477,471],"class_list":{"0":"post-20824","1":"product","2":"type-product","3":"status-publish","4":"has-post-thumbnail","6":"pwb-brand-pupa","7":"product_cat-pour-elle","8":"product_cat-make-up-fr-2","9":"product_cat-maquillage-des-yeux","10":"product_tag-femme","11":"product_tag-fete-des-meres","12":"product_tag-maquillage","13":"product_tag-maquillage-des-yeux","15":"first","16":"instock","17":"sale","18":"taxable","19":"shipping-taxable","20":"purchasable","21":"product-type-simple"},"brands":[{"id":581,"name":"Pupa","slug":"pupa"}],"_links":{"self":[{"href":"https:\/\/www.freeshopfrontiera.ch\/fr\/wp-json\/wp\/v2\/product\/20824","targetHints":{"allow":["GET"]}}],"collection":[{"href":"https:\/\/www.freeshopfrontiera.ch\/fr\/wp-json\/wp\/v2\/product"}],"about":[{"href":"https:\/\/www.freeshopfrontiera.ch\/fr\/wp-json\/wp\/v2\/types\/product"}],"replies":[{"embeddable":true,"href":"https:\/\/www.freeshopfrontiera.ch\/fr\/wp-json\/wp\/v2\/comments?post=20824"}],"version-history":[{"count":2,"href":"https:\/\/www.freeshopfrontiera.ch\/fr\/wp-json\/wp\/v2\/product\/20824\/revisions"}],"predecessor-version":[{"id":20828,"href":"https:\/\/www.freeshopfrontiera.ch\/fr\/wp-json\/wp\/v2\/product\/20824\/revisions\/20828"}],"wp:featuredmedia":[{"embeddable":true,"href":"https:\/\/www.freeshopfrontiera.ch\/fr\/wp-json\/wp\/v2\/media\/20816"}],"wp:attachment":[{"href":"https:\/\/www.freeshopfrontiera.ch\/fr\/wp-json\/wp\/v2\/media?parent=20824"}],"wp:term":[{"taxonomy":"pwb-brand","embeddable":true,"href":"https:\/\/www.freeshopfrontiera.ch\/fr\/wp-json\/wp\/v2\/pwb-brand?post=20824"},{"taxonomy":"product_brand","embeddable":true,"href":"https:\/\/www.freeshopfrontiera.ch\/fr\/wp-json\/wp\/v2\/product_brand?post=20824"},{"taxonomy":"product_cat","embeddable":true,"href":"https:\/\/www.freeshopfrontiera.ch\/fr\/wp-json\/wp\/v2\/product_cat?post=20824"},{"taxonomy":"product_tag","embeddable":true,"href":"https:\/\/www.freeshopfrontiera.ch\/fr\/wp-json\/wp\/v2\/product_tag?post=20824"}],"curies":[{"name":"wp","href":"https:\/\/api.w.org\/{rel}","templated":true}]}}