{"id":20870,"date":"2025-03-25T12:30:03","date_gmt":"2025-03-25T12:30:03","guid":{"rendered":"https:\/\/freeshopswiss.alesca.org\/shop\/pupa-vamp-exceptional-volume-mascara\/"},"modified":"2025-03-26T09:50:37","modified_gmt":"2025-03-26T09:50:37","slug":"pupa-vamp-exceptional-volume-mascara","status":"publish","type":"product","link":"https:\/\/www.freeshopfrontiera.ch\/fr\/shop\/pupa-vamp-exceptional-volume-mascara\/","title":{"rendered":"PUPA Vamp! Exceptional Volume Mascara &#8211; Electric Blue"},"content":{"rendered":"<p class=\"\" data-start=\"3945\" data-end=\"4697\">Le <strong data-start=\"3948\" data-end=\"4028\">PUPA Vamp! Exceptional Volume Mascara Exaggerated Lashes 9ml &#8211; Electric Blue<\/strong> est le mascara qui transforme chaque application en un v\u00e9ritable spectacle de volume et de couleur. Parfait pour celles qui recherchent un look audacieux et extraordinaire, cette formule innovante offre un volume intense et exag\u00e9r\u00e9 qui soul\u00e8ve et s\u00e9pare les cils de la racine \u00e0 la pointe, cr\u00e9ant un effet incurv\u00e9 qui dure toute la journ\u00e9e. La couleur <strong data-start=\"4380\" data-end=\"4397\">Electric Blue<\/strong> est un bleu vibrant et \u00e9clatant qui ajoute de la profondeur et de l&rsquo;intensit\u00e9 \u00e0 votre regard, le transformant en une arme unique de s\u00e9duction. Ce mascara n&rsquo;est pas seulement un produit volumisant, mais un v\u00e9ritable accessoire de style pour celles qui veulent se d\u00e9marquer avec une touche de couleur.<\/p>\n<p class=\"\" data-start=\"4699\" data-end=\"5172\">Sa formule cr\u00e9meuse et riche permet une application fluide, sans grumeaux ni alourdissement des cils, offrant un effet allongeant et d\u00e9finissant. L&rsquo;applicateur, con\u00e7u pour la pr\u00e9cision, recouvre chaque cil, m\u00eame les plus petits, en un seul passage. Le r\u00e9sultat est un effet \u00ab\u00a0faux cils\u00a0\u00bb naturel, mais avec un volume exag\u00e9r\u00e9, pour un regard extraordinaire, parfait pour toutes les occasions, des soir\u00e9es sp\u00e9ciales aux journ\u00e9es o\u00f9 vous souhaitez un look audacieux et original.<\/p>\n<p class=\"\" data-start=\"5174\" data-end=\"5890\">Avec le <strong data-start=\"5182\" data-end=\"5262\">PUPA Vamp! Exceptional Volume Mascara Exaggerated Lashes 9ml &#8211; Electric Blue<\/strong>, vos cils non seulement gagnent en volume, mais sont aussi sublim\u00e9s par une couleur \u00e9lectrique qui illumine votre maquillage, rendant votre regard encore plus captivant. Sa formule longue tenue et sa r\u00e9sistance aux bavures garantissent un maquillage parfait toute la journ\u00e9e, sans retouches n\u00e9cessaires. Ce mascara est parfait pour celles qui recherchent du volume, de la longueur et des r\u00e9sultats longue dur\u00e9e, tout en ajoutant une touche d&rsquo;originalit\u00e9 avec une couleur vibrante et audacieuse. Avec le <strong data-start=\"5766\" data-end=\"5780\">PUPA Vamp!<\/strong>, vous aurez un regard qui ne passera pas inaper\u00e7u, pour un charme irr\u00e9sistible et une s\u00e9duction incomparable.<\/p>\n<p data-start=\"1234\" data-end=\"1913\">Follow us!\u00a0<a href=\"https:\/\/www.instagram.com\/freeshopswiss\/\" target=\"_blank\" rel=\"noopener\">@freeshopswiss<\/a><\/p>\n","protected":false},"excerpt":{"rendered":"<p>Le PUPA Vamp! Exceptional Volume Mascara Exaggerated Lashes 9ml &#8211; Electric Blue est le mascara qui transforme chaque application en un v\u00e9ritable spectacle de volume et de couleur. Parfait pour celles qui recherchent un look audacieux et extraordinaire, cette formule innovante offre un volume intense et exag\u00e9r\u00e9 qui soul\u00e8ve et s\u00e9pare les cils de la [&hellip;]<\/p>\n","protected":false},"featured_media":20860,"comment_status":"open","ping_status":"closed","template":"","meta":[],"pwb-brand":[581],"product_brand":[],"product_cat":[109,566,536],"product_tag":[296,5050,477,471,4367],"class_list":{"0":"post-20870","1":"product","2":"type-product","3":"status-publish","4":"has-post-thumbnail","6":"pwb-brand-pupa","7":"product_cat-pour-elle","8":"product_cat-make-up-fr-2","9":"product_cat-maquillage-des-yeux","10":"product_tag-femme","11":"product_tag-fete-des-meres","12":"product_tag-maquillage","13":"product_tag-maquillage-des-yeux","14":"product_tag-special-printemps","16":"first","17":"instock","18":"sale","19":"taxable","20":"shipping-taxable","21":"purchasable","22":"product-type-simple"},"brands":[{"id":581,"name":"Pupa","slug":"pupa"}],"_links":{"self":[{"href":"https:\/\/www.freeshopfrontiera.ch\/fr\/wp-json\/wp\/v2\/product\/20870","targetHints":{"allow":["GET"]}}],"collection":[{"href":"https:\/\/www.freeshopfrontiera.ch\/fr\/wp-json\/wp\/v2\/product"}],"about":[{"href":"https:\/\/www.freeshopfrontiera.ch\/fr\/wp-json\/wp\/v2\/types\/product"}],"replies":[{"embeddable":true,"href":"https:\/\/www.freeshopfrontiera.ch\/fr\/wp-json\/wp\/v2\/comments?post=20870"}],"version-history":[{"count":2,"href":"https:\/\/www.freeshopfrontiera.ch\/fr\/wp-json\/wp\/v2\/product\/20870\/revisions"}],"predecessor-version":[{"id":21071,"href":"https:\/\/www.freeshopfrontiera.ch\/fr\/wp-json\/wp\/v2\/product\/20870\/revisions\/21071"}],"wp:featuredmedia":[{"embeddable":true,"href":"https:\/\/www.freeshopfrontiera.ch\/fr\/wp-json\/wp\/v2\/media\/20860"}],"wp:attachment":[{"href":"https:\/\/www.freeshopfrontiera.ch\/fr\/wp-json\/wp\/v2\/media?parent=20870"}],"wp:term":[{"taxonomy":"pwb-brand","embeddable":true,"href":"https:\/\/www.freeshopfrontiera.ch\/fr\/wp-json\/wp\/v2\/pwb-brand?post=20870"},{"taxonomy":"product_brand","embeddable":true,"href":"https:\/\/www.freeshopfrontiera.ch\/fr\/wp-json\/wp\/v2\/product_brand?post=20870"},{"taxonomy":"product_cat","embeddable":true,"href":"https:\/\/www.freeshopfrontiera.ch\/fr\/wp-json\/wp\/v2\/product_cat?post=20870"},{"taxonomy":"product_tag","embeddable":true,"href":"https:\/\/www.freeshopfrontiera.ch\/fr\/wp-json\/wp\/v2\/product_tag?post=20870"}],"curies":[{"name":"wp","href":"https:\/\/api.w.org\/{rel}","templated":true}]}}