{"id":20953,"date":"2025-03-25T15:16:16","date_gmt":"2025-03-25T15:16:16","guid":{"rendered":"https:\/\/freeshopswiss.alesca.org\/shop\/pupa-made-to-last-definition-lips-automatic-lip-pencil-wp-104-rosewood\/"},"modified":"2025-03-25T15:29:32","modified_gmt":"2025-03-25T15:29:32","slug":"pupa-made-to-last-definition-lips-automatic-lip-pencil-wp-104-rosewood","status":"publish","type":"product","link":"https:\/\/www.freeshopfrontiera.ch\/fr\/shop\/pupa-made-to-last-definition-lips-automatic-lip-pencil-wp-104-rosewood\/","title":{"rendered":"PUPA Made to Last Definition Lips Automatic Lip Pencil WP &#8211; 104 Rosewood"},"content":{"rendered":"<article class=\"group\/turn w-full text-token-text-primary focus-visible:outline-none\" dir=\"auto\" tabindex=\"-1\" data-testid=\"conversation-turn-64\" data-scroll-anchor=\"false\">\n<div class=\"text-base my-auto mx-auto py-5 px-6\">\n<div class=\"mx-auto flex flex-1 text-base gap-4 md:gap-5 lg:gap-6 md:max-w-3xl lg:max-w-[40rem] xl:max-w-[48rem]\">\n<div class=\"group\/conversation-turn relative flex w-full min-w-0 flex-col agent-turn @xs\/thread:px-0 @sm\/thread:px-1.5 @md\/thread:px-4\">\n<div class=\"relative flex-col gap-1 md:gap-3\">\n<div class=\"flex max-w-full flex-col flex-grow\">\n<div class=\"min-h-8 text-message relative flex w-full flex-col items-end gap-2 whitespace-normal break-words text-start [.text-message+&amp;]:mt-5\" dir=\"auto\" data-message-author-role=\"assistant\" data-message-id=\"f9c22ec2-fd64-4e5f-82a3-c92afcdedd9b\" data-message-model-slug=\"gpt-4o\">\n<div class=\"flex w-full flex-col gap-1 empty:hidden first:pt-[3px]\">\n<div class=\"markdown prose w-full break-words dark:prose-invert light\">\n<p class=\"\" data-start=\"4537\" data-end=\"5217\">Le <strong data-start=\"4540\" data-end=\"4616\">PUPA Made to Last Definition Lips Automatic Lip Pencil WP &#8211; 104 Rosewood<\/strong> est le crayon \u00e0 l\u00e8vres automatique id\u00e9al pour un contour parfait et une tenue exceptionnelle. Sa formule innovante, enrichie en pigments intenses et dot\u00e9e d&rsquo;une texture cr\u00e9meuse, garantit une application fluide et confortable, sans bavures ni effacements.<\/p>\n<p class=\"\" data-start=\"4537\" data-end=\"5217\">Sa consistance velout\u00e9e glisse en douceur sur les l\u00e8vres, assurant une r\u00e9partition uniforme de la couleur et un trac\u00e9 pr\u00e9cis pour un r\u00e9sultat professionnel. Con\u00e7u pour celles qui aiment des l\u00e8vres parfaitement d\u00e9finies, ce crayon sublime leur forme naturelle tout en emp\u00eachant le rouge \u00e0 l\u00e8vres de filer ou de s&rsquo;estomper au fil de la journ\u00e9e.<\/p>\n<p class=\"\" data-start=\"5219\" data-end=\"5878\">La teinte <strong data-start=\"5229\" data-end=\"5245\">104 Rosewood<\/strong>, un \u00e9l\u00e9gant bois de rose, est une nuance sophistiqu\u00e9e et polyvalente qui s\u2019adapte \u00e0 diff\u00e9rentes carnations et convient \u00e0 toutes les occasions. Cette couleur naturelle et raffin\u00e9e sublime la teinte des l\u00e8vres, ajoutant d\u00e9finition et profondeur au maquillage. Elle se marie parfaitement avec des rouges \u00e0 l\u00e8vres nude ou ros\u00e9s, mais peut aussi \u00eatre port\u00e9e seule pour un effet mat ultra chic. La finition mate subtile apporte une touche moderne, id\u00e9ale pour un look \u00e9l\u00e9gant en journ\u00e9e ou sophistiqu\u00e9 en soir\u00e9e. Que vous recherchiez une touche discr\u00e8te ou un contour des l\u00e8vres marqu\u00e9, cette nuance s&rsquo;adapte parfaitement \u00e0 votre style.<\/p>\n<p class=\"\" data-start=\"5880\" data-end=\"6475\">Sa formule <strong data-start=\"5891\" data-end=\"5905\">waterproof<\/strong> assure une <strong data-start=\"5917\" data-end=\"5939\">tenue longue dur\u00e9e<\/strong>, r\u00e9sistant \u00e0 la nourriture, aux boissons et aux bavures pour un maquillage impeccable toute la journ\u00e9e. Gr\u00e2ce \u00e0 son <strong data-start=\"6056\" data-end=\"6078\">design automatique<\/strong>, il n\u2019est pas n\u00e9cessaire de tailler le crayon, ce qui le rend pratique et toujours pr\u00eat \u00e0 l\u2019emploi. Sa <strong data-start=\"6182\" data-end=\"6208\">pointe fine et pr\u00e9cise<\/strong> permet de d\u00e9finir facilement le contour des l\u00e8vres, pour un trac\u00e9 net et harmonieux. Son m\u00e9canisme r\u00e9tractable garantit que la quantit\u00e9 id\u00e9ale de produit est toujours disponible, limitant le gaspillage et conservant une pointe aff\u00fbt\u00e9e pour une application pr\u00e9cise.<\/p>\n<p class=\"\" data-start=\"6477\" data-end=\"6846\">Parfait pour celles qui recherchent un maquillage des l\u00e8vres \u00e9l\u00e9gant et longue tenue, le <strong data-start=\"6566\" data-end=\"6642\">PUPA Made to Last Definition Lips Automatic Lip Pencil WP &#8211; 104 Rosewood<\/strong> est l\u2019alli\u00e9 id\u00e9al pour des l\u00e8vres parfaitement d\u00e9finies du matin au soir. Associ\u00e9 \u00e0 votre rouge \u00e0 l\u00e8vres pr\u00e9f\u00e9r\u00e9 ou port\u00e9 seul, il sublime votre routine beaut\u00e9 avec une touche professionnelle et durable.<\/p>\n<p data-start=\"1141\" data-end=\"1378\">\n<\/div>\n<\/div>\n<\/div>\n<\/div>\n<\/div>\n<\/div>\n<\/div>\n<\/div>\n<\/article>\n<p data-start=\"1141\" data-end=\"1378\">Follow us!\u00a0<a href=\"https:\/\/www.instagram.com\/freeshopswiss\/\" target=\"_blank\" rel=\"noopener\">@freeshopswiss<\/a><\/p>\n","protected":false},"excerpt":{"rendered":"<p>Le PUPA Made to Last Definition Lips Automatic Lip Pencil WP &#8211; 104 Rosewood est le crayon \u00e0 l\u00e8vres automatique id\u00e9al pour un contour parfait et une tenue exceptionnelle. Sa formule innovante, enrichie en pigments intenses et dot\u00e9e d&rsquo;une texture cr\u00e9meuse, garantit une application fluide et confortable, sans bavures ni effacements. Sa consistance velout\u00e9e glisse [&hellip;]<\/p>\n","protected":false},"featured_media":20949,"comment_status":"open","ping_status":"closed","template":"","meta":[],"pwb-brand":[581],"product_brand":[],"product_cat":[109,566,536],"product_tag":[296,477,587],"class_list":{"0":"post-20953","1":"product","2":"type-product","3":"status-publish","4":"has-post-thumbnail","6":"pwb-brand-pupa","7":"product_cat-pour-elle","8":"product_cat-make-up-fr-2","9":"product_cat-maquillage-des-yeux","10":"product_tag-femme","11":"product_tag-maquillage","12":"product_tag-maquillage-des-levres-fr","14":"first","15":"instock","16":"sale","17":"taxable","18":"shipping-taxable","19":"purchasable","20":"product-type-simple"},"brands":[{"id":581,"name":"Pupa","slug":"pupa"}],"_links":{"self":[{"href":"https:\/\/www.freeshopfrontiera.ch\/fr\/wp-json\/wp\/v2\/product\/20953","targetHints":{"allow":["GET"]}}],"collection":[{"href":"https:\/\/www.freeshopfrontiera.ch\/fr\/wp-json\/wp\/v2\/product"}],"about":[{"href":"https:\/\/www.freeshopfrontiera.ch\/fr\/wp-json\/wp\/v2\/types\/product"}],"replies":[{"embeddable":true,"href":"https:\/\/www.freeshopfrontiera.ch\/fr\/wp-json\/wp\/v2\/comments?post=20953"}],"version-history":[{"count":4,"href":"https:\/\/www.freeshopfrontiera.ch\/fr\/wp-json\/wp\/v2\/product\/20953\/revisions"}],"predecessor-version":[{"id":20968,"href":"https:\/\/www.freeshopfrontiera.ch\/fr\/wp-json\/wp\/v2\/product\/20953\/revisions\/20968"}],"wp:featuredmedia":[{"embeddable":true,"href":"https:\/\/www.freeshopfrontiera.ch\/fr\/wp-json\/wp\/v2\/media\/20949"}],"wp:attachment":[{"href":"https:\/\/www.freeshopfrontiera.ch\/fr\/wp-json\/wp\/v2\/media?parent=20953"}],"wp:term":[{"taxonomy":"pwb-brand","embeddable":true,"href":"https:\/\/www.freeshopfrontiera.ch\/fr\/wp-json\/wp\/v2\/pwb-brand?post=20953"},{"taxonomy":"product_brand","embeddable":true,"href":"https:\/\/www.freeshopfrontiera.ch\/fr\/wp-json\/wp\/v2\/product_brand?post=20953"},{"taxonomy":"product_cat","embeddable":true,"href":"https:\/\/www.freeshopfrontiera.ch\/fr\/wp-json\/wp\/v2\/product_cat?post=20953"},{"taxonomy":"product_tag","embeddable":true,"href":"https:\/\/www.freeshopfrontiera.ch\/fr\/wp-json\/wp\/v2\/product_tag?post=20953"}],"curies":[{"name":"wp","href":"https:\/\/api.w.org\/{rel}","templated":true}]}}