{"id":21120,"date":"2025-03-26T11:14:23","date_gmt":"2025-03-26T11:14:23","guid":{"rendered":"https:\/\/freeshopswiss.alesca.org\/shop\/lancome-mascara-lash-idole-01-noir\/"},"modified":"2025-03-26T11:19:09","modified_gmt":"2025-03-26T11:19:09","slug":"lancome-mascara-lash-idole-01-noir","status":"publish","type":"product","link":"https:\/\/www.freeshopfrontiera.ch\/fr\/shop\/lancome-mascara-lash-idole-01-noir\/","title":{"rendered":"LANCOME Mascara Lash Idole &#8211; 01 Noir"},"content":{"rendered":"<p class=\"\" data-start=\"8056\" data-end=\"8612\">Le <strong data-start=\"8059\" data-end=\"8099\">LANCOME Mascara Lash Idole &#8211; 01 Noir<\/strong> est le mascara id\u00e9al pour celles et ceux qui souhaitent des cils extraordinairement longs, volumineux et parfaitement s\u00e9par\u00e9s, avec un effet d\u00e9fini qui met en valeur les yeux de mani\u00e8re naturelle et impeccable. Gr\u00e2ce \u00e0 sa formule innovante et l\u00e9g\u00e8re, le mascara offre une couleur intense et profonde sans alourdir les cils, permettant d&rsquo;obtenir des r\u00e9sultats extraordinaires sans compromis. Sa <strong data-start=\"8494\" data-end=\"8512\">texture fluide<\/strong> s&rsquo;applique facilement et uniform\u00e9ment, sans faire de paquets, pour un look sophistiqu\u00e9 et soign\u00e9.<\/p>\n<p class=\"\" data-start=\"8614\" data-end=\"9179\">La <strong data-start=\"8617\" data-end=\"8637\">brosse en fibres<\/strong> de haute qualit\u00e9 est con\u00e7ue pour d\u00e9m\u00ealer et s\u00e9parer chaque cil, offrant un effet lifting qui ouvre le regard et allonge les cils d\u00e8s la premi\u00e8re application. Sa forme et sa technologie avanc\u00e9e permettent d&rsquo;atteindre m\u00eame les cils les plus courts et difficiles d&rsquo;acc\u00e8s, garantissant une s\u00e9paration parfaite et un r\u00e9sultat naturel, mais volumineux. La teinte <strong data-start=\"8995\" data-end=\"9006\">01 Noir<\/strong>, un noir profond et brillant, sublime tous les types de yeux, donnant un regard intense et magn\u00e9tique sans \u00eatre trop dramatique, mais avec juste ce qu&rsquo;il faut d&rsquo;\u00e9l\u00e9gance.<\/p>\n<p class=\"\" data-start=\"9181\" data-end=\"9747\">Ce mascara est id\u00e9al pour celles et ceux qui recherchent un produit polyvalent offrant des effets <strong data-start=\"9279\" data-end=\"9294\">allongeants<\/strong>, <strong data-start=\"9296\" data-end=\"9311\">volumateurs<\/strong> et <strong data-start=\"9315\" data-end=\"9330\">s\u00e9parateurs<\/strong> en un seul geste, avec une <strong data-start=\"9358\" data-end=\"9386\">long\u00e9vit\u00e9 exceptionnelle<\/strong> qui dure toute la journ\u00e9e sans bavures. Sa <strong data-start=\"9430\" data-end=\"9465\">formule r\u00e9sistante \u00e0 l&rsquo;humidit\u00e9<\/strong> et \u00e0 la sueur assure un maintien impeccable tout au long de la journ\u00e9e, maintenant le look frais et soign\u00e9 sans avoir besoin de retouches. De plus, le produit est con\u00e7u pour ne pas alourdir les cils et conserver une sensation de l\u00e9g\u00e8ret\u00e9 et de confort tout au long de la journ\u00e9e.<\/p>\n<p class=\"\" data-start=\"9749\" data-end=\"10234\">Adapt\u00e9 aux yeux sensibles et test\u00e9 ophtalmologiquement, le <strong data-start=\"9808\" data-end=\"9848\">LANCOME Mascara Lash Idole &#8211; 01 Noir<\/strong> est id\u00e9al m\u00eame pour les personnes portant des lentilles de contact ou ayant les yeux d\u00e9licats. Ses propri\u00e9t\u00e9s non seulement subliment les cils, mais prot\u00e8gent \u00e9galement la sant\u00e9 des yeux, les maintenant confortables et sans irritation. Avec ce mascara, vos cils resteront doux, souples et naturellement magnifiques, mais avec un volume et une longueur qui ne passeront pas inaper\u00e7us.<\/p>\n<p class=\"\" data-start=\"10236\" data-end=\"10605\">Si vous recherchez un produit qui combine <strong data-start=\"10278\" data-end=\"10292\">d\u00e9finition<\/strong>, <strong data-start=\"10294\" data-end=\"10306\">longueur<\/strong> et <strong data-start=\"10310\" data-end=\"10320\">volume<\/strong> sans compromettre la l\u00e9g\u00e8ret\u00e9 et le confort, le <strong data-start=\"10369\" data-end=\"10409\">LANCOME Mascara Lash Idole &#8211; 01 Noir<\/strong> est le choix parfait. Avec son r\u00e9sultat impeccable et sa longue tenue, c&rsquo;est le mascara id\u00e9al pour un regard qui dure toute la journ\u00e9e, avec des yeux toujours lumineux, \u00e9l\u00e9gants et magn\u00e9tiques.<\/p>\n<p data-start=\"10236\" data-end=\"10605\">\n<p data-start=\"950\" data-end=\"1203\">Follow us!\u00a0<a href=\"https:\/\/www.instagram.com\/freeshopswiss\/\" target=\"_blank\" rel=\"noopener\">@freeshopswiss<\/a><\/p>\n","protected":false},"excerpt":{"rendered":"<p>Le LANCOME Mascara Lash Idole &#8211; 01 Noir est le mascara id\u00e9al pour celles et ceux qui souhaitent des cils extraordinairement longs, volumineux et parfaitement s\u00e9par\u00e9s, avec un effet d\u00e9fini qui met en valeur les yeux de mani\u00e8re naturelle et impeccable. Gr\u00e2ce \u00e0 sa formule innovante et l\u00e9g\u00e8re, le mascara offre une couleur intense et [&hellip;]<\/p>\n","protected":false},"featured_media":21116,"comment_status":"open","ping_status":"closed","template":"","meta":[],"pwb-brand":[262],"product_brand":[],"product_cat":[109,566,536],"product_tag":[296,477,471],"class_list":{"0":"post-21120","1":"product","2":"type-product","3":"status-publish","4":"has-post-thumbnail","6":"pwb-brand-lancome","7":"product_cat-pour-elle","8":"product_cat-make-up-fr-2","9":"product_cat-maquillage-des-yeux","10":"product_tag-femme","11":"product_tag-maquillage","12":"product_tag-maquillage-des-yeux","14":"first","15":"instock","16":"sale","17":"taxable","18":"shipping-taxable","19":"purchasable","20":"product-type-simple"},"brands":[{"id":262,"name":"Lanc\u00f4me","slug":"lancome"}],"_links":{"self":[{"href":"https:\/\/www.freeshopfrontiera.ch\/fr\/wp-json\/wp\/v2\/product\/21120","targetHints":{"allow":["GET"]}}],"collection":[{"href":"https:\/\/www.freeshopfrontiera.ch\/fr\/wp-json\/wp\/v2\/product"}],"about":[{"href":"https:\/\/www.freeshopfrontiera.ch\/fr\/wp-json\/wp\/v2\/types\/product"}],"replies":[{"embeddable":true,"href":"https:\/\/www.freeshopfrontiera.ch\/fr\/wp-json\/wp\/v2\/comments?post=21120"}],"version-history":[{"count":2,"href":"https:\/\/www.freeshopfrontiera.ch\/fr\/wp-json\/wp\/v2\/product\/21120\/revisions"}],"predecessor-version":[{"id":21124,"href":"https:\/\/www.freeshopfrontiera.ch\/fr\/wp-json\/wp\/v2\/product\/21120\/revisions\/21124"}],"wp:featuredmedia":[{"embeddable":true,"href":"https:\/\/www.freeshopfrontiera.ch\/fr\/wp-json\/wp\/v2\/media\/21116"}],"wp:attachment":[{"href":"https:\/\/www.freeshopfrontiera.ch\/fr\/wp-json\/wp\/v2\/media?parent=21120"}],"wp:term":[{"taxonomy":"pwb-brand","embeddable":true,"href":"https:\/\/www.freeshopfrontiera.ch\/fr\/wp-json\/wp\/v2\/pwb-brand?post=21120"},{"taxonomy":"product_brand","embeddable":true,"href":"https:\/\/www.freeshopfrontiera.ch\/fr\/wp-json\/wp\/v2\/product_brand?post=21120"},{"taxonomy":"product_cat","embeddable":true,"href":"https:\/\/www.freeshopfrontiera.ch\/fr\/wp-json\/wp\/v2\/product_cat?post=21120"},{"taxonomy":"product_tag","embeddable":true,"href":"https:\/\/www.freeshopfrontiera.ch\/fr\/wp-json\/wp\/v2\/product_tag?post=21120"}],"curies":[{"name":"wp","href":"https:\/\/api.w.org\/{rel}","templated":true}]}}